{"id":9102,"date":"2023-05-17T09:41:22","date_gmt":"2023-05-17T07:41:22","guid":{"rendered":"https:\/\/thefactoryconceptstore.com\/?post_type=product&#038;p=9102"},"modified":"2024-12-03T17:13:40","modified_gmt":"2024-12-03T16:13:40","slug":"bearbrick-banksy-monkey-sign-400-100","status":"publish","type":"product","link":"https:\/\/thefactoryconceptstore.com\/fr\/products\/bearbrick-banksy-monkey-sign-400-100\/","title":{"rendered":"BE@RBRICK BANKSY SIGNE SINGE 400% 100% 2021"},"content":{"rendered":"<p>BE@RBRICK BANKSY SIGNE SINGE 400% 100% 2021<\/p>\n<p>L'artiste de rue le plus recherch\u00e9 au monde (Banksy) re\u00e7oit un nouveau traitement en briques.<br \/>\nInspir\u00e9e du motif bien connu \"Laugh Now\", l'une des premi\u00e8res \u0153uvres de Banksy a d'abord \u00e9t\u00e9 command\u00e9e par la bo\u00eete de nuit Ocean Rooms sur Morley Street \u00e0 Brighton.<br \/>\nIl s'agissait \u00e0 l'origine d'une peinture murale \u00e0 la bombe de six m\u00e8tres de long, avec la figure du singe r\u00e9p\u00e9t\u00e9e dix fois de suite pour former une toile de fond au bar de Brighton, et datant de 2003.<\/p>\n<p>Medicom Toy et Brandalised collaborent \u00e0 nouveau sur ce Monkey Sign Be@rbrick.<\/p>\n<p>Medicom Toy utilise la technologie du transfert d'eau pour garantir un placement unique de l'impression sur chaque Be@rbrick. Cela signifie que chaque Be@rbrick de Banksy sera sp\u00e9ciale et unique.<\/p>","protected":false},"excerpt":{"rendered":"<p>BE@RBRICK BANKSY MONKEY SIGN 400% 100% 2021 L'artiste de rue le plus recherch\u00e9 au monde (Banksy) re\u00e7oit un nouveau traitement en bearbrick. Inspir\u00e9e du motif bien connu \"Laugh Now\", l'une des premi\u00e8res \u0153uvres de Banksy a \u00e9t\u00e9 command\u00e9e par la bo\u00eete de nuit Ocean Rooms sur Morley Street \u00e0 Brighton. Il s'agissait \u00e0 l'origine d'une fresque murale de six m\u00e8tres de long, avec la figure ...<\/p>\n<p class=\"read-more\"> <a class=\"\" href=\"https:\/\/thefactoryconceptstore.com\/fr\/products\/bearbrick-banksy-monkey-sign-400-100\/\"> <span class=\"screen-reader-text\">BE@RBRICK BANKSY SIGNE SINGE 400% 100% 2021<\/span> Lire la suite \"<\/a><\/p>","protected":false},"featured_media":9103,"template":"","meta":{"site-sidebar-layout":"default","site-content-layout":"default","ast-global-header-display":"","ast-banner-title-visibility":"","ast-main-header-display":"","ast-hfb-above-header-display":"","ast-hfb-below-header-display":"","ast-hfb-mobile-header-display":"","site-post-title":"","ast-breadcrumbs-content":"","ast-featured-img":"","footer-sml-layout":"","theme-transparent-header-meta":"default","adv-header-id-meta":"","stick-header-meta":"","header-above-stick-meta":"","header-main-stick-meta":"","header-below-stick-meta":""},"product_brand":[],"product_cat":[33],"product_tag":[],"class_list":{"0":"post-9102","1":"product","2":"type-product","3":"status-publish","4":"has-post-thumbnail","6":"product_cat-bearbrick","7":"desktop-align-left","8":"tablet-align-left","9":"mobile-align-left","11":"first","12":"instock","13":"shipping-taxable","14":"purchasable","15":"product-type-simple"},"_links":{"self":[{"href":"https:\/\/thefactoryconceptstore.com\/fr\/wp-json\/wp\/v2\/product\/9102","targetHints":{"allow":["GET"]}}],"collection":[{"href":"https:\/\/thefactoryconceptstore.com\/fr\/wp-json\/wp\/v2\/product"}],"about":[{"href":"https:\/\/thefactoryconceptstore.com\/fr\/wp-json\/wp\/v2\/types\/product"}],"version-history":[{"count":6,"href":"https:\/\/thefactoryconceptstore.com\/fr\/wp-json\/wp\/v2\/product\/9102\/revisions"}],"predecessor-version":[{"id":11000,"href":"https:\/\/thefactoryconceptstore.com\/fr\/wp-json\/wp\/v2\/product\/9102\/revisions\/11000"}],"wp:featuredmedia":[{"embeddable":true,"href":"https:\/\/thefactoryconceptstore.com\/fr\/wp-json\/wp\/v2\/media\/9103"}],"wp:attachment":[{"href":"https:\/\/thefactoryconceptstore.com\/fr\/wp-json\/wp\/v2\/media?parent=9102"}],"wp:term":[{"taxonomy":"product_brand","embeddable":true,"href":"https:\/\/thefactoryconceptstore.com\/fr\/wp-json\/wp\/v2\/product_brand?post=9102"},{"taxonomy":"product_cat","embeddable":true,"href":"https:\/\/thefactoryconceptstore.com\/fr\/wp-json\/wp\/v2\/product_cat?post=9102"},{"taxonomy":"product_tag","embeddable":true,"href":"https:\/\/thefactoryconceptstore.com\/fr\/wp-json\/wp\/v2\/product_tag?post=9102"}],"curies":[{"name":"wp","href":"https:\/\/api.w.org\/{rel}","templated":true}]}}