{"id":9090,"date":"2023-05-17T09:29:24","date_gmt":"2023-05-17T07:29:24","guid":{"rendered":"https:\/\/thefactoryconceptstore.com\/?post_type=product&#038;p=9090"},"modified":"2024-12-03T17:13:56","modified_gmt":"2024-12-03T16:13:56","slug":"bearbrick-hisashi-imai-400-100","status":"publish","type":"product","link":"https:\/\/thefactoryconceptstore.com\/fr\/products\/bearbrick-hisashi-imai-400-100\/","title":{"rendered":"BE@RBRICK HISASHI IMAI 400% 100% 2022"},"content":{"rendered":"<p>BE@RBRICK HISASHI IMAI 400% 100% 2022<\/p>\n<p>Medicom collabore avec Hisashi Imai pour sa derni\u00e8re Be@rbrick. Con\u00e7ue comme un ours noir, elle est orn\u00e9e d'images de guitares rouges et blanches, inspir\u00e9es par le chanteur et auteur-compositeur. Un ours totalement rock ! Medicom Toy utilise la technologie de transfert d'eau pour garantir un placement unique de l'impression sur chaque Be@rbrick. Cela signifie que chaque Be@rbrick sera sp\u00e9ciale et unique.<\/p>\n<p>&nbsp;<\/p>\n<p>&nbsp;<\/p>\n<p>&nbsp;<\/p>","protected":false},"excerpt":{"rendered":"<p>BE@RBRICK HISASHI IMAI 400% 100% 2022 Medicom collabore avec Hisashi Imai pour sa derni\u00e8re Be@rbrick. Con\u00e7ue comme un ours noir, elle est orn\u00e9e d'images de guitares rouges et blanches, inspir\u00e9es par le chanteur et auteur-compositeur. Un ours totalement rock ! Medicom Toy utilise la technologie de transfert d'eau pour garantir un placement unique de l'impression sur chaque Be@rbrick. Cela signifie que ...<\/p>\n<p class=\"read-more\"> <a class=\"\" href=\"https:\/\/thefactoryconceptstore.com\/fr\/products\/bearbrick-hisashi-imai-400-100\/\"> <span class=\"screen-reader-text\">BE@RBRICK HISASHI IMAI 400% 100% 2022<\/span> Lire la suite \"<\/a><\/p>","protected":false},"featured_media":9091,"template":"","meta":{"site-sidebar-layout":"default","site-content-layout":"default","ast-global-header-display":"","ast-banner-title-visibility":"","ast-main-header-display":"","ast-hfb-above-header-display":"","ast-hfb-below-header-display":"","ast-hfb-mobile-header-display":"","site-post-title":"","ast-breadcrumbs-content":"","ast-featured-img":"","footer-sml-layout":"","theme-transparent-header-meta":"default","adv-header-id-meta":"","stick-header-meta":"","header-above-stick-meta":"","header-main-stick-meta":"","header-below-stick-meta":""},"product_brand":[],"product_cat":[33],"product_tag":[],"class_list":{"0":"post-9090","1":"product","2":"type-product","3":"status-publish","4":"has-post-thumbnail","6":"product_cat-bearbrick","7":"desktop-align-left","8":"tablet-align-left","9":"mobile-align-left","11":"first","12":"instock","13":"shipping-taxable","14":"purchasable","15":"product-type-simple"},"_links":{"self":[{"href":"https:\/\/thefactoryconceptstore.com\/fr\/wp-json\/wp\/v2\/product\/9090","targetHints":{"allow":["GET"]}}],"collection":[{"href":"https:\/\/thefactoryconceptstore.com\/fr\/wp-json\/wp\/v2\/product"}],"about":[{"href":"https:\/\/thefactoryconceptstore.com\/fr\/wp-json\/wp\/v2\/types\/product"}],"version-history":[{"count":7,"href":"https:\/\/thefactoryconceptstore.com\/fr\/wp-json\/wp\/v2\/product\/9090\/revisions"}],"predecessor-version":[{"id":10997,"href":"https:\/\/thefactoryconceptstore.com\/fr\/wp-json\/wp\/v2\/product\/9090\/revisions\/10997"}],"wp:featuredmedia":[{"embeddable":true,"href":"https:\/\/thefactoryconceptstore.com\/fr\/wp-json\/wp\/v2\/media\/9091"}],"wp:attachment":[{"href":"https:\/\/thefactoryconceptstore.com\/fr\/wp-json\/wp\/v2\/media?parent=9090"}],"wp:term":[{"taxonomy":"product_brand","embeddable":true,"href":"https:\/\/thefactoryconceptstore.com\/fr\/wp-json\/wp\/v2\/product_brand?post=9090"},{"taxonomy":"product_cat","embeddable":true,"href":"https:\/\/thefactoryconceptstore.com\/fr\/wp-json\/wp\/v2\/product_cat?post=9090"},{"taxonomy":"product_tag","embeddable":true,"href":"https:\/\/thefactoryconceptstore.com\/fr\/wp-json\/wp\/v2\/product_tag?post=9090"}],"curies":[{"name":"wp","href":"https:\/\/api.w.org\/{rel}","templated":true}]}}