{"id":9051,"date":"2023-04-25T20:02:48","date_gmt":"2023-04-25T18:02:48","guid":{"rendered":"https:\/\/thefactoryconceptstore.com\/?post_type=product&#038;p=9051"},"modified":"2024-12-03T17:14:05","modified_gmt":"2024-12-03T16:14:05","slug":"bearbrick-atmos-x-lyft-400-100-2022","status":"publish","type":"product","link":"https:\/\/thefactoryconceptstore.com\/fr\/products\/bearbrick-atmos-x-lyft-400-100-2022\/","title":{"rendered":"BEARBRICK ATMOS X LYFT 400% 100 % 2022"},"content":{"rendered":"<p>Be@rbrick Atmos x Lyft 400% 100%2022<\/p>\n<p>Lyft , une marque de v\u00eatements de fitness cr\u00e9\u00e9e par le mannequin Edward Kato, et Be@rbrick , tr\u00e8s populaire aupr\u00e8s des amateurs de jouets du monde entier, sont des cr\u00e9ations originales r\u00e9alis\u00e9es en collaboration avec Atmos.<\/p>\n<p>Il pr\u00e9sente un corps argent\u00e9 qui incarne la vision du monde de LYFT, des yeux en forme d'halt\u00e8res et un drapeau national imprim\u00e9 au dos qui rappelle la populaire s\u00e9rie de drapeaux.<\/p>\n<p>Medicom Toy utilise la technologie du transfert d'eau pour garantir un placement unique de l'impression sur chaque Be@rbrick. Cela signifie que chaque Be@rbrick sera sp\u00e9ciale et unique.<\/p>\n<p>&nbsp;<\/p>","protected":false},"excerpt":{"rendered":"<p>Be@rbrick Atmos x Lyft 400% 100%2022 Lyft , a fitness apparel brand produced by fitness model Edward Kato, and Be@rbrick , which is hugely popular with toy enthusiasts around the world, come with original Atmos collaboration designs. It features a silver body that embodies LYFT&#8217;s worldview, dumbbell-shaped eyes, and a printed national flag on the &hellip;<\/p>\n<p class=\"read-more\"> <a class=\"\" href=\"https:\/\/thefactoryconceptstore.com\/fr\/products\/bearbrick-atmos-x-lyft-400-100-2022\/\"> <span class=\"screen-reader-text\">BEARBRICK ATMOS X LYFT 400% 100 % 2022<\/span> Lire la suite \"<\/a><\/p>","protected":false},"featured_media":9053,"template":"","meta":{"site-sidebar-layout":"default","site-content-layout":"default","ast-global-header-display":"","ast-banner-title-visibility":"","ast-main-header-display":"","ast-hfb-above-header-display":"","ast-hfb-below-header-display":"","ast-hfb-mobile-header-display":"","site-post-title":"","ast-breadcrumbs-content":"","ast-featured-img":"","footer-sml-layout":"","theme-transparent-header-meta":"default","adv-header-id-meta":"","stick-header-meta":"","header-above-stick-meta":"","header-main-stick-meta":"","header-below-stick-meta":""},"product_brand":[],"product_cat":[33],"product_tag":[],"class_list":{"0":"post-9051","1":"product","2":"type-product","3":"status-publish","4":"has-post-thumbnail","6":"product_cat-bearbrick","7":"desktop-align-left","8":"tablet-align-left","9":"mobile-align-left","11":"first","12":"outofstock","13":"shipping-taxable","14":"purchasable","15":"product-type-simple"},"_links":{"self":[{"href":"https:\/\/thefactoryconceptstore.com\/fr\/wp-json\/wp\/v2\/product\/9051","targetHints":{"allow":["GET"]}}],"collection":[{"href":"https:\/\/thefactoryconceptstore.com\/fr\/wp-json\/wp\/v2\/product"}],"about":[{"href":"https:\/\/thefactoryconceptstore.com\/fr\/wp-json\/wp\/v2\/types\/product"}],"version-history":[{"count":7,"href":"https:\/\/thefactoryconceptstore.com\/fr\/wp-json\/wp\/v2\/product\/9051\/revisions"}],"predecessor-version":[{"id":10995,"href":"https:\/\/thefactoryconceptstore.com\/fr\/wp-json\/wp\/v2\/product\/9051\/revisions\/10995"}],"wp:featuredmedia":[{"embeddable":true,"href":"https:\/\/thefactoryconceptstore.com\/fr\/wp-json\/wp\/v2\/media\/9053"}],"wp:attachment":[{"href":"https:\/\/thefactoryconceptstore.com\/fr\/wp-json\/wp\/v2\/media?parent=9051"}],"wp:term":[{"taxonomy":"product_brand","embeddable":true,"href":"https:\/\/thefactoryconceptstore.com\/fr\/wp-json\/wp\/v2\/product_brand?post=9051"},{"taxonomy":"product_cat","embeddable":true,"href":"https:\/\/thefactoryconceptstore.com\/fr\/wp-json\/wp\/v2\/product_cat?post=9051"},{"taxonomy":"product_tag","embeddable":true,"href":"https:\/\/thefactoryconceptstore.com\/fr\/wp-json\/wp\/v2\/product_tag?post=9051"}],"curies":[{"name":"wp","href":"https:\/\/api.w.org\/{rel}","templated":true}]}}