{"id":9045,"date":"2023-04-25T19:34:43","date_gmt":"2023-04-25T17:34:43","guid":{"rendered":"https:\/\/thefactoryconceptstore.com\/?post_type=product&#038;p=9045"},"modified":"2024-12-03T17:14:13","modified_gmt":"2024-12-03T16:14:13","slug":"bearbrick-pil-400-100-2022","status":"publish","type":"product","link":"https:\/\/thefactoryconceptstore.com\/fr\/products\/bearbrick-pil-400-100-2022\/","title":{"rendered":"BE@RBRICK PIL 400% 100% 2022"},"content":{"rendered":"<p>Be@rbrick Pil 400% 100%<\/p>\n<p>Public Image Limited est un groupe post-punk cr\u00e9\u00e9 par Johnny Rotten lors de la dissolution des Sex Pistols.<\/p>\n<p>Souvent appel\u00e9 PiL, ce c\u00e9l\u00e8bre groupe propose une nouvelle version de son Bearbrick dans une version chrom\u00e9e des plus classieuses. Il s'agit cette fois du set 400% + 100% Be@rbrick PiL, toujours avec ce ventre transparent qui laisse appara\u00eetre de petits tampons bleus qui en font une Be@rbrick surprenante et unique.<\/p>\n<p>Medicom Toy utilise la technologie du transfert d'eau pour garantir un placement unique de l'impression sur chaque be@rbrick. Cela signifie que chaque Be@rbrick sera sp\u00e9ciale et unique.<\/p>","protected":false},"excerpt":{"rendered":"<p>Be@rbrick Pil 400% 100% Public Image Limited est un groupe post punk cr\u00e9\u00e9 par Johnny Rotten lors de la dissolution des Sex Pistols. Souvent appel\u00e9 PiL, ce c\u00e9l\u00e8bre groupe propose une nouvelle version de son Bearbrick dans une version chrom\u00e9e des plus classes. Il s'agit cette fois du set 400% + 100% Be@rbrick PiL, toujours avec cette ...<\/p>\n<p class=\"read-more\"> <a class=\"\" href=\"https:\/\/thefactoryconceptstore.com\/fr\/products\/bearbrick-pil-400-100-2022\/\"> <span class=\"screen-reader-text\">BE@RBRICK PIL 400% 100% 2022<\/span> Lire la suite \"<\/a><\/p>","protected":false},"featured_media":9046,"template":"","meta":{"site-sidebar-layout":"default","site-content-layout":"default","ast-global-header-display":"","ast-banner-title-visibility":"","ast-main-header-display":"","ast-hfb-above-header-display":"","ast-hfb-below-header-display":"","ast-hfb-mobile-header-display":"","site-post-title":"","ast-breadcrumbs-content":"","ast-featured-img":"","footer-sml-layout":"","theme-transparent-header-meta":"default","adv-header-id-meta":"","stick-header-meta":"","header-above-stick-meta":"","header-main-stick-meta":"","header-below-stick-meta":""},"product_brand":[],"product_cat":[33],"product_tag":[],"class_list":{"0":"post-9045","1":"product","2":"type-product","3":"status-publish","4":"has-post-thumbnail","6":"product_cat-bearbrick","7":"desktop-align-left","8":"tablet-align-left","9":"mobile-align-left","11":"first","12":"instock","13":"shipping-taxable","14":"purchasable","15":"product-type-simple"},"_links":{"self":[{"href":"https:\/\/thefactoryconceptstore.com\/fr\/wp-json\/wp\/v2\/product\/9045","targetHints":{"allow":["GET"]}}],"collection":[{"href":"https:\/\/thefactoryconceptstore.com\/fr\/wp-json\/wp\/v2\/product"}],"about":[{"href":"https:\/\/thefactoryconceptstore.com\/fr\/wp-json\/wp\/v2\/types\/product"}],"version-history":[{"count":5,"href":"https:\/\/thefactoryconceptstore.com\/fr\/wp-json\/wp\/v2\/product\/9045\/revisions"}],"predecessor-version":[{"id":9062,"href":"https:\/\/thefactoryconceptstore.com\/fr\/wp-json\/wp\/v2\/product\/9045\/revisions\/9062"}],"wp:featuredmedia":[{"embeddable":true,"href":"https:\/\/thefactoryconceptstore.com\/fr\/wp-json\/wp\/v2\/media\/9046"}],"wp:attachment":[{"href":"https:\/\/thefactoryconceptstore.com\/fr\/wp-json\/wp\/v2\/media?parent=9045"}],"wp:term":[{"taxonomy":"product_brand","embeddable":true,"href":"https:\/\/thefactoryconceptstore.com\/fr\/wp-json\/wp\/v2\/product_brand?post=9045"},{"taxonomy":"product_cat","embeddable":true,"href":"https:\/\/thefactoryconceptstore.com\/fr\/wp-json\/wp\/v2\/product_cat?post=9045"},{"taxonomy":"product_tag","embeddable":true,"href":"https:\/\/thefactoryconceptstore.com\/fr\/wp-json\/wp\/v2\/product_tag?post=9045"}],"curies":[{"name":"wp","href":"https:\/\/api.w.org\/{rel}","templated":true}]}}