{"id":9039,"date":"2023-05-20T19:31:04","date_gmt":"2023-05-20T17:31:04","guid":{"rendered":"https:\/\/thefactoryconceptstore.com\/?post_type=product&#038;p=9039"},"modified":"2024-12-03T17:09:02","modified_gmt":"2024-12-03T16:09:02","slug":"bearbrick-andy-warhol-brillo-2020-400-100","status":"publish","type":"product","link":"https:\/\/thefactoryconceptstore.com\/fr\/products\/bearbrick-andy-warhol-brillo-2020-400-100\/","title":{"rendered":"BE@RBRICK ANDY WARHOL BRILLO 400% 100% 2020"},"content":{"rendered":"<p>BE@RBRICK ANDY WARHOL BRILLO 400% 100% 2020<\/p>\n<p>Avec leurs lettres rouges et bleues audacieuses, les bo\u00eetes Brillo d'Andy Warhol sont des r\u00e9pliques exactes des savonnettes populaires des ann\u00e9es 1950.<\/p>\n<p>Il n'est pas surprenant que Warhol ait choisi Brillo - l'une des marques domestiques les plus connues du pays - lorsqu'il a commenc\u00e9 \u00e0 produire des \u0153uvres comportant des \u00e9tiquettes de produits embl\u00e9matiques dans les ann\u00e9es 1960.<\/p>\n<p>Warhol a engag\u00e9 plusieurs assistants et a r\u00e9alis\u00e9 des dizaines de sculptures \u00e0 la fois, en utilisant du contreplaqu\u00e9 et de l'encre s\u00e9rigraphique pour imiter la fabrication commerciale de v\u00e9ritables bo\u00eetes Brillo en carton.<\/p>\n<p>Pour leur premi\u00e8re exposition \u00e0 la Stable Gallery en 1964, les bo\u00eetes Brillo ont \u00e9t\u00e9 empil\u00e9es autour de la galerie comme des pr\u00e9sentoirs de supermarch\u00e9. Warhol imaginait des douzaines de galeristes transportant ses bo\u00eetes Brillo comme s'ils faisaient leurs courses.<\/p>\n<p>Bien que sa vision ne se soit pas tout \u00e0 fait concr\u00e9tis\u00e9e \u00e0 l'\u00e9poque, Brillo Box est aujourd'hui l'une des \u0153uvres les plus embl\u00e9matiques de Warhol - elle a \u00e9t\u00e9 vendue aux ench\u00e8res pour plus de $3 millions d'euros en 2010.<\/p>\n<p>L'\u0153uvre d'art est maintenant au centre d'une \u00e9dition BE@RBRICK en collaboration entre la Fondation Andy Warhol et Medicom Toy.<\/p>\n<p>Medicom Toy utilise la technologie du transfert d'eau pour garantir un placement unique de l'impression sur chaque be@rbrick. Cela signifie que chaque Be@rbrick sera sp\u00e9ciale et unique.<\/p>","protected":false},"excerpt":{"rendered":"<p>BE@RBRICK ANDY WARHOL BRILLO 400% 100% 2020 Avec leurs lettres rouges et bleues audacieuses, les bo\u00eetes Brillo d'Andy Warhol sont des r\u00e9pliques exactes du c\u00e9l\u00e8bre tampon de savon des ann\u00e9es 1950. Il n'est pas surprenant que Warhol ait choisi Brillo, l'une des marques domestiques les plus connues du pays, lorsqu'il a commenc\u00e9 \u00e0 produire des \u0153uvres comportant des \u00e9tiquettes de produits embl\u00e9matiques dans les ann\u00e9es ...<\/p>\n<p class=\"read-more\"> <a class=\"\" href=\"https:\/\/thefactoryconceptstore.com\/fr\/products\/bearbrick-andy-warhol-brillo-2020-400-100\/\"> <span class=\"screen-reader-text\">BE@RBRICK ANDY WARHOL BRILLO 400% 100% 2020<\/span> Lire la suite \"<\/a><\/p>","protected":false},"featured_media":9040,"template":"","meta":{"site-sidebar-layout":"default","site-content-layout":"default","ast-global-header-display":"","ast-banner-title-visibility":"","ast-main-header-display":"","ast-hfb-above-header-display":"","ast-hfb-below-header-display":"","ast-hfb-mobile-header-display":"","site-post-title":"","ast-breadcrumbs-content":"","ast-featured-img":"","footer-sml-layout":"","theme-transparent-header-meta":"default","adv-header-id-meta":"","stick-header-meta":"","header-above-stick-meta":"","header-main-stick-meta":"","header-below-stick-meta":""},"product_brand":[],"product_cat":[33],"product_tag":[],"class_list":{"0":"post-9039","1":"product","2":"type-product","3":"status-publish","4":"has-post-thumbnail","6":"product_cat-bearbrick","7":"desktop-align-left","8":"tablet-align-left","9":"mobile-align-left","11":"first","12":"instock","13":"shipping-taxable","14":"purchasable","15":"product-type-simple"},"_links":{"self":[{"href":"https:\/\/thefactoryconceptstore.com\/fr\/wp-json\/wp\/v2\/product\/9039","targetHints":{"allow":["GET"]}}],"collection":[{"href":"https:\/\/thefactoryconceptstore.com\/fr\/wp-json\/wp\/v2\/product"}],"about":[{"href":"https:\/\/thefactoryconceptstore.com\/fr\/wp-json\/wp\/v2\/types\/product"}],"version-history":[{"count":5,"href":"https:\/\/thefactoryconceptstore.com\/fr\/wp-json\/wp\/v2\/product\/9039\/revisions"}],"predecessor-version":[{"id":10979,"href":"https:\/\/thefactoryconceptstore.com\/fr\/wp-json\/wp\/v2\/product\/9039\/revisions\/10979"}],"wp:featuredmedia":[{"embeddable":true,"href":"https:\/\/thefactoryconceptstore.com\/fr\/wp-json\/wp\/v2\/media\/9040"}],"wp:attachment":[{"href":"https:\/\/thefactoryconceptstore.com\/fr\/wp-json\/wp\/v2\/media?parent=9039"}],"wp:term":[{"taxonomy":"product_brand","embeddable":true,"href":"https:\/\/thefactoryconceptstore.com\/fr\/wp-json\/wp\/v2\/product_brand?post=9039"},{"taxonomy":"product_cat","embeddable":true,"href":"https:\/\/thefactoryconceptstore.com\/fr\/wp-json\/wp\/v2\/product_cat?post=9039"},{"taxonomy":"product_tag","embeddable":true,"href":"https:\/\/thefactoryconceptstore.com\/fr\/wp-json\/wp\/v2\/product_tag?post=9039"}],"curies":[{"name":"wp","href":"https:\/\/api.w.org\/{rel}","templated":true}]}}