{"id":9027,"date":"2023-04-25T19:20:45","date_gmt":"2023-04-25T17:20:45","guid":{"rendered":"https:\/\/thefactoryconceptstore.com\/?post_type=product&#038;p=9027"},"modified":"2023-06-19T10:49:27","modified_gmt":"2023-06-19T08:49:27","slug":"bearbrick-tristan-eaton-designer-con-exclusive-400-2021","status":"publish","type":"product","link":"https:\/\/thefactoryconceptstore.com\/fr\/products\/bearbrick-tristan-eaton-designer-con-exclusive-400-2021\/","title":{"rendered":"BE@RBRICK TRISTAN EATON DESIGNER CON EXCLUSIVE 1000% 2021"},"content":{"rendered":"<p>BE@RBRICK TRISTAN EATON DESIGNER CON EXCLUSIVE 1000% 2021<\/p>\n<p>Tristan Eaton a \u00e9t\u00e9 l'un des 10 artistes \u00e0 figurer dans la s\u00e9rie 3 de Be@rbricks exclusifs \u00e0 Designercon de Medicom Toy. Eaton utilise son style unique de collage sur sa figurine Be@rbrick en \u00e9dition limit\u00e9e.<\/p>\n<p>Chaque figure a \u00e9t\u00e9 peinte \u00e0 l'aide d'une technique unique de trempage, ce qui fait que chaque figure est l\u00e9g\u00e8rement diff\u00e9rente. La Be@rbrick 1000% 70 cm.<\/p>\n<p>L'exclusivit\u00e9 Be@rbrick x Tristan Eaton DesignerCon 1000% est sortie le 12 novembre 2021.<\/p>\n<p>Les jouets Medicom utilisent la technologie du transfert d'eau pour garantir un placement unique de l'impression sur chaque bearbrick. Cela signifie que chaque Be@rbrick sera sp\u00e9ciale et unique.<\/p>\n<p>&nbsp;<\/p>","protected":false},"excerpt":{"rendered":"<p>BE@RBRICK TRISTAN EATON DESIGNER CON EXCLUSIVE 1000% 2021 Tristan Eaton a \u00e9t\u00e9 l'un des 10 artistes \u00e0 figurer dans la s\u00e9rie 3 de Be@rbricks exclusifs \u00e0 la Designercon de Medicom Toy. Eaton utilise son style unique de collage sur sa figurine Be@rbrick en \u00e9dition limit\u00e9e. Chaque figurine a \u00e9t\u00e9 peinte \u00e0 l'aide d'une technique de trempage unique qui ...<\/p>\n<p class=\"read-more\"> <a class=\"\" href=\"https:\/\/thefactoryconceptstore.com\/fr\/products\/bearbrick-tristan-eaton-designer-con-exclusive-400-2021\/\"> <span class=\"screen-reader-text\">BE@RBRICK TRISTAN EATON DESIGNER CON EXCLUSIVE 1000% 2021<\/span> Lire la suite \"<\/a><\/p>","protected":false},"featured_media":9028,"template":"","meta":{"site-sidebar-layout":"default","site-content-layout":"default","ast-global-header-display":"","ast-banner-title-visibility":"","ast-main-header-display":"","ast-hfb-above-header-display":"","ast-hfb-below-header-display":"","ast-hfb-mobile-header-display":"","site-post-title":"","ast-breadcrumbs-content":"","ast-featured-img":"","footer-sml-layout":"","theme-transparent-header-meta":"default","adv-header-id-meta":"","stick-header-meta":"","header-above-stick-meta":"","header-main-stick-meta":"","header-below-stick-meta":""},"product_brand":[],"product_cat":[33],"product_tag":[],"class_list":{"0":"post-9027","1":"product","2":"type-product","3":"status-publish","4":"has-post-thumbnail","6":"product_cat-bearbrick","7":"desktop-align-left","8":"tablet-align-left","9":"mobile-align-left","11":"first","12":"onbackorder","13":"shipping-taxable","14":"purchasable","15":"product-type-simple"},"_links":{"self":[{"href":"https:\/\/thefactoryconceptstore.com\/fr\/wp-json\/wp\/v2\/product\/9027","targetHints":{"allow":["GET"]}}],"collection":[{"href":"https:\/\/thefactoryconceptstore.com\/fr\/wp-json\/wp\/v2\/product"}],"about":[{"href":"https:\/\/thefactoryconceptstore.com\/fr\/wp-json\/wp\/v2\/types\/product"}],"version-history":[{"count":6,"href":"https:\/\/thefactoryconceptstore.com\/fr\/wp-json\/wp\/v2\/product\/9027\/revisions"}],"predecessor-version":[{"id":11059,"href":"https:\/\/thefactoryconceptstore.com\/fr\/wp-json\/wp\/v2\/product\/9027\/revisions\/11059"}],"wp:featuredmedia":[{"embeddable":true,"href":"https:\/\/thefactoryconceptstore.com\/fr\/wp-json\/wp\/v2\/media\/9028"}],"wp:attachment":[{"href":"https:\/\/thefactoryconceptstore.com\/fr\/wp-json\/wp\/v2\/media?parent=9027"}],"wp:term":[{"taxonomy":"product_brand","embeddable":true,"href":"https:\/\/thefactoryconceptstore.com\/fr\/wp-json\/wp\/v2\/product_brand?post=9027"},{"taxonomy":"product_cat","embeddable":true,"href":"https:\/\/thefactoryconceptstore.com\/fr\/wp-json\/wp\/v2\/product_cat?post=9027"},{"taxonomy":"product_tag","embeddable":true,"href":"https:\/\/thefactoryconceptstore.com\/fr\/wp-json\/wp\/v2\/product_tag?post=9027"}],"curies":[{"name":"wp","href":"https:\/\/api.w.org\/{rel}","templated":true}]}}