{"id":9009,"date":"2023-04-25T19:00:53","date_gmt":"2023-04-25T17:00:53","guid":{"rendered":"https:\/\/thefactoryconceptstore.com\/?post_type=product&#038;p=9009"},"modified":"2023-12-10T16:48:34","modified_gmt":"2023-12-10T15:48:34","slug":"bearbrick-jean-michel-basquiat-v2-1000","status":"publish","type":"product","link":"https:\/\/thefactoryconceptstore.com\/fr\/products\/bearbrick-jean-michel-basquiat-v2-1000\/","title":{"rendered":"BE@RBRICK JEAN-MICHEL BASQUIAT V2 - 1000% 2021"},"content":{"rendered":"<p>Be@rbrick Jean-Michel Basquiat V2 1000% 2021<\/p>\n<p>Medicom ne cesse de publier d'\u00e9tonnantes briques d'ours d'artistes et a d\u00e9sormais associ\u00e9 deux des artistes modernes les plus recherch\u00e9s de l'histoire, Andy Warhol et Jean-Michel Basquiat. Lorsqu'ils travaillaient ensemble dans les ann\u00e9es 80, ils formaient le duo d'artistes le plus en vogue de New York et Medicom c\u00e9l\u00e8bre leur collaboration avec une deuxi\u00e8me brique Be@rbrick sous la forme de la peinture \"Dentures\". Elle pr\u00e9sente des couleurs marron, rouge et bleu avec une abondance de d\u00e9tails couvrant le corps entier de la Be@rbrick, disponible en 100%, 400% et 1000% Be@rbrick.<\/p>\n<p>Medicom Toy utilise la technologie du transfert d'eau pour garantir un placement unique de l'impression sur chaque Be@rbrick. Cela signifie que chaque Be@rbrick sera sp\u00e9ciale et unique.<\/p>\n<p>&nbsp;<\/p>\n<p>&nbsp;<\/p>","protected":false},"excerpt":{"rendered":"<p>Be@rbrick Jean-Michel Basquiat V2 1000% 2021<\/p>\n<p>Medicom ne cesse de publier d'\u00e9tonnantes briques d'ours d'artistes et a d\u00e9sormais associ\u00e9 deux des artistes modernes les plus recherch\u00e9s de l'histoire, Andy Warhol et Jean-Michel Basquiat. Lorsqu'ils travaillaient ensemble dans les ann\u00e9es 80, ils formaient le duo d'artistes le plus en vogue de New York et Medicom c\u00e9l\u00e8bre leur collaboration avec une deuxi\u00e8me brique Be@rbrick sous la forme de la peinture \"Dentures\". Elle pr\u00e9sente des couleurs marron, rouge et bleu avec une abondance de d\u00e9tails couvrant le corps entier de la Be@rbrick, disponible en 100%, 400% et 1000% Be@rbrick.<\/p>\n<p>Medicom Toy utilise la technologie du transfert d'eau pour garantir un placement unique de l'impression sur chaque Be@rbrick. Cela signifie que chaque Be@rbrick sera sp\u00e9ciale et unique.<\/p>","protected":false},"featured_media":9010,"template":"","meta":{"site-sidebar-layout":"default","site-content-layout":"default","ast-global-header-display":"","ast-banner-title-visibility":"","ast-main-header-display":"","ast-hfb-above-header-display":"","ast-hfb-below-header-display":"","ast-hfb-mobile-header-display":"","site-post-title":"","ast-breadcrumbs-content":"","ast-featured-img":"","footer-sml-layout":"","theme-transparent-header-meta":"default","adv-header-id-meta":"","stick-header-meta":"","header-above-stick-meta":"","header-main-stick-meta":"","header-below-stick-meta":""},"product_brand":[],"product_cat":[33],"product_tag":[],"class_list":{"0":"post-9009","1":"product","2":"type-product","3":"status-publish","4":"has-post-thumbnail","6":"product_cat-bearbrick","7":"desktop-align-left","8":"tablet-align-left","9":"mobile-align-left","11":"first","12":"outofstock","13":"shipping-taxable","14":"purchasable","15":"product-type-simple"},"_links":{"self":[{"href":"https:\/\/thefactoryconceptstore.com\/fr\/wp-json\/wp\/v2\/product\/9009","targetHints":{"allow":["GET"]}}],"collection":[{"href":"https:\/\/thefactoryconceptstore.com\/fr\/wp-json\/wp\/v2\/product"}],"about":[{"href":"https:\/\/thefactoryconceptstore.com\/fr\/wp-json\/wp\/v2\/types\/product"}],"version-history":[{"count":7,"href":"https:\/\/thefactoryconceptstore.com\/fr\/wp-json\/wp\/v2\/product\/9009\/revisions"}],"predecessor-version":[{"id":11712,"href":"https:\/\/thefactoryconceptstore.com\/fr\/wp-json\/wp\/v2\/product\/9009\/revisions\/11712"}],"wp:featuredmedia":[{"embeddable":true,"href":"https:\/\/thefactoryconceptstore.com\/fr\/wp-json\/wp\/v2\/media\/9010"}],"wp:attachment":[{"href":"https:\/\/thefactoryconceptstore.com\/fr\/wp-json\/wp\/v2\/media?parent=9009"}],"wp:term":[{"taxonomy":"product_brand","embeddable":true,"href":"https:\/\/thefactoryconceptstore.com\/fr\/wp-json\/wp\/v2\/product_brand?post=9009"},{"taxonomy":"product_cat","embeddable":true,"href":"https:\/\/thefactoryconceptstore.com\/fr\/wp-json\/wp\/v2\/product_cat?post=9009"},{"taxonomy":"product_tag","embeddable":true,"href":"https:\/\/thefactoryconceptstore.com\/fr\/wp-json\/wp\/v2\/product_tag?post=9009"}],"curies":[{"name":"wp","href":"https:\/\/api.w.org\/{rel}","templated":true}]}}