{"id":8991,"date":"2023-04-25T18:48:15","date_gmt":"2023-04-25T16:48:15","guid":{"rendered":"https:\/\/thefactoryconceptstore.com\/?post_type=product&#038;p=8991"},"modified":"2024-12-03T17:15:57","modified_gmt":"2024-12-03T16:15:57","slug":"bearbrick-jean-michel-basquiat-v6-400-100-2020","status":"publish","type":"product","link":"https:\/\/thefactoryconceptstore.com\/fr\/products\/bearbrick-jean-michel-basquiat-v6-400-100-2020\/","title":{"rendered":"BE@RBRICK JEAN-MICHEL BASQUIAT V6 400% 100% 2020"},"content":{"rendered":"<p>Be@rbrick Jean-Michel Basquiat V6 400% 100% 2020<\/p>\n<p>Medicom Toy propose ce set de 100% &amp; 400&amp; Be@rbrick d'une peinture Untitled de Jean-Michel Basquiat, mais l'original ressemble \u00e0 un robot avec la couronne sign\u00e9e Basquiat, c'est pourquoi nous l'avons surnomm\u00e9 \"Robot King\". Basquiat \u00e9tait un c\u00e9l\u00e8bre artiste de rue graffiti am\u00e9ricain et une force dans le mouvement n\u00e9o-expressionniste.<\/p>\n<p>Sa signature est \u00e9galement imprim\u00e9e au dos.<br \/>\nPortant l'\u0153uvre d'art chaotique et color\u00e9e de Basquiat .<\/p>\n<p>Tout aussi graphique que les pr\u00e9c\u00e9dentes, cette nouvelle figurine reprend l'une des sc\u00e8nes les plus sombres de Basquiat : Robot King<\/p>\n<p>Il franchit ainsi les fronti\u00e8res du mus\u00e9e pour investir votre quotidien en lui donnant un air plus arty. Avec sa bo\u00eete pr\u00e9sentant les motifs, cette Bearbrick Jean-Michel Basquiat dispose d'un support d'exposition tout trouv\u00e9 !<\/p>\n<p>Medicom Toy utilise la technologie du transfert d'eau pour garantir un placement unique de l'impression sur chaque Be@rbrick. Cela signifie que chaque Be@rbrick sera sp\u00e9ciale et unique.<\/p>","protected":false},"excerpt":{"rendered":"<p>Be@rbrick Jean-Michel Basquiat V6 400% 100% 2020 Medicom Toy propose ce set de 100% &amp; 400&amp; Be@rbrick d'une peinture sans titre de Jean-Michel Basquiat, mais l'original ressemble \u00e0 un robot avec la couronne sign\u00e9e Basquiat, nous l'avons donc surnomm\u00e9 \"Robot King\" Basquiat \u00e9tait un c\u00e9l\u00e8bre artiste de rue graffiti am\u00e9ricain et une force dans le ...<\/p>\n<p class=\"read-more\"> <a class=\"\" href=\"https:\/\/thefactoryconceptstore.com\/fr\/products\/bearbrick-jean-michel-basquiat-v6-400-100-2020\/\"> <span class=\"screen-reader-text\">BE@RBRICK JEAN-MICHEL BASQUIAT V6 400% 100% 2020<\/span> Lire la suite \"<\/a><\/p>","protected":false},"featured_media":8992,"template":"","meta":{"site-sidebar-layout":"default","site-content-layout":"default","ast-global-header-display":"","ast-banner-title-visibility":"","ast-main-header-display":"","ast-hfb-above-header-display":"","ast-hfb-below-header-display":"","ast-hfb-mobile-header-display":"","site-post-title":"","ast-breadcrumbs-content":"","ast-featured-img":"","footer-sml-layout":"","theme-transparent-header-meta":"default","adv-header-id-meta":"","stick-header-meta":"","header-above-stick-meta":"","header-main-stick-meta":"","header-below-stick-meta":""},"product_brand":[],"product_cat":[33],"product_tag":[],"class_list":{"0":"post-8991","1":"product","2":"type-product","3":"status-publish","4":"has-post-thumbnail","6":"product_cat-bearbrick","7":"desktop-align-left","8":"tablet-align-left","9":"mobile-align-left","11":"first","12":"instock","13":"shipping-taxable","14":"purchasable","15":"product-type-simple"},"_links":{"self":[{"href":"https:\/\/thefactoryconceptstore.com\/fr\/wp-json\/wp\/v2\/product\/8991","targetHints":{"allow":["GET"]}}],"collection":[{"href":"https:\/\/thefactoryconceptstore.com\/fr\/wp-json\/wp\/v2\/product"}],"about":[{"href":"https:\/\/thefactoryconceptstore.com\/fr\/wp-json\/wp\/v2\/types\/product"}],"version-history":[{"count":7,"href":"https:\/\/thefactoryconceptstore.com\/fr\/wp-json\/wp\/v2\/product\/8991\/revisions"}],"predecessor-version":[{"id":11053,"href":"https:\/\/thefactoryconceptstore.com\/fr\/wp-json\/wp\/v2\/product\/8991\/revisions\/11053"}],"wp:featuredmedia":[{"embeddable":true,"href":"https:\/\/thefactoryconceptstore.com\/fr\/wp-json\/wp\/v2\/media\/8992"}],"wp:attachment":[{"href":"https:\/\/thefactoryconceptstore.com\/fr\/wp-json\/wp\/v2\/media?parent=8991"}],"wp:term":[{"taxonomy":"product_brand","embeddable":true,"href":"https:\/\/thefactoryconceptstore.com\/fr\/wp-json\/wp\/v2\/product_brand?post=8991"},{"taxonomy":"product_cat","embeddable":true,"href":"https:\/\/thefactoryconceptstore.com\/fr\/wp-json\/wp\/v2\/product_cat?post=8991"},{"taxonomy":"product_tag","embeddable":true,"href":"https:\/\/thefactoryconceptstore.com\/fr\/wp-json\/wp\/v2\/product_tag?post=8991"}],"curies":[{"name":"wp","href":"https:\/\/api.w.org\/{rel}","templated":true}]}}