{"id":8978,"date":"2023-04-25T18:36:29","date_gmt":"2023-04-25T16:36:29","guid":{"rendered":"https:\/\/thefactoryconceptstore.com\/?post_type=product&#038;p=8978"},"modified":"2024-12-03T17:16:12","modified_gmt":"2024-12-03T16:16:12","slug":"bearbrick-bape-red-camo-200","status":"publish","type":"product","link":"https:\/\/thefactoryconceptstore.com\/fr\/products\/bearbrick-bape-red-camo-200\/","title":{"rendered":"BE@RBRICK BAPE CAMO RED 200% 2022"},"content":{"rendered":"<p>Be@rbrick Bape Red Camo 200% 2022<\/p>\n<p>Poursuivant ses efforts de collaboration, la marque japonaise de streetwear BAPE s'associe une fois de plus \u00e0 Medicom Toy sur une Be@rbrick 200%.<\/p>\n<p>Le c\u00e9l\u00e8bre objet de collection en forme d'ours est habill\u00e9 du motif embl\u00e9matique de la face de requin de BAPE en ABC CAMO rose.<\/p>\n<p>Il s'agissait d'une v\u00e9ritable loterie qui s'est d\u00e9roul\u00e9e en mars 2022. Les gagnants devaient \u00eatre bas\u00e9s au Japon pour le r\u00e9cup\u00e9rer.<\/p>\n<p>Variante rose.<\/p>\n<p>Medicom Toy utilise la technologie du transfert d'eau pour garantir un placement unique de l'impression sur chaque Be@rbrick. Cela signifie que chaque Be@rbrick sera sp\u00e9ciale et unique.<\/p>\n<p>&nbsp;<\/p>","protected":false},"excerpt":{"rendered":"<p>Be@rbrick Bape Red Camo 200% 2022 Poursuivant ses efforts de collaboration, la marque japonaise de streetwear BAPE s'associe une fois de plus \u00e0 Medicom Toy pour une Be@rbrick 200%. Le c\u00e9l\u00e8bre objet de collection en forme d'ours est habill\u00e9 du motif embl\u00e9matique de la face de requin de BAPE en Pink ABC CAMO. Ce mod\u00e8le a \u00e9t\u00e9 disponible par tirage au sort en mars ...<\/p>\n<p class=\"read-more\"> <a class=\"\" href=\"https:\/\/thefactoryconceptstore.com\/fr\/products\/bearbrick-bape-red-camo-200\/\"> <span class=\"screen-reader-text\">BE@RBRICK BAPE CAMO RED 200% 2022<\/span> Lire la suite \"<\/a><\/p>","protected":false},"featured_media":8979,"template":"","meta":{"site-sidebar-layout":"default","site-content-layout":"default","ast-global-header-display":"","ast-banner-title-visibility":"","ast-main-header-display":"","ast-hfb-above-header-display":"","ast-hfb-below-header-display":"","ast-hfb-mobile-header-display":"","site-post-title":"","ast-breadcrumbs-content":"","ast-featured-img":"","footer-sml-layout":"","theme-transparent-header-meta":"default","adv-header-id-meta":"","stick-header-meta":"","header-above-stick-meta":"","header-main-stick-meta":"","header-below-stick-meta":""},"product_brand":[],"product_cat":[33],"product_tag":[],"class_list":{"0":"post-8978","1":"product","2":"type-product","3":"status-publish","4":"has-post-thumbnail","6":"product_cat-bearbrick","7":"desktop-align-left","8":"tablet-align-left","9":"mobile-align-left","11":"first","12":"outofstock","13":"shipping-taxable","14":"purchasable","15":"product-type-simple"},"_links":{"self":[{"href":"https:\/\/thefactoryconceptstore.com\/fr\/wp-json\/wp\/v2\/product\/8978","targetHints":{"allow":["GET"]}}],"collection":[{"href":"https:\/\/thefactoryconceptstore.com\/fr\/wp-json\/wp\/v2\/product"}],"about":[{"href":"https:\/\/thefactoryconceptstore.com\/fr\/wp-json\/wp\/v2\/types\/product"}],"version-history":[{"count":6,"href":"https:\/\/thefactoryconceptstore.com\/fr\/wp-json\/wp\/v2\/product\/8978\/revisions"}],"predecessor-version":[{"id":11051,"href":"https:\/\/thefactoryconceptstore.com\/fr\/wp-json\/wp\/v2\/product\/8978\/revisions\/11051"}],"wp:featuredmedia":[{"embeddable":true,"href":"https:\/\/thefactoryconceptstore.com\/fr\/wp-json\/wp\/v2\/media\/8979"}],"wp:attachment":[{"href":"https:\/\/thefactoryconceptstore.com\/fr\/wp-json\/wp\/v2\/media?parent=8978"}],"wp:term":[{"taxonomy":"product_brand","embeddable":true,"href":"https:\/\/thefactoryconceptstore.com\/fr\/wp-json\/wp\/v2\/product_brand?post=8978"},{"taxonomy":"product_cat","embeddable":true,"href":"https:\/\/thefactoryconceptstore.com\/fr\/wp-json\/wp\/v2\/product_cat?post=8978"},{"taxonomy":"product_tag","embeddable":true,"href":"https:\/\/thefactoryconceptstore.com\/fr\/wp-json\/wp\/v2\/product_tag?post=8978"}],"curies":[{"name":"wp","href":"https:\/\/api.w.org\/{rel}","templated":true}]}}