{"id":8972,"date":"2023-04-25T18:30:55","date_gmt":"2023-04-25T16:30:55","guid":{"rendered":"https:\/\/thefactoryconceptstore.com\/?post_type=product&#038;p=8972"},"modified":"2024-12-03T17:16:20","modified_gmt":"2024-12-03T16:16:20","slug":"bearbrick-atmos-subway-400-100-2021","status":"publish","type":"product","link":"https:\/\/thefactoryconceptstore.com\/fr\/products\/bearbrick-atmos-subway-400-100-2021\/","title":{"rendered":"BE@RBRICK ATMOS SUBWAY 400% 100% 2021"},"content":{"rendered":"<p>BE@RBRICK ATMOS SUBWAY 400% 100% 2021<\/p>\n<p>\"Bas\u00e9 sur le concept de \"m\u00e9tro\" commun \u00e0 ces deux villes, chaque plan de route a \u00e9t\u00e9 int\u00e9gr\u00e9 dans Be@rbrick.<\/p>\n<p>Il se termine dans un plat rempli de l'avenir d'atmos, qui passe du Japon au monde entier.Medicom Toy utilise la technologie du transfert d'eau pour garantir un emplacement unique de l'impression sur chaque Be@rbrick. Cela signifie que chaque Be@rbrick sera sp\u00e9ciale et unique.<\/p>\n<p>&nbsp;<\/p>\n<p>&nbsp;<\/p>","protected":false},"excerpt":{"rendered":"<p>BE@RBRICK ATMOS SUBWAY 400% 100% 2021 \"New York\" et \"Tokyo\" o\u00f9 atmos est bas\u00e9.Bas\u00e9 sur le concept de \"m\u00e9tro\" commun \u00e0 ces deux villes, chaque plan de route a \u00e9t\u00e9 int\u00e9gr\u00e9 dans Be@rbrick Il se termine par un plat rempli du futur d'atmos, qui \u00e9tend son \u00e9chelle du Japon au monde.Medicom Toy utilise l'eau ...<\/p>\n<p class=\"read-more\"> <a class=\"\" href=\"https:\/\/thefactoryconceptstore.com\/fr\/products\/bearbrick-atmos-subway-400-100-2021\/\"> <span class=\"screen-reader-text\">BE@RBRICK ATMOS SUBWAY 400% 100% 2021<\/span> Lire la suite \"<\/a><\/p>","protected":false},"featured_media":8973,"template":"","meta":{"site-sidebar-layout":"default","site-content-layout":"default","ast-global-header-display":"","ast-banner-title-visibility":"","ast-main-header-display":"","ast-hfb-above-header-display":"","ast-hfb-below-header-display":"","ast-hfb-mobile-header-display":"","site-post-title":"","ast-breadcrumbs-content":"","ast-featured-img":"","footer-sml-layout":"","theme-transparent-header-meta":"default","adv-header-id-meta":"","stick-header-meta":"","header-above-stick-meta":"","header-main-stick-meta":"","header-below-stick-meta":""},"product_brand":[],"product_cat":[33],"product_tag":[],"class_list":{"0":"post-8972","1":"product","2":"type-product","3":"status-publish","4":"has-post-thumbnail","6":"product_cat-bearbrick","7":"desktop-align-left","8":"tablet-align-left","9":"mobile-align-left","11":"first","12":"outofstock","13":"shipping-taxable","14":"purchasable","15":"product-type-simple"},"_links":{"self":[{"href":"https:\/\/thefactoryconceptstore.com\/fr\/wp-json\/wp\/v2\/product\/8972","targetHints":{"allow":["GET"]}}],"collection":[{"href":"https:\/\/thefactoryconceptstore.com\/fr\/wp-json\/wp\/v2\/product"}],"about":[{"href":"https:\/\/thefactoryconceptstore.com\/fr\/wp-json\/wp\/v2\/types\/product"}],"version-history":[{"count":6,"href":"https:\/\/thefactoryconceptstore.com\/fr\/wp-json\/wp\/v2\/product\/8972\/revisions"}],"predecessor-version":[{"id":11050,"href":"https:\/\/thefactoryconceptstore.com\/fr\/wp-json\/wp\/v2\/product\/8972\/revisions\/11050"}],"wp:featuredmedia":[{"embeddable":true,"href":"https:\/\/thefactoryconceptstore.com\/fr\/wp-json\/wp\/v2\/media\/8973"}],"wp:attachment":[{"href":"https:\/\/thefactoryconceptstore.com\/fr\/wp-json\/wp\/v2\/media?parent=8972"}],"wp:term":[{"taxonomy":"product_brand","embeddable":true,"href":"https:\/\/thefactoryconceptstore.com\/fr\/wp-json\/wp\/v2\/product_brand?post=8972"},{"taxonomy":"product_cat","embeddable":true,"href":"https:\/\/thefactoryconceptstore.com\/fr\/wp-json\/wp\/v2\/product_cat?post=8972"},{"taxonomy":"product_tag","embeddable":true,"href":"https:\/\/thefactoryconceptstore.com\/fr\/wp-json\/wp\/v2\/product_tag?post=8972"}],"curies":[{"name":"wp","href":"https:\/\/api.w.org\/{rel}","templated":true}]}}