{"id":8909,"date":"2023-04-17T18:05:30","date_gmt":"2023-04-17T18:05:30","guid":{"rendered":"https:\/\/thefactoryconceptstore.com\/?post_type=product&#038;p=8909"},"modified":"2025-02-05T10:44:15","modified_gmt":"2025-02-05T09:44:15","slug":"bearbrick-x-end-white-marble-400-100-2022","status":"publish","type":"product","link":"https:\/\/thefactoryconceptstore.com\/fr\/products\/bearbrick-x-end-white-marble-400-100-2022\/","title":{"rendered":"BE@RBRICK x END WHITE MARBLE 400% 100% 2022"},"content":{"rendered":"<p>Bearbrick x End White Marble 400% 100% 2022<\/p>\n<p>S'inspirer de l'END<a href=\"https:\/\/www.endclothing.com\/us\" target=\"_blank\" rel=\"noopener noreferrer nofollow\">.<\/a>La collection END. x Medicom Be@rbrick sont recouvertes d'un effet marbre \"Carrera\" et estampill\u00e9es du logo du d\u00e9taillant britannique, en clin d'\u0153il aux sacs de courses de la marque.<\/p>\n<p>Cette collaboration vise \u00e0 mettre en bouteille l'essence d'END. Clothing \u00e0 travers ses codes visuels incomparables.<\/p>\n<p>L'appr\u00e9ciation de Medicom pour la culture pop et le streetwear la place dans une position unique pour travailler avec des noms comme END. qui constituent un \u00e9l\u00e9ment central de la culture en 2022.<\/p>\n<p>Pour les collectionneurs et les fans de streetwear, la END. x Medicom Be@rbrick est la collaboration parfaite pour c\u00e9l\u00e9brer deux des piliers de la sc\u00e8ne.<\/p>\n<p>Medicom Toy utilise la technologie du transfert d'eau pour garantir un placement unique de l'impression sur chaque Be@rbrick. Cela signifie que chaque Be@rbrick sera sp\u00e9ciale et unique.<\/p>","protected":false},"excerpt":{"rendered":"<p>Bearbrick x End White Marble 400% 100% 2022 Inspir\u00e9e des magasins END. x Medicom Be@rbrick est r\u00e9alis\u00e9e dans un effet marbre \"Carrera\" et estampill\u00e9e du logo du d\u00e9taillant britannique, en clin d'\u0153il aux sacs de courses de la marque. Cette collaboration a pour but d'embouteiller l'essence m\u00eame de END. V\u00eatements ...<\/p>\n<p class=\"read-more\"> <a class=\"\" href=\"https:\/\/thefactoryconceptstore.com\/fr\/products\/bearbrick-x-end-white-marble-400-100-2022\/\"> <span class=\"screen-reader-text\">BE@RBRICK x END WHITE MARBLE 400% 100% 2022<\/span> Lire la suite \"<\/a><\/p>","protected":false},"featured_media":8910,"template":"","meta":{"site-sidebar-layout":"default","site-content-layout":"default","ast-global-header-display":"","ast-banner-title-visibility":"","ast-main-header-display":"","ast-hfb-above-header-display":"","ast-hfb-below-header-display":"","ast-hfb-mobile-header-display":"","site-post-title":"","ast-breadcrumbs-content":"","ast-featured-img":"","footer-sml-layout":"","theme-transparent-header-meta":"default","adv-header-id-meta":"","stick-header-meta":"","header-above-stick-meta":"","header-main-stick-meta":"","header-below-stick-meta":""},"product_brand":[],"product_cat":[33],"product_tag":[],"class_list":{"0":"post-8909","1":"product","2":"type-product","3":"status-publish","4":"has-post-thumbnail","6":"product_cat-bearbrick","7":"desktop-align-left","8":"tablet-align-left","9":"mobile-align-left","11":"first","12":"instock","13":"shipping-taxable","14":"purchasable","15":"product-type-simple"},"_links":{"self":[{"href":"https:\/\/thefactoryconceptstore.com\/fr\/wp-json\/wp\/v2\/product\/8909","targetHints":{"allow":["GET"]}}],"collection":[{"href":"https:\/\/thefactoryconceptstore.com\/fr\/wp-json\/wp\/v2\/product"}],"about":[{"href":"https:\/\/thefactoryconceptstore.com\/fr\/wp-json\/wp\/v2\/types\/product"}],"version-history":[{"count":7,"href":"https:\/\/thefactoryconceptstore.com\/fr\/wp-json\/wp\/v2\/product\/8909\/revisions"}],"predecessor-version":[{"id":12072,"href":"https:\/\/thefactoryconceptstore.com\/fr\/wp-json\/wp\/v2\/product\/8909\/revisions\/12072"}],"wp:featuredmedia":[{"embeddable":true,"href":"https:\/\/thefactoryconceptstore.com\/fr\/wp-json\/wp\/v2\/media\/8910"}],"wp:attachment":[{"href":"https:\/\/thefactoryconceptstore.com\/fr\/wp-json\/wp\/v2\/media?parent=8909"}],"wp:term":[{"taxonomy":"product_brand","embeddable":true,"href":"https:\/\/thefactoryconceptstore.com\/fr\/wp-json\/wp\/v2\/product_brand?post=8909"},{"taxonomy":"product_cat","embeddable":true,"href":"https:\/\/thefactoryconceptstore.com\/fr\/wp-json\/wp\/v2\/product_cat?post=8909"},{"taxonomy":"product_tag","embeddable":true,"href":"https:\/\/thefactoryconceptstore.com\/fr\/wp-json\/wp\/v2\/product_tag?post=8909"}],"curies":[{"name":"wp","href":"https:\/\/api.w.org\/{rel}","templated":true}]}}