{"id":8900,"date":"2023-04-17T17:53:21","date_gmt":"2023-04-17T17:53:21","guid":{"rendered":"https:\/\/thefactoryconceptstore.com\/?post_type=product&#038;p=8900"},"modified":"2024-12-25T11:34:55","modified_gmt":"2024-12-25T10:34:55","slug":"bearbrick-spiderman-scarlet-costume-400-100-2022","status":"publish","type":"product","link":"https:\/\/thefactoryconceptstore.com\/fr\/products\/bearbrick-spiderman-scarlet-costume-400-100-2022\/","title":{"rendered":"BE@RBRICK SPIDERMAN SCARLET COSTUME 400% 100% 2022"},"content":{"rendered":"<p>Be@rbrick Spider Man Scarlet Spider Costume 400% 100% 2022<\/p>\n<p>Medicom Toy's avec sa s\u00e9rie de figurines Be@rbrick rend hommage au l\u00e9gendaire Spiderman.<\/p>\n<p>Medicom Toy et Marvel Studios ont fait \u00e9quipe pour sortir cet ensemble Bearbrick x Marvel Spider-Man Scarlet Spider 400% &amp; 100%.<\/p>\n<p>Bas\u00e9 sur Scarlet Spider, de la s\u00e9rie de bandes dessin\u00e9es The Amazing Spider-Man. Le set Bearbrick x Marvel Spider-Man Scarlet Spider 400% &amp; 100% comprend deux figurines urinaires, toutes deux v\u00eatues des couleurs originales de Spider-Man, le rouge et le bleu.<\/p>\n<p>La Be@rbrick porte \u00e9galement le masque de Spider-Man avec de grands yeux blancs, et la chemise bleue \u00e0 capuche qu'elle porte est orn\u00e9e d'une grande araign\u00e9e noire imprim\u00e9e sur la poitrine.<\/p>\n<p>Medicom Toy utilise la technologie du transfert d'eau pour garantir un placement unique de l'impression sur chaque be@rbrick. Cela signifie que chaque Be@rbrick sera sp\u00e9ciale et unique.<\/p>","protected":false},"excerpt":{"rendered":"<p>Be@rbrick Spider Man Scarlet Spider Costume 400% 100% 2022 Medicom Toy's avec sa s\u00e9rie de figurines Be@rbrick rend hommage au l\u00e9gendaire Spiderman. Medicom Toy et Marvel Studios ont fait \u00e9quipe pour sortir ce Bearbrick x Marvel Spider-Man Scarlet Spider 400% &amp; 100% Set . Bas\u00e9 sur Scarlet Spider, de la s\u00e9rie de bandes dessin\u00e9es The Amazing Spider-Man. ...<\/p>\n<p class=\"read-more\"> <a class=\"\" href=\"https:\/\/thefactoryconceptstore.com\/fr\/products\/bearbrick-spiderman-scarlet-costume-400-100-2022\/\"> <span class=\"screen-reader-text\">BE@RBRICK SPIDERMAN SCARLET COSTUME 400% 100% 2022<\/span> Lire la suite \"<\/a><\/p>","protected":false},"featured_media":8901,"template":"","meta":{"site-sidebar-layout":"default","site-content-layout":"default","ast-global-header-display":"","ast-banner-title-visibility":"","ast-main-header-display":"","ast-hfb-above-header-display":"","ast-hfb-below-header-display":"","ast-hfb-mobile-header-display":"","site-post-title":"","ast-breadcrumbs-content":"","ast-featured-img":"","footer-sml-layout":"","theme-transparent-header-meta":"default","adv-header-id-meta":"","stick-header-meta":"","header-above-stick-meta":"","header-main-stick-meta":"","header-below-stick-meta":""},"product_brand":[],"product_cat":[33],"product_tag":[],"class_list":{"0":"post-8900","1":"product","2":"type-product","3":"status-publish","4":"has-post-thumbnail","6":"product_cat-bearbrick","7":"desktop-align-left","8":"tablet-align-left","9":"mobile-align-left","11":"first","12":"onbackorder","13":"shipping-taxable","14":"purchasable","15":"product-type-simple"},"_links":{"self":[{"href":"https:\/\/thefactoryconceptstore.com\/fr\/wp-json\/wp\/v2\/product\/8900","targetHints":{"allow":["GET"]}}],"collection":[{"href":"https:\/\/thefactoryconceptstore.com\/fr\/wp-json\/wp\/v2\/product"}],"about":[{"href":"https:\/\/thefactoryconceptstore.com\/fr\/wp-json\/wp\/v2\/types\/product"}],"version-history":[{"count":5,"href":"https:\/\/thefactoryconceptstore.com\/fr\/wp-json\/wp\/v2\/product\/8900\/revisions"}],"predecessor-version":[{"id":11047,"href":"https:\/\/thefactoryconceptstore.com\/fr\/wp-json\/wp\/v2\/product\/8900\/revisions\/11047"}],"wp:featuredmedia":[{"embeddable":true,"href":"https:\/\/thefactoryconceptstore.com\/fr\/wp-json\/wp\/v2\/media\/8901"}],"wp:attachment":[{"href":"https:\/\/thefactoryconceptstore.com\/fr\/wp-json\/wp\/v2\/media?parent=8900"}],"wp:term":[{"taxonomy":"product_brand","embeddable":true,"href":"https:\/\/thefactoryconceptstore.com\/fr\/wp-json\/wp\/v2\/product_brand?post=8900"},{"taxonomy":"product_cat","embeddable":true,"href":"https:\/\/thefactoryconceptstore.com\/fr\/wp-json\/wp\/v2\/product_cat?post=8900"},{"taxonomy":"product_tag","embeddable":true,"href":"https:\/\/thefactoryconceptstore.com\/fr\/wp-json\/wp\/v2\/product_tag?post=8900"}],"curies":[{"name":"wp","href":"https:\/\/api.w.org\/{rel}","templated":true}]}}