{"id":8894,"date":"2023-04-17T17:48:07","date_gmt":"2023-04-17T17:48:07","guid":{"rendered":"https:\/\/thefactoryconceptstore.com\/?post_type=product&#038;p=8894"},"modified":"2024-12-03T17:16:49","modified_gmt":"2024-12-03T16:16:49","slug":"bearbrick-leonard-da-vinci-vitruvian-man-400-100-2023","status":"publish","type":"product","link":"https:\/\/thefactoryconceptstore.com\/fr\/products\/bearbrick-leonard-da-vinci-vitruvian-man-400-100-2023\/","title":{"rendered":"BE@RBRICK LEONARD DA VINCI \"HOMME VITRUVIEN\" 400% 100% 2023"},"content":{"rendered":"<p>Be@rbrick Leonard da Vinci \"Homme de Vitruve\" 400% 100% 2023<\/p>\n<p><b>L'homme de Vitruve<\/b> a \u00e9t\u00e9 cr\u00e9\u00e9e par L\u00e9onard de Vinci vers 1487. Il est accompagn\u00e9 de notes bas\u00e9es sur les travaux du c\u00e9l\u00e8bre architecte Vitruve Pollio. Le dessin, r\u00e9alis\u00e9 \u00e0 la plume et \u00e0 l'encre sur papier, repr\u00e9sente un homme dans deux positions superpos\u00e9es, les bras et les jambes \u00e9cart\u00e9s, inscrit simultan\u00e9ment dans un cercle et dans un carr\u00e9. Le dessin et le texte sont parfois appel\u00e9s Canon des proportions ou, moins souvent, Proportions de l'homme. Il est conserv\u00e9 dans la Gallerie dell'Accademia \u00e0 Venise, en Italie, et, comme la plupart des \u0153uvres sur papier, n'est expos\u00e9 qu'occasionnellement.<\/p>\n<p>La relation proportionnelle des pi\u00e8ces refl\u00e8te la conception universelle. Et l'\u00e9quilibre \"m\u00e9dical\" des \u00e9l\u00e9ments assure la stabilit\u00e9 de la structure. Ces qualit\u00e9s sont donc \u00e9galement partag\u00e9es par la cr\u00e9ation du corps humain par Dieu et par la production d'un bon b\u00e2timent par l'\u00eatre humain lui-m\u00eame. \u00c0 la fin des ann\u00e9es 1480, ce th\u00e8me du microcosme artistique s'impose comme l'un des grands principes unificateurs de sa pens\u00e9e. Cette application architecturale n'est cependant pas la fin de la question ; elle ne repr\u00e9sente que le d\u00e9but d'un concept qui avait une application litt\u00e9ralement universelle.<\/p>\n<p>Cette image illustre parfaitement le vif int\u00e9r\u00eat de L\u00e9onard pour les proportions. En outre, cette image repr\u00e9sente une pierre angulaire des tentatives de L\u00e9onard de relier l'homme \u00e0 la nature. L'Encyclopaedia Britannica online pr\u00e9cise que \"L\u00e9onard envisageait le grand tableau du corps humain qu'il avait produit \u00e0 travers ses dessins anatomiques et l'Homme de Vitruve comme une cosmografia del minor mondo (cosmographie du microcosme). Il pensait que le fonctionnement du corps humain \u00e9tait une analogie du fonctionnement de l'univers\".<\/p>\n<p>Le dessin de l'homme de Vitruve de L\u00e9onard de Vinci est l'une des ic\u00f4nes mondiales les plus populaires. D'innombrables tentatives ont \u00e9t\u00e9 faites au fil des ans pour comprendre la composition de l'illustration par L\u00e9onard des principes de Vitruve.<\/p>\n<p>&nbsp;<\/p>\n<p>Medicom Toy utilise la technologie du transfert d'eau pour garantir un placement unique de l'impression sur chaque Be@rbrick. Cela signifie que chaque Be@rbrick sera sp\u00e9ciale et unique.<\/p>\n<p>&nbsp;<\/p>\n<p>&nbsp;<\/p>","protected":false},"excerpt":{"rendered":"<p>Be@rbrick Leonard da Vinci \" Homme de Vitruve \" 400% 100% 2023 L'Homme de Vitruve a \u00e9t\u00e9 cr\u00e9\u00e9 par L\u00e9onard de Vinci vers l'ann\u00e9e 1487. Il est accompagn\u00e9 de notes bas\u00e9es sur les travaux du c\u00e9l\u00e8bre architecte Vitruve Pollio. Le dessin, r\u00e9alis\u00e9 \u00e0 la plume et \u00e0 l'encre sur papier, repr\u00e9sente une figure masculine dans deux ...<\/p>\n<p class=\"read-more\"> <a class=\"\" href=\"https:\/\/thefactoryconceptstore.com\/fr\/products\/bearbrick-leonard-da-vinci-vitruvian-man-400-100-2023\/\"> <span class=\"screen-reader-text\">BE@RBRICK LEONARD DA VINCI \"HOMME VITRUVIEN\" 400% 100% 2023<\/span> Lire la suite \"<\/a><\/p>","protected":false},"featured_media":8895,"template":"","meta":{"site-sidebar-layout":"default","site-content-layout":"default","ast-global-header-display":"","ast-banner-title-visibility":"","ast-main-header-display":"","ast-hfb-above-header-display":"","ast-hfb-below-header-display":"","ast-hfb-mobile-header-display":"","site-post-title":"","ast-breadcrumbs-content":"","ast-featured-img":"","footer-sml-layout":"","theme-transparent-header-meta":"default","adv-header-id-meta":"","stick-header-meta":"","header-above-stick-meta":"","header-main-stick-meta":"","header-below-stick-meta":""},"product_brand":[],"product_cat":[33],"product_tag":[],"class_list":{"0":"post-8894","1":"product","2":"type-product","3":"status-publish","4":"has-post-thumbnail","6":"product_cat-bearbrick","7":"desktop-align-left","8":"tablet-align-left","9":"mobile-align-left","11":"first","12":"instock","13":"shipping-taxable","14":"purchasable","15":"product-type-simple"},"_links":{"self":[{"href":"https:\/\/thefactoryconceptstore.com\/fr\/wp-json\/wp\/v2\/product\/8894","targetHints":{"allow":["GET"]}}],"collection":[{"href":"https:\/\/thefactoryconceptstore.com\/fr\/wp-json\/wp\/v2\/product"}],"about":[{"href":"https:\/\/thefactoryconceptstore.com\/fr\/wp-json\/wp\/v2\/types\/product"}],"version-history":[{"count":3,"href":"https:\/\/thefactoryconceptstore.com\/fr\/wp-json\/wp\/v2\/product\/8894\/revisions"}],"predecessor-version":[{"id":8928,"href":"https:\/\/thefactoryconceptstore.com\/fr\/wp-json\/wp\/v2\/product\/8894\/revisions\/8928"}],"wp:featuredmedia":[{"embeddable":true,"href":"https:\/\/thefactoryconceptstore.com\/fr\/wp-json\/wp\/v2\/media\/8895"}],"wp:attachment":[{"href":"https:\/\/thefactoryconceptstore.com\/fr\/wp-json\/wp\/v2\/media?parent=8894"}],"wp:term":[{"taxonomy":"product_brand","embeddable":true,"href":"https:\/\/thefactoryconceptstore.com\/fr\/wp-json\/wp\/v2\/product_brand?post=8894"},{"taxonomy":"product_cat","embeddable":true,"href":"https:\/\/thefactoryconceptstore.com\/fr\/wp-json\/wp\/v2\/product_cat?post=8894"},{"taxonomy":"product_tag","embeddable":true,"href":"https:\/\/thefactoryconceptstore.com\/fr\/wp-json\/wp\/v2\/product_tag?post=8894"}],"curies":[{"name":"wp","href":"https:\/\/api.w.org\/{rel}","templated":true}]}}