{"id":8883,"date":"2023-04-17T17:36:21","date_gmt":"2023-04-17T17:36:21","guid":{"rendered":"https:\/\/thefactoryconceptstore.com\/?post_type=product&#038;p=8883"},"modified":"2024-02-13T21:44:53","modified_gmt":"2024-02-13T20:44:53","slug":"bearbrick-jungle-song-by-jimmy-onishi-400-100","status":"publish","type":"product","link":"https:\/\/thefactoryconceptstore.com\/fr\/products\/bearbrick-jungle-song-by-jimmy-onishi-400-100\/","title":{"rendered":"BE@RBRICK JUNGLE SONG BY JIMMY ONISHI 400% 100% 2023"},"content":{"rendered":"<p>Be@rbrick Jungle's Song par Jimmy Onishi 400% 100% 2023<\/p>\n<p><span style=\"font-size: 16px;\">Le peintre et com\u00e9dien japonais Jimmy Onishi s'associe \u00e0 Medicom pour apporter une touche vibrante \u00e0 la silhouette de l'ours. Il pr\u00e9sente des d\u00e9tails complexes de la faune et des \u00e9claboussures de couleurs.<\/span><\/p>\n<p>Pour nous, il s'agit d'un must dans toute collection d'\u0153uvres d'art !<\/p>\n<p>Medicom Toy utilise la technologie du transfert d'eau pour garantir un placement unique de l'impression sur chaque Be@rbrick. Cela signifie que chaque Be@rbrick sera sp\u00e9ciale et unique.<\/p>\n<p>&nbsp;<\/p>","protected":false},"excerpt":{"rendered":"<p>Be@rbrick Jungle's Song par Jimmy Onishi 400% 100% 2023 Le peintre et com\u00e9dien japonais Jimmy Onishi s'associe \u00e0 Medicom pour apporter une touche vibrante \u00e0 la silhouette de l'ours. Il pr\u00e9sente des d\u00e9tails complexes de la faune et des \u00e9claboussures de couleurs. Pour nous, c'est un must dans toute collection d'art ! Medicom Toy utilise la technologie du transfert \u00e0 l'eau pour garantir ...<\/p>\n<p class=\"read-more\"> <a class=\"\" href=\"https:\/\/thefactoryconceptstore.com\/fr\/products\/bearbrick-jungle-song-by-jimmy-onishi-400-100\/\"> <span class=\"screen-reader-text\">BE@RBRICK JUNGLE SONG BY JIMMY ONISHI 400% 100% 2023<\/span> Lire la suite \"<\/a><\/p>","protected":false},"featured_media":8884,"template":"","meta":{"site-sidebar-layout":"default","site-content-layout":"default","ast-global-header-display":"","ast-banner-title-visibility":"","ast-main-header-display":"","ast-hfb-above-header-display":"","ast-hfb-below-header-display":"","ast-hfb-mobile-header-display":"","site-post-title":"","ast-breadcrumbs-content":"","ast-featured-img":"","footer-sml-layout":"","theme-transparent-header-meta":"default","adv-header-id-meta":"","stick-header-meta":"","header-above-stick-meta":"","header-main-stick-meta":"","header-below-stick-meta":""},"product_brand":[],"product_cat":[33],"product_tag":[],"class_list":{"0":"post-8883","1":"product","2":"type-product","3":"status-publish","4":"has-post-thumbnail","6":"product_cat-bearbrick","7":"desktop-align-left","8":"tablet-align-left","9":"mobile-align-left","11":"first","12":"instock","13":"shipping-taxable","14":"purchasable","15":"product-type-simple"},"_links":{"self":[{"href":"https:\/\/thefactoryconceptstore.com\/fr\/wp-json\/wp\/v2\/product\/8883","targetHints":{"allow":["GET"]}}],"collection":[{"href":"https:\/\/thefactoryconceptstore.com\/fr\/wp-json\/wp\/v2\/product"}],"about":[{"href":"https:\/\/thefactoryconceptstore.com\/fr\/wp-json\/wp\/v2\/types\/product"}],"version-history":[{"count":6,"href":"https:\/\/thefactoryconceptstore.com\/fr\/wp-json\/wp\/v2\/product\/8883\/revisions"}],"predecessor-version":[{"id":11046,"href":"https:\/\/thefactoryconceptstore.com\/fr\/wp-json\/wp\/v2\/product\/8883\/revisions\/11046"}],"wp:featuredmedia":[{"embeddable":true,"href":"https:\/\/thefactoryconceptstore.com\/fr\/wp-json\/wp\/v2\/media\/8884"}],"wp:attachment":[{"href":"https:\/\/thefactoryconceptstore.com\/fr\/wp-json\/wp\/v2\/media?parent=8883"}],"wp:term":[{"taxonomy":"product_brand","embeddable":true,"href":"https:\/\/thefactoryconceptstore.com\/fr\/wp-json\/wp\/v2\/product_brand?post=8883"},{"taxonomy":"product_cat","embeddable":true,"href":"https:\/\/thefactoryconceptstore.com\/fr\/wp-json\/wp\/v2\/product_cat?post=8883"},{"taxonomy":"product_tag","embeddable":true,"href":"https:\/\/thefactoryconceptstore.com\/fr\/wp-json\/wp\/v2\/product_tag?post=8883"}],"curies":[{"name":"wp","href":"https:\/\/api.w.org\/{rel}","templated":true}]}}