{"id":8877,"date":"2023-04-17T17:31:27","date_gmt":"2023-04-17T17:31:27","guid":{"rendered":"https:\/\/thefactoryconceptstore.com\/?post_type=product&#038;p=8877"},"modified":"2024-12-03T17:17:08","modified_gmt":"2024-12-03T16:17:08","slug":"bearbrick-ito-jackuchy-toka-shokin-zu","status":"publish","type":"product","link":"https:\/\/thefactoryconceptstore.com\/fr\/products\/bearbrick-ito-jackuchy-toka-shokin-zu\/","title":{"rendered":"BE@RBRICK ITO JAKUCHU TOKA SHOKIN-ZU 400% 100% 2022"},"content":{"rendered":"<p>Bearbrick Ito Jackuchu Toka Shokin-Zu 400% 100% 2022<\/p>\n<p class=\"topic-paragraph\"><strong>Ito Jackuchu<\/strong>, \u00e9galement appel\u00e9 <strong>Jokin<\/strong>(n\u00e9 le 2 mars 1716 \u00e0 Kyoto, Japon - d\u00e9c\u00e9d\u00e9 le 27 octobre 1800 \u00e0 Ky\u014dto), peintre japonais du milieu de la p\u00e9riode Tokugawa (1603-1867) qui excellait dans le dessin des fleurs, des poissons et des oiseaux, en particulier des volatiles, qu'il avait l'habitude de garder chez lui afin de les observer de pr\u00e8s.<\/p>\n<p class=\"topic-paragraph\">Fils d'un marchand de l\u00e9gumes, il \u00e9tudie d'abord le dessin avec un peintre de l'\u00e9cole Kano (qui met l'accent sur les sujets et les techniques chinoises). Il r\u00e9alise \u00e9galement des copies de vieux ma\u00eetres chinois. Il d\u00e9veloppe un style \u00e9tonnamment r\u00e9aliste et y ajoute des touches d\u00e9coratives qu'il a apprises en partie des \u0153uvres d'Ogata Korin (1658-1716).<\/p>\n<p class=\"topic-paragraph\">Il a r\u00e9alis\u00e9 une s\u00e9rie de 30 tableaux pour le temple de Sh\u014dkoku, intitul\u00e9e \"D\u014dshokusai-e\" (images color\u00e9es d'animaux et de plantes), qui, avec \"Gunkei zu fusumae\" (peinture sur \u00e9cran de volailles), sont ses \u0153uvres les plus c\u00e9l\u00e8bres. Plus tard, il est devenu un reclus et a pris le nom de Tobeian (\"Moine du bois\"). On dit que ceux qui ont re\u00e7u ses peintures lui en ont donn\u00e9 une... <em>\u00e0<\/em> (environ deux boisseaux) de riz en \u00e9change.<\/p>\n<p class=\"topic-paragraph\">Medicom Toy utilise la technologie du transfert d'eau pour garantir un placement unique de l'impression sur chaque Be@rbrick. Cela signifie que chaque Be@rbrick sera sp\u00e9ciale et unique.<\/p>\n<p>&nbsp;<\/p>\n<p>&nbsp;<\/p>\n<p>&nbsp;<\/p>\n<p>&nbsp;<\/p>\n<p>&nbsp;<\/p>\n<p>Medicom Toy utilise la technologie du transfert d'eau pour garantir un placement unique de l'impression sur chaque Be@rbrick. Cela signifie que chaque Be@rbrick sera sp\u00e9ciale et unique.<\/p>\n<p>&nbsp;<\/p>","protected":false},"excerpt":{"rendered":"<p>Bearbrick Ito Jackuchu Toka Shokin-Zu 400% 100% 2022 Ito Jackuchu, also called Jokin, (born March 2, 1716, kyoto, Japan\u2014died Oct. 27, 1800, Ky\u014dto), Japanese painter of the mid-Tokugawa period (1603\u20131867) who excelled\u00a0in drawing flowers, fish, and birds, especially fowl, which he used to keep at his home in order to observe them closely. The son &hellip;<\/p>\n<p class=\"read-more\"> <a class=\"\" href=\"https:\/\/thefactoryconceptstore.com\/fr\/products\/bearbrick-ito-jackuchy-toka-shokin-zu\/\"> <span class=\"screen-reader-text\">BE@RBRICK ITO JAKUCHU TOKA SHOKIN-ZU 400% 100% 2022<\/span> Lire la suite \"<\/a><\/p>","protected":false},"featured_media":8878,"template":"","meta":{"site-sidebar-layout":"default","site-content-layout":"default","ast-global-header-display":"","ast-banner-title-visibility":"","ast-main-header-display":"","ast-hfb-above-header-display":"","ast-hfb-below-header-display":"","ast-hfb-mobile-header-display":"","site-post-title":"","ast-breadcrumbs-content":"","ast-featured-img":"","footer-sml-layout":"","theme-transparent-header-meta":"default","adv-header-id-meta":"","stick-header-meta":"","header-above-stick-meta":"","header-main-stick-meta":"","header-below-stick-meta":""},"product_brand":[],"product_cat":[33],"product_tag":[],"class_list":{"0":"post-8877","1":"product","2":"type-product","3":"status-publish","4":"has-post-thumbnail","6":"product_cat-bearbrick","7":"desktop-align-left","8":"tablet-align-left","9":"mobile-align-left","11":"first","12":"instock","13":"shipping-taxable","14":"purchasable","15":"product-type-simple"},"_links":{"self":[{"href":"https:\/\/thefactoryconceptstore.com\/fr\/wp-json\/wp\/v2\/product\/8877","targetHints":{"allow":["GET"]}}],"collection":[{"href":"https:\/\/thefactoryconceptstore.com\/fr\/wp-json\/wp\/v2\/product"}],"about":[{"href":"https:\/\/thefactoryconceptstore.com\/fr\/wp-json\/wp\/v2\/types\/product"}],"version-history":[{"count":5,"href":"https:\/\/thefactoryconceptstore.com\/fr\/wp-json\/wp\/v2\/product\/8877\/revisions"}],"predecessor-version":[{"id":10708,"href":"https:\/\/thefactoryconceptstore.com\/fr\/wp-json\/wp\/v2\/product\/8877\/revisions\/10708"}],"wp:featuredmedia":[{"embeddable":true,"href":"https:\/\/thefactoryconceptstore.com\/fr\/wp-json\/wp\/v2\/media\/8878"}],"wp:attachment":[{"href":"https:\/\/thefactoryconceptstore.com\/fr\/wp-json\/wp\/v2\/media?parent=8877"}],"wp:term":[{"taxonomy":"product_brand","embeddable":true,"href":"https:\/\/thefactoryconceptstore.com\/fr\/wp-json\/wp\/v2\/product_brand?post=8877"},{"taxonomy":"product_cat","embeddable":true,"href":"https:\/\/thefactoryconceptstore.com\/fr\/wp-json\/wp\/v2\/product_cat?post=8877"},{"taxonomy":"product_tag","embeddable":true,"href":"https:\/\/thefactoryconceptstore.com\/fr\/wp-json\/wp\/v2\/product_tag?post=8877"}],"curies":[{"name":"wp","href":"https:\/\/api.w.org\/{rel}","templated":true}]}}