{"id":8872,"date":"2023-04-17T17:24:57","date_gmt":"2023-04-17T17:24:57","guid":{"rendered":"https:\/\/thefactoryconceptstore.com\/?post_type=product&#038;p=8872"},"modified":"2024-12-03T17:17:30","modified_gmt":"2024-12-03T16:17:30","slug":"bearbrick-godzilla-vs-destoroyah-400-100-2022","status":"publish","type":"product","link":"https:\/\/thefactoryconceptstore.com\/fr\/products\/bearbrick-godzilla-vs-destoroyah-400-100-2022\/","title":{"rendered":"BE@RBRICK GODZILLA VS DESTOROYAH 400% 100% 2022"},"content":{"rendered":"<p>Be@rbrick Godzilla vs Destoroyah 400% 100% 2022<\/p>\n<p>Qu'est-ce qu'il y a \u00e0 ne pas aimer dans une Be@rbrick Godzilla ? Voici la Be@rbrick Godzilla VS Destoroyah version Godzilla (Meltdown) 400% &amp; 100% Set Clear Orange Ver.<\/p>\n<p>Le set Be@rbrick comprend deux figurines, mesurant respectivement 28 cm et 7 cm.<br \/>\nCette version pr\u00e9sente Godzilla avec un corps en organe transparent et une finition noire. Cette pi\u00e8ce de collection plaira \u00e0 tous les fans de Godzilla.<br \/>\n400% 100%<\/p>\n<p>Medicom Toy utilise la technologie du transfert d'eau pour garantir un placement unique de l'impression sur chaque be@rbrick. Cela signifie que chaque Be@rbrick sera sp\u00e9ciale et unique.<\/p>\n<p>&nbsp;<\/p>","protected":false},"excerpt":{"rendered":"<p>Be@rbrick Godzilla vs Destoroyah 400% 100% 2022 Qu'y a-t-il de mieux qu'une Be@rbrick Godzilla ? Voici la Be@rbrick Godzilla VS Destoroyah version Godzilla (Meltdown) 400% &amp; 100% Set Clear Orange Ver. Le set Be@rbrick comprenait deux figurines, mesurant respectivement 28 cm et 7 cm. Cette version pr\u00e9sente Godzilla avec un organe ...<\/p>\n<p class=\"read-more\"> <a class=\"\" href=\"https:\/\/thefactoryconceptstore.com\/fr\/products\/bearbrick-godzilla-vs-destoroyah-400-100-2022\/\"> <span class=\"screen-reader-text\">BE@RBRICK GODZILLA VS DESTOROYAH 400% 100% 2022<\/span> Lire la suite \"<\/a><\/p>","protected":false},"featured_media":8873,"template":"","meta":{"site-sidebar-layout":"default","site-content-layout":"default","ast-global-header-display":"","ast-banner-title-visibility":"","ast-main-header-display":"","ast-hfb-above-header-display":"","ast-hfb-below-header-display":"","ast-hfb-mobile-header-display":"","site-post-title":"","ast-breadcrumbs-content":"","ast-featured-img":"","footer-sml-layout":"","theme-transparent-header-meta":"default","adv-header-id-meta":"","stick-header-meta":"","header-above-stick-meta":"","header-main-stick-meta":"","header-below-stick-meta":""},"product_brand":[],"product_cat":[33],"product_tag":[],"class_list":{"0":"post-8872","1":"product","2":"type-product","3":"status-publish","4":"has-post-thumbnail","6":"product_cat-bearbrick","7":"desktop-align-left","8":"tablet-align-left","9":"mobile-align-left","11":"first","12":"instock","13":"shipping-taxable","14":"purchasable","15":"product-type-simple"},"_links":{"self":[{"href":"https:\/\/thefactoryconceptstore.com\/fr\/wp-json\/wp\/v2\/product\/8872","targetHints":{"allow":["GET"]}}],"collection":[{"href":"https:\/\/thefactoryconceptstore.com\/fr\/wp-json\/wp\/v2\/product"}],"about":[{"href":"https:\/\/thefactoryconceptstore.com\/fr\/wp-json\/wp\/v2\/types\/product"}],"version-history":[{"count":4,"href":"https:\/\/thefactoryconceptstore.com\/fr\/wp-json\/wp\/v2\/product\/8872\/revisions"}],"predecessor-version":[{"id":11045,"href":"https:\/\/thefactoryconceptstore.com\/fr\/wp-json\/wp\/v2\/product\/8872\/revisions\/11045"}],"wp:featuredmedia":[{"embeddable":true,"href":"https:\/\/thefactoryconceptstore.com\/fr\/wp-json\/wp\/v2\/media\/8873"}],"wp:attachment":[{"href":"https:\/\/thefactoryconceptstore.com\/fr\/wp-json\/wp\/v2\/media?parent=8872"}],"wp:term":[{"taxonomy":"product_brand","embeddable":true,"href":"https:\/\/thefactoryconceptstore.com\/fr\/wp-json\/wp\/v2\/product_brand?post=8872"},{"taxonomy":"product_cat","embeddable":true,"href":"https:\/\/thefactoryconceptstore.com\/fr\/wp-json\/wp\/v2\/product_cat?post=8872"},{"taxonomy":"product_tag","embeddable":true,"href":"https:\/\/thefactoryconceptstore.com\/fr\/wp-json\/wp\/v2\/product_tag?post=8872"}],"curies":[{"name":"wp","href":"https:\/\/api.w.org\/{rel}","templated":true}]}}