{"id":8867,"date":"2023-04-17T17:20:09","date_gmt":"2023-04-17T17:20:09","guid":{"rendered":"https:\/\/thefactoryconceptstore.com\/?post_type=product&#038;p=8867"},"modified":"2026-01-11T07:01:42","modified_gmt":"2026-01-11T06:01:42","slug":"bearbrick-dylans-candy-bar-400-100-2018","status":"publish","type":"product","link":"https:\/\/thefactoryconceptstore.com\/fr\/products\/bearbrick-dylans-candy-bar-400-100-2018\/","title":{"rendered":"BE@RBRICK DYLAN'S CANDY BAR 400% 100% 2018"},"content":{"rendered":"<p>BE@RBRICK DYLAN'S CANDY BAR 400% 100% 2018<\/p>\n<p>Dylan's Candy Bar a collabor\u00e9 avec Medicom pour une Be@rbrick super sucr\u00e9e. Il est recouvert de sucettes, de gommes et d'autres d\u00e9licieuses friandises aux couleurs vives. Sorti en 2018, le Be@rbrick est disponible en 400% et 100%.<\/p>\n<p>Pour l'instant, il n'y a que trois tailles et un style dans la collaboration entre Dylan's Candy Bar et Be@rbrick. Sorti en 2018, cet ours a \u00e9t\u00e9 baptis\u00e9 \"Sweet Escape\", et on comprend pourquoi. Le m\u00e9lange de couleurs ressemble de loin \u00e0 un tourbillon d'arc-en-ciel. Cependant, le corps de ce Bearbrick est en fait une collection de sucettes, de bonbons \u00e0 la gomme et d'autres images de bont\u00e9 sucr\u00e9e.<\/p>\n<h3 class=\"wp-block-heading\"><\/h3>\n<p>Fond\u00e9 en 2001 par Dylan Lauren, Dylan's Candy Bar est un \"magasin de confiserie et une marque de style de vie\". Ses produits s'adressent \u00e0 l'enfant qui sommeille en chacun de nous en associant l'art, les bonbons et la mode.<\/p>\n<p>Dipl\u00f4m\u00e9e en histoire de l'art et fille de Ralph Lauren, Dylan Lauren en conna\u00eet un rayon sur la culture pop. Elle a transform\u00e9 son amour d'enfance pour Willy Wonka en un v\u00e9ritable empire de la confiserie, avec une esth\u00e9tique qui donne le sourire.<\/p>\n<p>Les fans de Dylan's Candy Bar la reconnaissent \u00e0 son utilisation imaginative de couleurs vives. Cette marque fait du bonbon une forme d'art.<\/p>\n<p>Medicom Toy utilise la technologie du transfert d'eau pour garantir un placement unique de l'impression sur chaque Be@rbrick. Cela signifie que chaque Be@rbrick sera sp\u00e9ciale et unique.<\/p>","protected":false},"excerpt":{"rendered":"<p>BE@RBRICK DYLAN'S CANDY BAR 400% 100% 2018 Dylan's Candy Bar a collabor\u00e9 avec Medicom pour une Be@rbrick super sucr\u00e9e. Il est recouvert de sucettes, de gommes et d'autres d\u00e9licieuses friandises aux couleurs vives. Sorti en 2018, le Be@rbrick est disponible en 400% et 100%. Pour l'instant, il n'y a que trois tailles et un style en ...<\/p>\n<p class=\"read-more\"> <a class=\"\" href=\"https:\/\/thefactoryconceptstore.com\/fr\/products\/bearbrick-dylans-candy-bar-400-100-2018\/\"> <span class=\"screen-reader-text\">BE@RBRICK DYLAN'S CANDY BAR 400% 100% 2018<\/span> Lire la suite \"<\/a><\/p>","protected":false},"featured_media":8868,"template":"","meta":{"site-sidebar-layout":"default","site-content-layout":"default","ast-global-header-display":"","ast-banner-title-visibility":"","ast-main-header-display":"","ast-hfb-above-header-display":"","ast-hfb-below-header-display":"","ast-hfb-mobile-header-display":"","site-post-title":"","ast-breadcrumbs-content":"","ast-featured-img":"","footer-sml-layout":"","theme-transparent-header-meta":"default","adv-header-id-meta":"","stick-header-meta":"","header-above-stick-meta":"","header-main-stick-meta":"","header-below-stick-meta":""},"product_brand":[],"product_cat":[33],"product_tag":[],"class_list":{"0":"post-8867","1":"product","2":"type-product","3":"status-publish","4":"has-post-thumbnail","6":"product_cat-bearbrick","7":"desktop-align-left","8":"tablet-align-left","9":"mobile-align-left","11":"first","12":"onbackorder","13":"shipping-taxable","14":"purchasable","15":"product-type-simple"},"_links":{"self":[{"href":"https:\/\/thefactoryconceptstore.com\/fr\/wp-json\/wp\/v2\/product\/8867","targetHints":{"allow":["GET"]}}],"collection":[{"href":"https:\/\/thefactoryconceptstore.com\/fr\/wp-json\/wp\/v2\/product"}],"about":[{"href":"https:\/\/thefactoryconceptstore.com\/fr\/wp-json\/wp\/v2\/types\/product"}],"version-history":[{"count":4,"href":"https:\/\/thefactoryconceptstore.com\/fr\/wp-json\/wp\/v2\/product\/8867\/revisions"}],"predecessor-version":[{"id":11044,"href":"https:\/\/thefactoryconceptstore.com\/fr\/wp-json\/wp\/v2\/product\/8867\/revisions\/11044"}],"wp:featuredmedia":[{"embeddable":true,"href":"https:\/\/thefactoryconceptstore.com\/fr\/wp-json\/wp\/v2\/media\/8868"}],"wp:attachment":[{"href":"https:\/\/thefactoryconceptstore.com\/fr\/wp-json\/wp\/v2\/media?parent=8867"}],"wp:term":[{"taxonomy":"product_brand","embeddable":true,"href":"https:\/\/thefactoryconceptstore.com\/fr\/wp-json\/wp\/v2\/product_brand?post=8867"},{"taxonomy":"product_cat","embeddable":true,"href":"https:\/\/thefactoryconceptstore.com\/fr\/wp-json\/wp\/v2\/product_cat?post=8867"},{"taxonomy":"product_tag","embeddable":true,"href":"https:\/\/thefactoryconceptstore.com\/fr\/wp-json\/wp\/v2\/product_tag?post=8867"}],"curies":[{"name":"wp","href":"https:\/\/api.w.org\/{rel}","templated":true}]}}