{"id":8863,"date":"2023-04-17T17:14:46","date_gmt":"2023-04-17T17:14:46","guid":{"rendered":"https:\/\/thefactoryconceptstore.com\/?post_type=product&#038;p=8863"},"modified":"2024-12-03T17:17:45","modified_gmt":"2024-12-03T16:17:45","slug":"bearbrick-disney-x-keiichi-tanaami-mickey-mouse-400-100-2021","status":"publish","type":"product","link":"https:\/\/thefactoryconceptstore.com\/fr\/products\/bearbrick-disney-x-keiichi-tanaami-mickey-mouse-400-100-2021\/","title":{"rendered":"BE@RBRICK DISNEY x KEIICHI TANAAMI MICKEY MOUSE 400% 100% 2021"},"content":{"rendered":"<p>Be@rbrick Disney x Keiichi Tanaami Mickey Mouse 400% 100% 2021<\/p>\n<p>Fruit d'une collaboration entre Medicom Toy, Disney et l'artiste japonais Keiichi Tanaami, la brique Keiichi Tanaami Mickey Mouse 400%+100% Bearbrick est sortie en 2021.<\/p>\n<p>\u00c0 propos de Keiichi Tnaami :<\/p>\n<p>N\u00e9 en 1936 \u00e0 Tokyo, au Japon, o\u00f9 il vit et travaille.<\/p>\n<p>L'enfance de Keiichi Tanaami a \u00e9t\u00e9 marqu\u00e9e par le chaos engendr\u00e9 par la Seconde Guerre mondiale. Il n'avait que neuf ans lors du raid a\u00e9rien de Tokyo en 1945 et sa famille a quitt\u00e9 sa maison de Tokyo pour s'installer \u00e0 Meguro, un quartier r\u00e9sidentiel de la banlieue, d'o\u00f9 il a observ\u00e9 plus d'une centaine d'attaques de bombes incendiaires sur sa ville natale.<\/p>\n<p>Les images d'avions am\u00e9ricains rugissants, de projecteurs, de bombes et de masses en fuite sont rest\u00e9es profond\u00e9ment ancr\u00e9es dans sa m\u00e9moire, devenant par la suite son iconographie principale - un m\u00e9lange de ses cauchemars et de ses souvenirs r\u00e9els.<\/p>\n<p>Parmi les autres influences de l'enfance, citons <em>kamishibai - <\/em>ainsi que les visites quotidiennes et obsessionnelles de Tanaami au cin\u00e9ma, o\u00f9 il \u00e9tait particuli\u00e8rement attir\u00e9 par les films de monstres populaires mettant en sc\u00e8ne des actrices glamour, qui deviendront plus tard des motifs de son \u0153uvre.<\/p>\n<p>Dessinateur talentueux, Tanaami est dipl\u00f4m\u00e9 en graphisme de l'universit\u00e9 d'art de Musashino en 1960. Il s'est rapidement forg\u00e9 une carri\u00e8re fructueuse dans le design et la publicit\u00e9, illustrant notamment les \u00e9ditions japonaises des pochettes de disques de Jefferson Airplane et des Monkees.<\/p>\n<p>Une rencontre avec la sc\u00e8ne n\u00e9o-dada japonaise, centr\u00e9e sur l'atelier de l'artiste Ushio Shinohara, ainsi qu'avec les dessins anim\u00e9s de style manga, a inspir\u00e9 l'incursion de Tanaami dans l'art. Ses collages, animations et dessins psych\u00e9d\u00e9liques, color\u00e9s et surpeupl\u00e9s, juxtaposent fr\u00e9quemment l'imagerie de la guerre \u00e0 la culture pop am\u00e9ricaine et japonaise, communiquant ainsi le message de paix sous-jacent<\/p>\n<p>Medicom Toy utilise la technologie du transfert d'eau pour garantir un placement unique de l'impression sur chaque Be@rbrick. Cela signifie que chaque Be@rbrick sera sp\u00e9ciale et unique.<\/p>\n<p>&nbsp;<\/p>","protected":false},"excerpt":{"rendered":"<p>Be@rbrick Disney x Keiichi Tanaami Mickey Mouse 400% 100% 2021 Fruit d'une collaboration entre Medicom Toy, Disney et l'artiste japonais Keiichi Tanaami, la Bearbrick Keiichi Tanaami Mickey Mouse 400%+100% est sortie en 2021. \u00c0 propos de Keiichi Tanaami : N\u00e9 en 1936 \u00e0 Tokyo, au Japon, o\u00f9 il vit et travaille. L'enfance de Keiichi Tanaami a \u00e9t\u00e9 marqu\u00e9e par le chaos ...<\/p>\n<p class=\"read-more\"> <a class=\"\" href=\"https:\/\/thefactoryconceptstore.com\/fr\/products\/bearbrick-disney-x-keiichi-tanaami-mickey-mouse-400-100-2021\/\"> <span class=\"screen-reader-text\">BE@RBRICK DISNEY x KEIICHI TANAAMI MICKEY MOUSE 400% 100% 2021<\/span> Lire la suite \"<\/a><\/p>","protected":false},"featured_media":8864,"template":"","meta":{"site-sidebar-layout":"default","site-content-layout":"default","ast-global-header-display":"","ast-banner-title-visibility":"","ast-main-header-display":"","ast-hfb-above-header-display":"","ast-hfb-below-header-display":"","ast-hfb-mobile-header-display":"","site-post-title":"","ast-breadcrumbs-content":"","ast-featured-img":"","footer-sml-layout":"","theme-transparent-header-meta":"default","adv-header-id-meta":"","stick-header-meta":"","header-above-stick-meta":"","header-main-stick-meta":"","header-below-stick-meta":""},"product_brand":[],"product_cat":[33],"product_tag":[],"class_list":{"0":"post-8863","1":"product","2":"type-product","3":"status-publish","4":"has-post-thumbnail","6":"product_cat-bearbrick","7":"desktop-align-left","8":"tablet-align-left","9":"mobile-align-left","11":"first","12":"instock","13":"shipping-taxable","14":"purchasable","15":"product-type-simple"},"_links":{"self":[{"href":"https:\/\/thefactoryconceptstore.com\/fr\/wp-json\/wp\/v2\/product\/8863","targetHints":{"allow":["GET"]}}],"collection":[{"href":"https:\/\/thefactoryconceptstore.com\/fr\/wp-json\/wp\/v2\/product"}],"about":[{"href":"https:\/\/thefactoryconceptstore.com\/fr\/wp-json\/wp\/v2\/types\/product"}],"version-history":[{"count":5,"href":"https:\/\/thefactoryconceptstore.com\/fr\/wp-json\/wp\/v2\/product\/8863\/revisions"}],"predecessor-version":[{"id":10713,"href":"https:\/\/thefactoryconceptstore.com\/fr\/wp-json\/wp\/v2\/product\/8863\/revisions\/10713"}],"wp:featuredmedia":[{"embeddable":true,"href":"https:\/\/thefactoryconceptstore.com\/fr\/wp-json\/wp\/v2\/media\/8864"}],"wp:attachment":[{"href":"https:\/\/thefactoryconceptstore.com\/fr\/wp-json\/wp\/v2\/media?parent=8863"}],"wp:term":[{"taxonomy":"product_brand","embeddable":true,"href":"https:\/\/thefactoryconceptstore.com\/fr\/wp-json\/wp\/v2\/product_brand?post=8863"},{"taxonomy":"product_cat","embeddable":true,"href":"https:\/\/thefactoryconceptstore.com\/fr\/wp-json\/wp\/v2\/product_cat?post=8863"},{"taxonomy":"product_tag","embeddable":true,"href":"https:\/\/thefactoryconceptstore.com\/fr\/wp-json\/wp\/v2\/product_tag?post=8863"}],"curies":[{"name":"wp","href":"https:\/\/api.w.org\/{rel}","templated":true}]}}