{"id":8843,"date":"2023-04-17T14:22:57","date_gmt":"2023-04-17T14:22:57","guid":{"rendered":"https:\/\/thefactoryconceptstore.com\/?post_type=product&#038;p=8843"},"modified":"2024-12-03T17:17:52","modified_gmt":"2024-12-03T16:17:52","slug":"bearbrick-batgirl-400-100-2022","status":"publish","type":"product","link":"https:\/\/thefactoryconceptstore.com\/fr\/products\/bearbrick-batgirl-400-100-2022\/","title":{"rendered":"BE@RBRICK BATGIRL 400% 100% 2022"},"content":{"rendered":"<p>Be@brick Batgirl 400% 100% 2022<\/p>\n<p>The New Batman Adventures (ou TNBA) est une s\u00e9rie t\u00e9l\u00e9vis\u00e9e d'animation diffus\u00e9e de 1997 \u00e0 1999.<br \/>\nElle a \u00e9t\u00e9 cr\u00e9\u00e9e comme une suite de Batman : The Animated Series et suit le m\u00eame sc\u00e9nario et la m\u00eame continuit\u00e9.<\/p>\n<p>Malgr\u00e9 son temps de diffusion relativement court, TNBA s'est impos\u00e9e \u00e0 la fois comme un dessin anim\u00e9 fantastique et comme un ajout bienvenu au monde de Gotham, remportant deux Daytime Emmies, entre autres r\u00e9compenses.<\/p>\n<p>Medicom Toy utilise la technologie du transfert d'eau pour garantir un placement unique de l'impression sur chaque Be@rbrick. Cela signifie que chaque Be@rbrick sera sp\u00e9ciale et unique.<\/p>\n<p>&nbsp;<\/p>","protected":false},"excerpt":{"rendered":"<p>Be@brick Batgirl 400% 100% 2022 The New Batman Adventures (ou TNBA) est une s\u00e9rie t\u00e9l\u00e9vis\u00e9e d'animation diffus\u00e9e de 1997 \u00e0 1999. Elle a \u00e9t\u00e9 cr\u00e9\u00e9e comme une suite de Batman : The Animated Series et suit le m\u00eame sc\u00e9nario et la m\u00eame continuit\u00e9. Malgr\u00e9 son temps de diffusion relativement court, TNBA s'est distingu\u00e9e comme ...<\/p>\n<p class=\"read-more\"> <a class=\"\" href=\"https:\/\/thefactoryconceptstore.com\/fr\/products\/bearbrick-batgirl-400-100-2022\/\"> <span class=\"screen-reader-text\">BE@RBRICK BATGIRL 400% 100% 2022<\/span> Lire la suite \"<\/a><\/p>","protected":false},"featured_media":8844,"template":"","meta":{"site-sidebar-layout":"default","site-content-layout":"default","ast-global-header-display":"","ast-banner-title-visibility":"","ast-main-header-display":"","ast-hfb-above-header-display":"","ast-hfb-below-header-display":"","ast-hfb-mobile-header-display":"","site-post-title":"","ast-breadcrumbs-content":"","ast-featured-img":"","footer-sml-layout":"","theme-transparent-header-meta":"default","adv-header-id-meta":"","stick-header-meta":"","header-above-stick-meta":"","header-main-stick-meta":"","header-below-stick-meta":""},"product_brand":[],"product_cat":[33],"product_tag":[],"class_list":{"0":"post-8843","1":"product","2":"type-product","3":"status-publish","4":"has-post-thumbnail","6":"product_cat-bearbrick","7":"desktop-align-left","8":"tablet-align-left","9":"mobile-align-left","11":"first","12":"outofstock","13":"shipping-taxable","14":"purchasable","15":"product-type-simple"},"_links":{"self":[{"href":"https:\/\/thefactoryconceptstore.com\/fr\/wp-json\/wp\/v2\/product\/8843","targetHints":{"allow":["GET"]}}],"collection":[{"href":"https:\/\/thefactoryconceptstore.com\/fr\/wp-json\/wp\/v2\/product"}],"about":[{"href":"https:\/\/thefactoryconceptstore.com\/fr\/wp-json\/wp\/v2\/types\/product"}],"version-history":[{"count":3,"href":"https:\/\/thefactoryconceptstore.com\/fr\/wp-json\/wp\/v2\/product\/8843\/revisions"}],"predecessor-version":[{"id":8858,"href":"https:\/\/thefactoryconceptstore.com\/fr\/wp-json\/wp\/v2\/product\/8843\/revisions\/8858"}],"wp:featuredmedia":[{"embeddable":true,"href":"https:\/\/thefactoryconceptstore.com\/fr\/wp-json\/wp\/v2\/media\/8844"}],"wp:attachment":[{"href":"https:\/\/thefactoryconceptstore.com\/fr\/wp-json\/wp\/v2\/media?parent=8843"}],"wp:term":[{"taxonomy":"product_brand","embeddable":true,"href":"https:\/\/thefactoryconceptstore.com\/fr\/wp-json\/wp\/v2\/product_brand?post=8843"},{"taxonomy":"product_cat","embeddable":true,"href":"https:\/\/thefactoryconceptstore.com\/fr\/wp-json\/wp\/v2\/product_cat?post=8843"},{"taxonomy":"product_tag","embeddable":true,"href":"https:\/\/thefactoryconceptstore.com\/fr\/wp-json\/wp\/v2\/product_tag?post=8843"}],"curies":[{"name":"wp","href":"https:\/\/api.w.org\/{rel}","templated":true}]}}