{"id":8838,"date":"2023-04-17T14:14:05","date_gmt":"2023-04-17T14:14:05","guid":{"rendered":"https:\/\/thefactoryconceptstore.com\/?post_type=product&#038;p=8838"},"modified":"2024-12-03T17:18:00","modified_gmt":"2024-12-03T16:18:00","slug":"bearbrick-andy-warhols-blue-marilyn-monroe-400-100-2020","status":"publish","type":"product","link":"https:\/\/thefactoryconceptstore.com\/fr\/products\/bearbrick-andy-warhols-blue-marilyn-monroe-400-100-2020\/","title":{"rendered":"BE@RBRICK ANDY WARHOL'S BLUE MARILYN MONROE 400% 100% 2020"},"content":{"rendered":"<p>Be@rbrick Andy Warhol's Blue Marilyn Monroe 400% 100% 2020<\/p>\n<p>L'ensemble Be@rbrick x Andy Warhol x Marilyn Monroe 400% et 100% poursuit la c\u00e9l\u00e9bration par Medicom de l'un des artistes les plus influents du 20e si\u00e8cle.<\/p>\n<p>Les deux figures rendent hommage \u00e0 l'\u0153uvre d'Andy Warhol de 1964 <i>Les Marilyns de tir<\/i>. Chaque figurine comporte les photos de Monroe de la partie bleu clair de l'\u0153uvre imprim\u00e9es sur le corps des deux Be@rbricks. Les Be@rbrick x Andy Warhol x Marilyn Monroe 100% et 400%.<\/p>\n<p>Medicom Toy utilise la technologie du transfert d'eau pour garantir un placement unique de l'impression sur chaque Be@rbrick. Cela signifie que chaque Be@rbrick sera sp\u00e9ciale et unique.<\/p>\n<p>&nbsp;<\/p>","protected":false},"excerpt":{"rendered":"<p>Be@rbrick Andy Warhol's Blue Marilyn Monroe 400% 100% 2020 Le set Be@rbrick x Andy Warhol x Marilyn Monroe 400% et 100% poursuit la c\u00e9l\u00e9bration par Medicom de l'un des artistes les plus influents du 20e si\u00e8cle. Les deux figurines rendent hommage \u00e0 l'\u0153uvre d'Andy Warhol de 1964 The Shot Marilyns. Chaque figurine pr\u00e9sente les portraits de Monroe ...<\/p>\n<p class=\"read-more\"> <a class=\"\" href=\"https:\/\/thefactoryconceptstore.com\/fr\/products\/bearbrick-andy-warhols-blue-marilyn-monroe-400-100-2020\/\"> <span class=\"screen-reader-text\">BE@RBRICK ANDY WARHOL'S BLUE MARILYN MONROE 400% 100% 2020<\/span> Lire la suite \"<\/a><\/p>","protected":false},"featured_media":8839,"template":"","meta":{"site-sidebar-layout":"default","site-content-layout":"default","ast-global-header-display":"","ast-banner-title-visibility":"","ast-main-header-display":"","ast-hfb-above-header-display":"","ast-hfb-below-header-display":"","ast-hfb-mobile-header-display":"","site-post-title":"","ast-breadcrumbs-content":"","ast-featured-img":"","footer-sml-layout":"","theme-transparent-header-meta":"default","adv-header-id-meta":"","stick-header-meta":"","header-above-stick-meta":"","header-main-stick-meta":"","header-below-stick-meta":""},"product_brand":[],"product_cat":[33],"product_tag":[],"class_list":{"0":"post-8838","1":"product","2":"type-product","3":"status-publish","4":"has-post-thumbnail","6":"product_cat-bearbrick","7":"desktop-align-left","8":"tablet-align-left","9":"mobile-align-left","11":"first","12":"outofstock","13":"shipping-taxable","14":"purchasable","15":"product-type-simple"},"_links":{"self":[{"href":"https:\/\/thefactoryconceptstore.com\/fr\/wp-json\/wp\/v2\/product\/8838","targetHints":{"allow":["GET"]}}],"collection":[{"href":"https:\/\/thefactoryconceptstore.com\/fr\/wp-json\/wp\/v2\/product"}],"about":[{"href":"https:\/\/thefactoryconceptstore.com\/fr\/wp-json\/wp\/v2\/types\/product"}],"version-history":[{"count":3,"href":"https:\/\/thefactoryconceptstore.com\/fr\/wp-json\/wp\/v2\/product\/8838\/revisions"}],"predecessor-version":[{"id":8856,"href":"https:\/\/thefactoryconceptstore.com\/fr\/wp-json\/wp\/v2\/product\/8838\/revisions\/8856"}],"wp:featuredmedia":[{"embeddable":true,"href":"https:\/\/thefactoryconceptstore.com\/fr\/wp-json\/wp\/v2\/media\/8839"}],"wp:attachment":[{"href":"https:\/\/thefactoryconceptstore.com\/fr\/wp-json\/wp\/v2\/media?parent=8838"}],"wp:term":[{"taxonomy":"product_brand","embeddable":true,"href":"https:\/\/thefactoryconceptstore.com\/fr\/wp-json\/wp\/v2\/product_brand?post=8838"},{"taxonomy":"product_cat","embeddable":true,"href":"https:\/\/thefactoryconceptstore.com\/fr\/wp-json\/wp\/v2\/product_cat?post=8838"},{"taxonomy":"product_tag","embeddable":true,"href":"https:\/\/thefactoryconceptstore.com\/fr\/wp-json\/wp\/v2\/product_tag?post=8838"}],"curies":[{"name":"wp","href":"https:\/\/api.w.org\/{rel}","templated":true}]}}