{"id":8833,"date":"2023-04-17T14:06:08","date_gmt":"2023-04-17T14:06:08","guid":{"rendered":"https:\/\/thefactoryconceptstore.com\/?post_type=product&#038;p=8833"},"modified":"2024-12-03T17:18:06","modified_gmt":"2024-12-03T16:18:06","slug":"bearbrick-almond-blossoms-by-vincent-van-gogh-400-100-2022","status":"publish","type":"product","link":"https:\/\/thefactoryconceptstore.com\/fr\/products\/bearbrick-almond-blossoms-by-vincent-van-gogh-400-100-2022\/","title":{"rendered":"BE@RBRICK ALMOND BLOSSOMS BY VINCENT VAN GOGH 400% 100% 2022"},"content":{"rendered":"<p>Be@rbrick Amandiers en fleurs par Vincent Van Gogh 400% 100% 2022<\/p>\n<p>Cette fois, la marque fait \u00e0 nouveau \u00e9quipe avec le mus\u00e9e Van Gogh pour redonner vie \u00e0 un classique de Van Gogh, avec cette \u00e9dition ayant pour th\u00e8me son \u0153uvre de 1890 \"Almond Blossoms\", qui pr\u00e9sente un motif d'amandiers en fleurs avec l'inscription \"Vincent\" au dos.<\/p>\n<p>Medicom Toy utilise la technologie du transfert d'eau pour garantir un placement unique de l'impression sur chaque Be@rbrick. Cela signifie que chaque Be@rbrick sera sp\u00e9ciale et unique.<\/p>\n<p>&nbsp;<\/p>","protected":false},"excerpt":{"rendered":"<p>Be@rbrick Almond Blossoms by Vincent Van Gogh 400% 100% 2022 Cette fois, la marque s'associe \u00e0 nouveau au mus\u00e9e Van Gogh pour redonner vie \u00e0 un classique de Van Gogh, avec cette \u00e9dition ayant pour th\u00e8me son \u0153uvre de 1890. \"Almond Blossoms\" pr\u00e9sente un motif all-over d'amandiers en fleurs avec \"Vincent\" \u00e9crit sur ...<\/p>\n<p class=\"read-more\"> <a class=\"\" href=\"https:\/\/thefactoryconceptstore.com\/fr\/products\/bearbrick-almond-blossoms-by-vincent-van-gogh-400-100-2022\/\"> <span class=\"screen-reader-text\">BE@RBRICK ALMOND BLOSSOMS BY VINCENT VAN GOGH 400% 100% 2022<\/span> Lire la suite \"<\/a><\/p>","protected":false},"featured_media":8834,"template":"","meta":{"site-sidebar-layout":"default","site-content-layout":"default","ast-global-header-display":"","ast-banner-title-visibility":"","ast-main-header-display":"","ast-hfb-above-header-display":"","ast-hfb-below-header-display":"","ast-hfb-mobile-header-display":"","site-post-title":"","ast-breadcrumbs-content":"","ast-featured-img":"","footer-sml-layout":"","theme-transparent-header-meta":"default","adv-header-id-meta":"","stick-header-meta":"","header-above-stick-meta":"","header-main-stick-meta":"","header-below-stick-meta":""},"product_brand":[],"product_cat":[33],"product_tag":[],"class_list":{"0":"post-8833","1":"product","2":"type-product","3":"status-publish","4":"has-post-thumbnail","6":"product_cat-bearbrick","7":"desktop-align-left","8":"tablet-align-left","9":"mobile-align-left","11":"first","12":"outofstock","13":"shipping-taxable","14":"purchasable","15":"product-type-simple"},"_links":{"self":[{"href":"https:\/\/thefactoryconceptstore.com\/fr\/wp-json\/wp\/v2\/product\/8833","targetHints":{"allow":["GET"]}}],"collection":[{"href":"https:\/\/thefactoryconceptstore.com\/fr\/wp-json\/wp\/v2\/product"}],"about":[{"href":"https:\/\/thefactoryconceptstore.com\/fr\/wp-json\/wp\/v2\/types\/product"}],"version-history":[{"count":5,"href":"https:\/\/thefactoryconceptstore.com\/fr\/wp-json\/wp\/v2\/product\/8833\/revisions"}],"predecessor-version":[{"id":10715,"href":"https:\/\/thefactoryconceptstore.com\/fr\/wp-json\/wp\/v2\/product\/8833\/revisions\/10715"}],"wp:featuredmedia":[{"embeddable":true,"href":"https:\/\/thefactoryconceptstore.com\/fr\/wp-json\/wp\/v2\/media\/8834"}],"wp:attachment":[{"href":"https:\/\/thefactoryconceptstore.com\/fr\/wp-json\/wp\/v2\/media?parent=8833"}],"wp:term":[{"taxonomy":"product_brand","embeddable":true,"href":"https:\/\/thefactoryconceptstore.com\/fr\/wp-json\/wp\/v2\/product_brand?post=8833"},{"taxonomy":"product_cat","embeddable":true,"href":"https:\/\/thefactoryconceptstore.com\/fr\/wp-json\/wp\/v2\/product_cat?post=8833"},{"taxonomy":"product_tag","embeddable":true,"href":"https:\/\/thefactoryconceptstore.com\/fr\/wp-json\/wp\/v2\/product_tag?post=8833"}],"curies":[{"name":"wp","href":"https:\/\/api.w.org\/{rel}","templated":true}]}}