{"id":8823,"date":"2023-04-17T13:47:39","date_gmt":"2023-04-17T13:47:39","guid":{"rendered":"https:\/\/thefactoryconceptstore.com\/?post_type=product&#038;p=8823"},"modified":"2023-11-12T10:27:55","modified_gmt":"2023-11-12T09:27:55","slug":"bearbrick-andy-warhol-pink-camo-400-100-2017","status":"publish","type":"product","link":"https:\/\/thefactoryconceptstore.com\/fr\/products\/bearbrick-andy-warhol-pink-camo-400-100-2017\/","title":{"rendered":"BE@RBRICK ANDY WARHOL PINK CAMO 400% 100% 2017"},"content":{"rendered":"<div class=\"css-l4s3xe\">\n<div class=\"css-17w8l66\" data-component=\"ProductTraits\">\n<div class=\"css-101wtdy\" data-component=\"product-trait\">\n<p class=\"chakra-text css-wgsjnl\">BE@RBRICK ANDY WARHOL PINK CAMO 400% 100% 2017<\/p>\n<\/div>\n<\/div>\n<\/div>\n<div class=\"css-13qkkpi\" data-component=\"ProductDescription\">\n<p class=\"chakra-text css-16vde4f\">Be@rbrick a cr\u00e9\u00e9 plusieurs versions de son objet de collection autour de l'\u0153uvre et de la personnalit\u00e9 d'Andy Warhol. Cette version de la Be@rbrick Andy Warhol pr\u00e9sente un camouflage rose, jaune et rouge couvrant la be@rbrick, avec des lignes repr\u00e9sentant Warhol lui-m\u00eame, couvert par le camouflage.<\/p>\n<p class=\"chakra-text css-16vde4f\">Ce set comprend les versions 400% et 100% des bearbricks. Le set de briques roses Andy Warhol Camo Ver. 100% &amp; 400% est sorti en 2017.<\/p>\n<p class=\"chakra-text css-16vde4f\">Medicom Toy utilise la technologie du transfert d'eau pour garantir un placement unique de l'impression sur chaque Be@rbrick. Cela signifie que chaque Be@rbrick sera sp\u00e9ciale et unique.<\/p>\n<\/div>\n<p>&nbsp;<\/p>","protected":false},"excerpt":{"rendered":"<p>BE@RBRICK ANDY WARHOL PINK CAMO 400% 100% 2017 Be@rbrick a cr\u00e9\u00e9 plusieurs versions de son objet de collection autour de l'\u0153uvre et de la personnalit\u00e9 d'Andy Warhol. Cette version de la Be@rbrick Andy Warhol pr\u00e9sente un camouflage rose, jaune et rouge couvrant la be@rbrick, avec des lignes repr\u00e9sentant Warhol lui-m\u00eame, couvert par le camouflage. Ce set comprend \u00e0 la fois une ...<\/p>\n<p class=\"read-more\"> <a class=\"\" href=\"https:\/\/thefactoryconceptstore.com\/fr\/products\/bearbrick-andy-warhol-pink-camo-400-100-2017\/\"> <span class=\"screen-reader-text\">BE@RBRICK ANDY WARHOL PINK CAMO 400% 100% 2017<\/span> Lire la suite \"<\/a><\/p>","protected":false},"featured_media":8825,"template":"","meta":{"site-sidebar-layout":"default","site-content-layout":"default","ast-global-header-display":"","ast-banner-title-visibility":"","ast-main-header-display":"","ast-hfb-above-header-display":"","ast-hfb-below-header-display":"","ast-hfb-mobile-header-display":"","site-post-title":"","ast-breadcrumbs-content":"","ast-featured-img":"","footer-sml-layout":"","theme-transparent-header-meta":"default","adv-header-id-meta":"","stick-header-meta":"","header-above-stick-meta":"","header-main-stick-meta":"","header-below-stick-meta":""},"product_brand":[],"product_cat":[33],"product_tag":[],"class_list":{"0":"post-8823","1":"product","2":"type-product","3":"status-publish","4":"has-post-thumbnail","6":"product_cat-bearbrick","7":"desktop-align-left","8":"tablet-align-left","9":"mobile-align-left","11":"first","12":"instock","13":"shipping-taxable","14":"purchasable","15":"product-type-simple"},"_links":{"self":[{"href":"https:\/\/thefactoryconceptstore.com\/fr\/wp-json\/wp\/v2\/product\/8823","targetHints":{"allow":["GET"]}}],"collection":[{"href":"https:\/\/thefactoryconceptstore.com\/fr\/wp-json\/wp\/v2\/product"}],"about":[{"href":"https:\/\/thefactoryconceptstore.com\/fr\/wp-json\/wp\/v2\/types\/product"}],"version-history":[{"count":6,"href":"https:\/\/thefactoryconceptstore.com\/fr\/wp-json\/wp\/v2\/product\/8823\/revisions"}],"predecessor-version":[{"id":11043,"href":"https:\/\/thefactoryconceptstore.com\/fr\/wp-json\/wp\/v2\/product\/8823\/revisions\/11043"}],"wp:featuredmedia":[{"embeddable":true,"href":"https:\/\/thefactoryconceptstore.com\/fr\/wp-json\/wp\/v2\/media\/8825"}],"wp:attachment":[{"href":"https:\/\/thefactoryconceptstore.com\/fr\/wp-json\/wp\/v2\/media?parent=8823"}],"wp:term":[{"taxonomy":"product_brand","embeddable":true,"href":"https:\/\/thefactoryconceptstore.com\/fr\/wp-json\/wp\/v2\/product_brand?post=8823"},{"taxonomy":"product_cat","embeddable":true,"href":"https:\/\/thefactoryconceptstore.com\/fr\/wp-json\/wp\/v2\/product_cat?post=8823"},{"taxonomy":"product_tag","embeddable":true,"href":"https:\/\/thefactoryconceptstore.com\/fr\/wp-json\/wp\/v2\/product_tag?post=8823"}],"curies":[{"name":"wp","href":"https:\/\/api.w.org\/{rel}","templated":true}]}}