{"id":8749,"date":"2023-04-05T08:40:31","date_gmt":"2023-04-05T06:40:31","guid":{"rendered":"https:\/\/thefactoryconceptstore.com\/?post_type=product&#038;p=8749"},"modified":"2024-12-03T17:18:33","modified_gmt":"2024-12-03T16:18:33","slug":"bearbrick-keith-haring-v6-400-100-2018","status":"publish","type":"product","link":"https:\/\/thefactoryconceptstore.com\/fr\/products\/bearbrick-keith-haring-v6-400-100-2018\/","title":{"rendered":"BE@RBRICK KEITH HARING V6 400%100% 2018"},"content":{"rendered":"<p>BE@RBRICK KEITH HARING V6 400%100% 2018<\/p>\n<p>Medicom Toy pr\u00e9sente cet ensemble de 400% et 100% Be@rbrick avec un motif de l'\u0153uvre d'art du c\u00e9l\u00e8bre artiste et activiste social am\u00e9ricain Keith Haring.<\/p>\n<p>Il s'agit de la cinqui\u00e8me brique Be@rbrick de Keith Haring \u00e0 \u00eatre \u00e9dit\u00e9e. Les couleurs sont parfaitement assorties et sa signature est imprim\u00e9e au dos. Elle mesure 28 cm et 7 cm.<\/p>\n<p>Faites-en un ajout unique \u00e0 votre collection d'art ou de Be@rbrick.<\/p>\n<p>Medicom toy utilise la technologie du transfert d'eau pour garantir un placement unique de l'impression sur chaque be@rbrick. Cela signifie que chaque Be@rbrick sera sp\u00e9ciale et unique.<\/p>\n<p>&nbsp;<\/p>\n<p>&nbsp;<\/p>","protected":false},"excerpt":{"rendered":"<p>BE@RBRICK KEITH HARING V6 400%100% 2018 From Medicom Toy comes this 400% &amp; 100% Be@rbrick set with an all-over pattern of artwork by the famous American artist and social activist, Keith Haring. It is the fifth Keith Haring Be@rbrick to be released. The colors are perfectly matched and his signature is printed on the back. &hellip;<\/p>\n<p class=\"read-more\"> <a class=\"\" href=\"https:\/\/thefactoryconceptstore.com\/fr\/products\/bearbrick-keith-haring-v6-400-100-2018\/\"> <span class=\"screen-reader-text\">BE@RBRICK KEITH HARING V6 400%100% 2018<\/span> Lire la suite \"<\/a><\/p>","protected":false},"featured_media":8750,"template":"","meta":{"site-sidebar-layout":"default","site-content-layout":"default","ast-global-header-display":"","ast-banner-title-visibility":"","ast-main-header-display":"","ast-hfb-above-header-display":"","ast-hfb-below-header-display":"","ast-hfb-mobile-header-display":"","site-post-title":"","ast-breadcrumbs-content":"","ast-featured-img":"","footer-sml-layout":"","theme-transparent-header-meta":"default","adv-header-id-meta":"","stick-header-meta":"","header-above-stick-meta":"","header-main-stick-meta":"","header-below-stick-meta":""},"product_brand":[],"product_cat":[33],"product_tag":[],"class_list":{"0":"post-8749","1":"product","2":"type-product","3":"status-publish","4":"has-post-thumbnail","6":"product_cat-bearbrick","7":"desktop-align-left","8":"tablet-align-left","9":"mobile-align-left","11":"first","12":"instock","13":"shipping-taxable","14":"purchasable","15":"product-type-simple"},"_links":{"self":[{"href":"https:\/\/thefactoryconceptstore.com\/fr\/wp-json\/wp\/v2\/product\/8749","targetHints":{"allow":["GET"]}}],"collection":[{"href":"https:\/\/thefactoryconceptstore.com\/fr\/wp-json\/wp\/v2\/product"}],"about":[{"href":"https:\/\/thefactoryconceptstore.com\/fr\/wp-json\/wp\/v2\/types\/product"}],"version-history":[{"count":4,"href":"https:\/\/thefactoryconceptstore.com\/fr\/wp-json\/wp\/v2\/product\/8749\/revisions"}],"predecessor-version":[{"id":11041,"href":"https:\/\/thefactoryconceptstore.com\/fr\/wp-json\/wp\/v2\/product\/8749\/revisions\/11041"}],"wp:featuredmedia":[{"embeddable":true,"href":"https:\/\/thefactoryconceptstore.com\/fr\/wp-json\/wp\/v2\/media\/8750"}],"wp:attachment":[{"href":"https:\/\/thefactoryconceptstore.com\/fr\/wp-json\/wp\/v2\/media?parent=8749"}],"wp:term":[{"taxonomy":"product_brand","embeddable":true,"href":"https:\/\/thefactoryconceptstore.com\/fr\/wp-json\/wp\/v2\/product_brand?post=8749"},{"taxonomy":"product_cat","embeddable":true,"href":"https:\/\/thefactoryconceptstore.com\/fr\/wp-json\/wp\/v2\/product_cat?post=8749"},{"taxonomy":"product_tag","embeddable":true,"href":"https:\/\/thefactoryconceptstore.com\/fr\/wp-json\/wp\/v2\/product_tag?post=8749"}],"curies":[{"name":"wp","href":"https:\/\/api.w.org\/{rel}","templated":true}]}}