{"id":8743,"date":"2023-04-05T08:36:47","date_gmt":"2023-04-05T06:36:47","guid":{"rendered":"https:\/\/thefactoryconceptstore.com\/?post_type=product&#038;p=8743"},"modified":"2024-12-03T17:18:38","modified_gmt":"2024-12-03T16:18:38","slug":"bearbrick-frontman-400-100-2022","status":"publish","type":"product","link":"https:\/\/thefactoryconceptstore.com\/fr\/products\/bearbrick-frontman-400-100-2022\/","title":{"rendered":"BE@RBRICK FRONTMAN 400% 100% 2022"},"content":{"rendered":"<p>BE@RBRICK FRONTMAN 400% 100% 2022<\/p>\n<p>Les inf\u00e2mes gardes en costume rouge avec des formes sur leur masque et le leader de la s\u00e9rie t\u00e9l\u00e9vis\u00e9e de survie, Squid Game, re\u00e7oivent le traitement Be@rbrick avec une gamme compl\u00e8te de Be@rbrick Squid Game de Medicom Toy \u00e0 collectionner !<\/p>\n<p>Choisissez votre favori ou prenez l'ensemble !<\/p>\n<p>Medicom toy utilise la technologie de transfert d'eau pour garantir un placement unique de l'impression sur chaque Be@rbrick. Cela signifie que chaque Be@rbrick sera sp\u00e9ciale et unique.<\/p>\n<p>&nbsp;<\/p>\n<p>&nbsp;<\/p>","protected":false},"excerpt":{"rendered":"<p>BE@RBRICK FRONTMAN 400% 100% 2022 The infamous red suited guards with shapes on their masks and the frontman from the survival drama television series, Squid Game, gets the Be@rbrick treatment with a full line-up of Squid Game Be@rbrick from Medicom Toy to collect! Choose your favorite or grab the entire set! Medicom toy use Water &hellip;<\/p>\n<p class=\"read-more\"> <a class=\"\" href=\"https:\/\/thefactoryconceptstore.com\/fr\/products\/bearbrick-frontman-400-100-2022\/\"> <span class=\"screen-reader-text\">BE@RBRICK FRONTMAN 400% 100% 2022<\/span> Lire la suite \"<\/a><\/p>","protected":false},"featured_media":8744,"template":"","meta":{"site-sidebar-layout":"default","site-content-layout":"default","ast-global-header-display":"","ast-banner-title-visibility":"","ast-main-header-display":"","ast-hfb-above-header-display":"","ast-hfb-below-header-display":"","ast-hfb-mobile-header-display":"","site-post-title":"","ast-breadcrumbs-content":"","ast-featured-img":"","footer-sml-layout":"","theme-transparent-header-meta":"default","adv-header-id-meta":"","stick-header-meta":"","header-above-stick-meta":"","header-main-stick-meta":"","header-below-stick-meta":""},"product_brand":[],"product_cat":[33],"product_tag":[],"class_list":{"0":"post-8743","1":"product","2":"type-product","3":"status-publish","4":"has-post-thumbnail","6":"product_cat-bearbrick","7":"desktop-align-left","8":"tablet-align-left","9":"mobile-align-left","11":"first","12":"instock","13":"shipping-taxable","14":"purchasable","15":"product-type-simple"},"_links":{"self":[{"href":"https:\/\/thefactoryconceptstore.com\/fr\/wp-json\/wp\/v2\/product\/8743","targetHints":{"allow":["GET"]}}],"collection":[{"href":"https:\/\/thefactoryconceptstore.com\/fr\/wp-json\/wp\/v2\/product"}],"about":[{"href":"https:\/\/thefactoryconceptstore.com\/fr\/wp-json\/wp\/v2\/types\/product"}],"version-history":[{"count":4,"href":"https:\/\/thefactoryconceptstore.com\/fr\/wp-json\/wp\/v2\/product\/8743\/revisions"}],"predecessor-version":[{"id":11040,"href":"https:\/\/thefactoryconceptstore.com\/fr\/wp-json\/wp\/v2\/product\/8743\/revisions\/11040"}],"wp:featuredmedia":[{"embeddable":true,"href":"https:\/\/thefactoryconceptstore.com\/fr\/wp-json\/wp\/v2\/media\/8744"}],"wp:attachment":[{"href":"https:\/\/thefactoryconceptstore.com\/fr\/wp-json\/wp\/v2\/media?parent=8743"}],"wp:term":[{"taxonomy":"product_brand","embeddable":true,"href":"https:\/\/thefactoryconceptstore.com\/fr\/wp-json\/wp\/v2\/product_brand?post=8743"},{"taxonomy":"product_cat","embeddable":true,"href":"https:\/\/thefactoryconceptstore.com\/fr\/wp-json\/wp\/v2\/product_cat?post=8743"},{"taxonomy":"product_tag","embeddable":true,"href":"https:\/\/thefactoryconceptstore.com\/fr\/wp-json\/wp\/v2\/product_tag?post=8743"}],"curies":[{"name":"wp","href":"https:\/\/api.w.org\/{rel}","templated":true}]}}