{"id":8737,"date":"2023-04-05T08:33:36","date_gmt":"2023-04-05T06:33:36","guid":{"rendered":"https:\/\/thefactoryconceptstore.com\/?post_type=product&#038;p=8737"},"modified":"2024-12-03T17:18:45","modified_gmt":"2024-12-03T16:18:45","slug":"bearbrick-dave-chrome-ver-100-400-2022","status":"publish","type":"product","link":"https:\/\/thefactoryconceptstore.com\/fr\/products\/bearbrick-dave-chrome-ver-100-400-2022\/","title":{"rendered":"BE@RBRICK DAVE CHROME Ver. 100\uff05 &amp; 400\uff05 2022"},"content":{"rendered":"<p>BE@RBRICK DAVE CHROME Ver. 100\uff05 &amp; 400\uff05 2022<\/p>\n<p>Aujourd'hui, la fi\u00e8vre des Minions s'empare de la ligne Be@rbrick avec la sortie de Kevin, tir\u00e9 du nouveau film Minions : L'ascension de Gru !<\/p>\n<p>Ces figurines 400% et 100% mesurent respectivement 2,8\" et 11\", ont une finition chrom\u00e9e brillante et recr\u00e9ent le minion qui adore taquiner jusqu'\u00e0 ses lunettes et sa salopette tordue.<\/p>\n<p>Medicom toy utilise la technologie de transfert d'eau pour garantir un placement unique de l'impression sur chaque Be@rbrick. Cela signifie que chaque Be@rbrick sera sp\u00e9ciale et unique.<\/p>","protected":false},"excerpt":{"rendered":"<p>BE@RBRICK DAVE CHROME Ver. 100\uff05 &amp; 400\uff05 2022 Now, Minions fever comes to the Be@rbrick line with this release of Kevin from the new movie Minions: The Rise of Gru! These 400% and 100% figures measure 2.8\u201d and 11\u201d tall respectively, have a shiny chrome finish, and recreate the minion who loves to tease down &hellip;<\/p>\n<p class=\"read-more\"> <a class=\"\" href=\"https:\/\/thefactoryconceptstore.com\/fr\/products\/bearbrick-dave-chrome-ver-100-400-2022\/\"> <span class=\"screen-reader-text\">BE@RBRICK DAVE CHROME Ver. 100\uff05 &amp; 400\uff05 2022<\/span> Lire la suite \"<\/a><\/p>","protected":false},"featured_media":8738,"template":"","meta":{"site-sidebar-layout":"default","site-content-layout":"default","ast-global-header-display":"","ast-banner-title-visibility":"","ast-main-header-display":"","ast-hfb-above-header-display":"","ast-hfb-below-header-display":"","ast-hfb-mobile-header-display":"","site-post-title":"","ast-breadcrumbs-content":"","ast-featured-img":"","footer-sml-layout":"","theme-transparent-header-meta":"default","adv-header-id-meta":"","stick-header-meta":"","header-above-stick-meta":"","header-main-stick-meta":"","header-below-stick-meta":""},"product_brand":[],"product_cat":[33],"product_tag":[],"class_list":{"0":"post-8737","1":"product","2":"type-product","3":"status-publish","4":"has-post-thumbnail","6":"product_cat-bearbrick","7":"desktop-align-left","8":"tablet-align-left","9":"mobile-align-left","11":"first","12":"outofstock","13":"shipping-taxable","14":"purchasable","15":"product-type-simple"},"_links":{"self":[{"href":"https:\/\/thefactoryconceptstore.com\/fr\/wp-json\/wp\/v2\/product\/8737","targetHints":{"allow":["GET"]}}],"collection":[{"href":"https:\/\/thefactoryconceptstore.com\/fr\/wp-json\/wp\/v2\/product"}],"about":[{"href":"https:\/\/thefactoryconceptstore.com\/fr\/wp-json\/wp\/v2\/types\/product"}],"version-history":[{"count":4,"href":"https:\/\/thefactoryconceptstore.com\/fr\/wp-json\/wp\/v2\/product\/8737\/revisions"}],"predecessor-version":[{"id":11039,"href":"https:\/\/thefactoryconceptstore.com\/fr\/wp-json\/wp\/v2\/product\/8737\/revisions\/11039"}],"wp:featuredmedia":[{"embeddable":true,"href":"https:\/\/thefactoryconceptstore.com\/fr\/wp-json\/wp\/v2\/media\/8738"}],"wp:attachment":[{"href":"https:\/\/thefactoryconceptstore.com\/fr\/wp-json\/wp\/v2\/media?parent=8737"}],"wp:term":[{"taxonomy":"product_brand","embeddable":true,"href":"https:\/\/thefactoryconceptstore.com\/fr\/wp-json\/wp\/v2\/product_brand?post=8737"},{"taxonomy":"product_cat","embeddable":true,"href":"https:\/\/thefactoryconceptstore.com\/fr\/wp-json\/wp\/v2\/product_cat?post=8737"},{"taxonomy":"product_tag","embeddable":true,"href":"https:\/\/thefactoryconceptstore.com\/fr\/wp-json\/wp\/v2\/product_tag?post=8737"}],"curies":[{"name":"wp","href":"https:\/\/api.w.org\/{rel}","templated":true}]}}