{"id":8731,"date":"2023-04-05T08:28:33","date_gmt":"2023-04-05T06:28:33","guid":{"rendered":"https:\/\/thefactoryconceptstore.com\/?post_type=product&#038;p=8731"},"modified":"2024-12-03T17:18:54","modified_gmt":"2024-12-03T16:18:54","slug":"bearbrick-atmos-x-coca-cola-type-6-100-400-2022","status":"publish","type":"product","link":"https:\/\/thefactoryconceptstore.com\/fr\/products\/bearbrick-atmos-x-coca-cola-type-6-100-400-2022\/","title":{"rendered":"BE@RBRICK ATMOS \u00d7 COCA COLA TYPE-6 100\uff05 &amp; 400\uff05 2022"},"content":{"rendered":"<p>BE@RBRICK ATMOS \u00d7 COCA COLA TYPE-6 100\uff05 &amp; 400\uff05 2022<\/p>\n<p>Be@rbrick et le fabricant mondial de boissons Coca-Cola et les articles de collaboration d'Atmos sont en vente.<br \/>\nLa collaboration de la s\u00e9rie populaire, qui sera cette fois le sixi\u00e8me \u00e9pisode, s'appelle \"Be@rbrick Coca-Cola x Atmos TYPE-6\".<\/p>\n<p>Les lettres \"Coca-Cola\" sont imprim\u00e9es dans la langue de chaque pays sur toute la longueur de la Be@brick, et le mot \"Atmos\" est imprim\u00e9 sur la face avant.<\/p>\n<p>La BOX utilise le m\u00eame design que Be@rbick, elle doit donc \u00eatre un produit irr\u00e9sistible pour les collectionneurs. Cette fois, 100% &amp; 400% et 1000% seront vendus simultan\u00e9ment.<\/p>\n<p>Medicom toy utilise la technologie de transfert d'eau pour garantir un placement unique de l'impression sur chaque Be@rbrick. Cela signifie que chaque Be@rbrick sera sp\u00e9ciale et unique.<\/p>","protected":false},"excerpt":{"rendered":"<p>BE@RBRICK ATMOS \u00d7 COCA COLA TYPE-6 100\uff05 &amp; 400\uff05 2022 Be@rbrick and global beverage maker Coca-Cola and Atmos collaboration items are on sale. The collaboration of the popular series, which this time will be the sixth installment, is called &#8220;Be@rbrick Coca-Cola x Atmos TYPE-6&#8221;. The letters &#8220;Coca-Cola&#8221; are printed in each country&#8217;s language along the &hellip;<\/p>\n<p class=\"read-more\"> <a class=\"\" href=\"https:\/\/thefactoryconceptstore.com\/fr\/products\/bearbrick-atmos-x-coca-cola-type-6-100-400-2022\/\"> <span class=\"screen-reader-text\">BE@RBRICK ATMOS \u00d7 COCA COLA TYPE-6 100\uff05 &amp; 400\uff05 2022<\/span> Lire la suite \"<\/a><\/p>","protected":false},"featured_media":8732,"template":"","meta":{"site-sidebar-layout":"default","site-content-layout":"default","ast-global-header-display":"","ast-banner-title-visibility":"","ast-main-header-display":"","ast-hfb-above-header-display":"","ast-hfb-below-header-display":"","ast-hfb-mobile-header-display":"","site-post-title":"","ast-breadcrumbs-content":"","ast-featured-img":"","footer-sml-layout":"","theme-transparent-header-meta":"default","adv-header-id-meta":"","stick-header-meta":"","header-above-stick-meta":"","header-main-stick-meta":"","header-below-stick-meta":""},"product_brand":[],"product_cat":[33],"product_tag":[],"class_list":{"0":"post-8731","1":"product","2":"type-product","3":"status-publish","4":"has-post-thumbnail","6":"product_cat-bearbrick","7":"desktop-align-left","8":"tablet-align-left","9":"mobile-align-left","11":"first","12":"outofstock","13":"shipping-taxable","14":"purchasable","15":"product-type-simple"},"_links":{"self":[{"href":"https:\/\/thefactoryconceptstore.com\/fr\/wp-json\/wp\/v2\/product\/8731","targetHints":{"allow":["GET"]}}],"collection":[{"href":"https:\/\/thefactoryconceptstore.com\/fr\/wp-json\/wp\/v2\/product"}],"about":[{"href":"https:\/\/thefactoryconceptstore.com\/fr\/wp-json\/wp\/v2\/types\/product"}],"version-history":[{"count":9,"href":"https:\/\/thefactoryconceptstore.com\/fr\/wp-json\/wp\/v2\/product\/8731\/revisions"}],"predecessor-version":[{"id":11038,"href":"https:\/\/thefactoryconceptstore.com\/fr\/wp-json\/wp\/v2\/product\/8731\/revisions\/11038"}],"wp:featuredmedia":[{"embeddable":true,"href":"https:\/\/thefactoryconceptstore.com\/fr\/wp-json\/wp\/v2\/media\/8732"}],"wp:attachment":[{"href":"https:\/\/thefactoryconceptstore.com\/fr\/wp-json\/wp\/v2\/media?parent=8731"}],"wp:term":[{"taxonomy":"product_brand","embeddable":true,"href":"https:\/\/thefactoryconceptstore.com\/fr\/wp-json\/wp\/v2\/product_brand?post=8731"},{"taxonomy":"product_cat","embeddable":true,"href":"https:\/\/thefactoryconceptstore.com\/fr\/wp-json\/wp\/v2\/product_cat?post=8731"},{"taxonomy":"product_tag","embeddable":true,"href":"https:\/\/thefactoryconceptstore.com\/fr\/wp-json\/wp\/v2\/product_tag?post=8731"}],"curies":[{"name":"wp","href":"https:\/\/api.w.org\/{rel}","templated":true}]}}