{"id":8719,"date":"2023-04-05T08:21:04","date_gmt":"2023-04-05T08:21:04","guid":{"rendered":"https:\/\/thefactoryconceptstore.com\/?post_type=product&#038;p=8719"},"modified":"2024-12-03T17:19:07","modified_gmt":"2024-12-03T16:19:07","slug":"bearbrick-amplifier-400-100-2022","status":"publish","type":"product","link":"https:\/\/thefactoryconceptstore.com\/fr\/products\/bearbrick-amplifier-400-100-2022\/","title":{"rendered":"BE@RBRICK AMPLIFICATEUR 400% 100% 2022"},"content":{"rendered":"<p>BE@RBRICK AMPLIFICATEUR 400% 100% 2022<\/p>\n<p>Le BE@RBRICK du 5e anniversaire d'Amplifier amplifie et r\u00e9pand la l\u00e9gende du rock japonais ! Ce mod\u00e8le pr\u00e9sente un motif l\u00e9opard avec le logo de la marque de v\u00eatements de rock Amplifier et dans le m\u00e9lange.<\/p>\n<p>Medicom toy utilise la technologie de transfert d'eau pour garantir un placement unique de l'impression sur chaque Be@rbrick. Cela signifie que chaque Be@rbrick sera sp\u00e9ciale et unique.<\/p>","protected":false},"excerpt":{"rendered":"<p>BE@RBRICK AMPLIFIER 400% 100% 2022 BE@RBRICK, le 5\u00e8me anniversaire d'Amplifier, qui amplifie et r\u00e9pand la l\u00e9gende du rock japonais ! Cette fois, c'est un motif l\u00e9opard avec le logo de la marque de v\u00eatements de rock Amplifier et dans le m\u00e9lange. Medicom toy utilise la technologie de transfert d'eau pour garantir un placement unique de l'impression sur chaque Be@rbrick. Cela signifie que chaque Be@rbrick sera sp\u00e9ciale et ...<\/p>\n<p class=\"read-more\"> <a class=\"\" href=\"https:\/\/thefactoryconceptstore.com\/fr\/products\/bearbrick-amplifier-400-100-2022\/\"> <span class=\"screen-reader-text\">BE@RBRICK AMPLIFICATEUR 400% 100% 2022<\/span> Lire la suite \"<\/a><\/p>","protected":false},"featured_media":8720,"template":"","meta":{"site-sidebar-layout":"default","site-content-layout":"default","ast-global-header-display":"","ast-banner-title-visibility":"","ast-main-header-display":"","ast-hfb-above-header-display":"","ast-hfb-below-header-display":"","ast-hfb-mobile-header-display":"","site-post-title":"","ast-breadcrumbs-content":"","ast-featured-img":"","footer-sml-layout":"","theme-transparent-header-meta":"default","adv-header-id-meta":"","stick-header-meta":"","header-above-stick-meta":"","header-main-stick-meta":"","header-below-stick-meta":""},"product_brand":[],"product_cat":[33],"product_tag":[],"class_list":{"0":"post-8719","1":"product","2":"type-product","3":"status-publish","4":"has-post-thumbnail","6":"product_cat-bearbrick","7":"desktop-align-left","8":"tablet-align-left","9":"mobile-align-left","11":"first","12":"outofstock","13":"shipping-taxable","14":"purchasable","15":"product-type-simple"},"_links":{"self":[{"href":"https:\/\/thefactoryconceptstore.com\/fr\/wp-json\/wp\/v2\/product\/8719","targetHints":{"allow":["GET"]}}],"collection":[{"href":"https:\/\/thefactoryconceptstore.com\/fr\/wp-json\/wp\/v2\/product"}],"about":[{"href":"https:\/\/thefactoryconceptstore.com\/fr\/wp-json\/wp\/v2\/types\/product"}],"version-history":[{"count":7,"href":"https:\/\/thefactoryconceptstore.com\/fr\/wp-json\/wp\/v2\/product\/8719\/revisions"}],"predecessor-version":[{"id":11037,"href":"https:\/\/thefactoryconceptstore.com\/fr\/wp-json\/wp\/v2\/product\/8719\/revisions\/11037"}],"wp:featuredmedia":[{"embeddable":true,"href":"https:\/\/thefactoryconceptstore.com\/fr\/wp-json\/wp\/v2\/media\/8720"}],"wp:attachment":[{"href":"https:\/\/thefactoryconceptstore.com\/fr\/wp-json\/wp\/v2\/media?parent=8719"}],"wp:term":[{"taxonomy":"product_brand","embeddable":true,"href":"https:\/\/thefactoryconceptstore.com\/fr\/wp-json\/wp\/v2\/product_brand?post=8719"},{"taxonomy":"product_cat","embeddable":true,"href":"https:\/\/thefactoryconceptstore.com\/fr\/wp-json\/wp\/v2\/product_cat?post=8719"},{"taxonomy":"product_tag","embeddable":true,"href":"https:\/\/thefactoryconceptstore.com\/fr\/wp-json\/wp\/v2\/product_tag?post=8719"}],"curies":[{"name":"wp","href":"https:\/\/api.w.org\/{rel}","templated":true}]}}