{"id":8713,"date":"2023-04-05T08:14:43","date_gmt":"2023-04-05T06:14:43","guid":{"rendered":"https:\/\/thefactoryconceptstore.com\/?post_type=product&#038;p=8713"},"modified":"2024-12-03T17:19:13","modified_gmt":"2024-12-03T16:19:13","slug":"bearbrick-slimer-green-ghost-100-400-2020","status":"publish","type":"product","link":"https:\/\/thefactoryconceptstore.com\/fr\/products\/bearbrick-slimer-green-ghost-100-400-2020\/","title":{"rendered":"BE@RBRICK SLIMER (FANT\u00d4ME VERT) 100\uff05 &amp; 400\uff05 2020"},"content":{"rendered":"<p>BE@RBRICK SLIMER (FANT\u00d4ME VERT) 100\uff05 &amp; 400\uff05 2020<\/p>\n<p>En commen\u00e7ant par l'emballage, chaque Be@rbrick repr\u00e9sente dans les moindres d\u00e9tails tous les personnages connus de la culture pop moderne. Cette fois-ci, elle fait revivre le fant\u00f4me Slimer, le premier fant\u00f4me captur\u00e9 avec succ\u00e8s par les S.O.S. Fant\u00f4mes dans le film embl\u00e9matique de 1984. Un autre joyau de Medicom.<\/p>\n<p>Medicom toy utilise la technologie de transfert d'eau pour garantir un placement unique de l'impression sur chaque Be@rbrick. Cela signifie que chaque Be@rbrick sera sp\u00e9ciale et unique.<\/p>","protected":false},"excerpt":{"rendered":"<p>BE@RBRICK SLIMER (GREEN GHOST) 100\uff05 &amp; 400\uff05 2020 En commen\u00e7ant par l'emballage, chaque Be@rbrick repr\u00e9sente dans les moindres d\u00e9tails tous les personnages connus de la culture pop moderne. Cette fois-ci, elle fait revivre le fant\u00f4me Slimer, le premier fant\u00f4me captur\u00e9 avec succ\u00e8s par les Ghostbusters dans le film embl\u00e9matique de 1984. Un autre bijou de Medicom. Les jouets Medicom utilisent de l'eau ...<\/p>\n<p class=\"read-more\"> <a class=\"\" href=\"https:\/\/thefactoryconceptstore.com\/fr\/products\/bearbrick-slimer-green-ghost-100-400-2020\/\"> <span class=\"screen-reader-text\">BE@RBRICK SLIMER (FANT\u00d4ME VERT) 100\uff05 &amp; 400\uff05 2020<\/span> Lire la suite \"<\/a><\/p>","protected":false},"featured_media":8714,"template":"","meta":{"site-sidebar-layout":"default","site-content-layout":"default","ast-global-header-display":"","ast-banner-title-visibility":"","ast-main-header-display":"","ast-hfb-above-header-display":"","ast-hfb-below-header-display":"","ast-hfb-mobile-header-display":"","site-post-title":"","ast-breadcrumbs-content":"","ast-featured-img":"","footer-sml-layout":"","theme-transparent-header-meta":"default","adv-header-id-meta":"","stick-header-meta":"","header-above-stick-meta":"","header-main-stick-meta":"","header-below-stick-meta":""},"product_brand":[],"product_cat":[33],"product_tag":[],"class_list":{"0":"post-8713","1":"product","2":"type-product","3":"status-publish","4":"has-post-thumbnail","6":"product_cat-bearbrick","7":"desktop-align-left","8":"tablet-align-left","9":"mobile-align-left","11":"first","12":"outofstock","13":"shipping-taxable","14":"purchasable","15":"product-type-simple"},"_links":{"self":[{"href":"https:\/\/thefactoryconceptstore.com\/fr\/wp-json\/wp\/v2\/product\/8713","targetHints":{"allow":["GET"]}}],"collection":[{"href":"https:\/\/thefactoryconceptstore.com\/fr\/wp-json\/wp\/v2\/product"}],"about":[{"href":"https:\/\/thefactoryconceptstore.com\/fr\/wp-json\/wp\/v2\/types\/product"}],"version-history":[{"count":6,"href":"https:\/\/thefactoryconceptstore.com\/fr\/wp-json\/wp\/v2\/product\/8713\/revisions"}],"predecessor-version":[{"id":11036,"href":"https:\/\/thefactoryconceptstore.com\/fr\/wp-json\/wp\/v2\/product\/8713\/revisions\/11036"}],"wp:featuredmedia":[{"embeddable":true,"href":"https:\/\/thefactoryconceptstore.com\/fr\/wp-json\/wp\/v2\/media\/8714"}],"wp:attachment":[{"href":"https:\/\/thefactoryconceptstore.com\/fr\/wp-json\/wp\/v2\/media?parent=8713"}],"wp:term":[{"taxonomy":"product_brand","embeddable":true,"href":"https:\/\/thefactoryconceptstore.com\/fr\/wp-json\/wp\/v2\/product_brand?post=8713"},{"taxonomy":"product_cat","embeddable":true,"href":"https:\/\/thefactoryconceptstore.com\/fr\/wp-json\/wp\/v2\/product_cat?post=8713"},{"taxonomy":"product_tag","embeddable":true,"href":"https:\/\/thefactoryconceptstore.com\/fr\/wp-json\/wp\/v2\/product_tag?post=8713"}],"curies":[{"name":"wp","href":"https:\/\/api.w.org\/{rel}","templated":true}]}}