{"id":8707,"date":"2023-04-05T08:10:16","date_gmt":"2023-04-05T06:10:16","guid":{"rendered":"https:\/\/thefactoryconceptstore.com\/?post_type=product&#038;p=8707"},"modified":"2024-05-10T20:41:36","modified_gmt":"2024-05-10T18:41:36","slug":"bearbrick-shun-sudo-100-400-2022","status":"publish","type":"product","link":"https:\/\/thefactoryconceptstore.com\/fr\/products\/bearbrick-shun-sudo-100-400-2022\/","title":{"rendered":"BE@RBRICK SHUN SUDO 100\uff05 &amp; 400\uff05 2022"},"content":{"rendered":"<p>BE@RBRICK SHUN SUDO 100\uff05 &amp; 400\uff05 2022<\/p>\n<p>Medicom toy utilise la technologie de transfert d'eau pour garantir un placement unique de l'impression sur chaque Be@rbrick. Cela signifie que chaque Be@rbrick sera sp\u00e9ciale et unique.<\/p>\n<p>N\u00e9 \u00e0 Tokyo en 1977, Shun Sudo vit et travaille actuellement \u00e0 Tokyo, au Japon. Sudo s'est install\u00e9 aux \u00c9tats-Unis \u00e0 l'\u00e2ge de 20 ans et a appris les techniques artistiques en voyageant \u00e0 travers le monde.<\/p>\n<p>La pratique artistique de Sudo, centr\u00e9e sur la peinture, est compos\u00e9e d'une gamme extr\u00eamement diversifi\u00e9e d'\u00e9l\u00e9ments multiples, y compris des \u00e9l\u00e9ments h\u00e9rit\u00e9s des cultures pop et de rue japonaises et am\u00e9ricaines qui l'ont profond\u00e9ment influenc\u00e9 au cours de son enfance, comme le skateboard, les graffitis, les mangas et les anime, ainsi que des \u00e9l\u00e9ments inspir\u00e9s par la peinture japonaise et le sumi-e (peinture \u00e0 l'encre), traditionnellement d\u00e9velopp\u00e9s au Japon et en Orient, qui sont li\u00e9s \u00e0 ses propres racines, et des \u00e9l\u00e9ments tir\u00e9s des mouvements et tendances artistiques du pass\u00e9 gr\u00e2ce \u00e0 une \u00e9tude ind\u00e9pendante de l'histoire de l'art moderne et contemporain, en particulier en Occident.<\/p>\n<p>Dans l'\u0153uvre de Sudo, ces \u00e9l\u00e9ments sont m\u00e9lang\u00e9s de mani\u00e8re harmonieuse, tout en conservant leur remarquable h\u00e9t\u00e9rog\u00e9n\u00e9it\u00e9.<\/p>\n<p>En ce sens, ses \u0153uvres incarnent la possibilit\u00e9 d'un nouveau type de \"beaux-arts\" qui transcende la dichotomie conventionnelle entre \"high art\" et \"low art\". En outre, les peintures de Sudo, qui semblent \u00e0 premi\u00e8re vue s'inscrire dans la lign\u00e9e du Pop Art, contiennent une critique des situations sociales et politiques, qui a tendance \u00e0 \u00eatre \u00e9vit\u00e9e dans le \"Pop Art\" conventionnel, gr\u00e2ce \u00e0 son point de vue unique<\/p>\n<p>Medicom toy utilise la technologie de transfert d'eau pour garantir un placement unique de l'impression sur chaque Be@rbrick. Cela signifie que chaque Be@rbrick sera sp\u00e9ciale et unique.<\/p>\n<p>&nbsp;<\/p>","protected":false},"excerpt":{"rendered":"<p>BE@RBRICK SHUN SUDO 100\uff05 &amp; 400\uff05 2022 Medicom toy utilise la technologie du transfert d'eau pour garantir un placement unique de l'impression sur chaque Be@rbrick. Cela signifie que chaque Be@rbrick sera sp\u00e9ciale et unique. N\u00e9 \u00e0 Tokyo en 1977, Shun Sudo vit et travaille actuellement \u00e0 Tokyo, au Japon. Sudo s'est install\u00e9 aux \u00c9tats-Unis dans la vingtaine et a appris ...<\/p>\n<p class=\"read-more\"> <a class=\"\" href=\"https:\/\/thefactoryconceptstore.com\/fr\/products\/bearbrick-shun-sudo-100-400-2022\/\"> <span class=\"screen-reader-text\">BE@RBRICK SHUN SUDO 100\uff05 &amp; 400\uff05 2022<\/span> Lire la suite \"<\/a><\/p>","protected":false},"featured_media":8708,"template":"","meta":{"site-sidebar-layout":"default","site-content-layout":"default","ast-global-header-display":"","ast-banner-title-visibility":"","ast-main-header-display":"","ast-hfb-above-header-display":"","ast-hfb-below-header-display":"","ast-hfb-mobile-header-display":"","site-post-title":"","ast-breadcrumbs-content":"","ast-featured-img":"","footer-sml-layout":"","theme-transparent-header-meta":"default","adv-header-id-meta":"","stick-header-meta":"","header-above-stick-meta":"","header-main-stick-meta":"","header-below-stick-meta":""},"product_brand":[],"product_cat":[33],"product_tag":[],"class_list":{"0":"post-8707","1":"product","2":"type-product","3":"status-publish","4":"has-post-thumbnail","6":"product_cat-bearbrick","7":"desktop-align-left","8":"tablet-align-left","9":"mobile-align-left","11":"first","12":"instock","13":"shipping-taxable","14":"purchasable","15":"product-type-simple"},"_links":{"self":[{"href":"https:\/\/thefactoryconceptstore.com\/fr\/wp-json\/wp\/v2\/product\/8707","targetHints":{"allow":["GET"]}}],"collection":[{"href":"https:\/\/thefactoryconceptstore.com\/fr\/wp-json\/wp\/v2\/product"}],"about":[{"href":"https:\/\/thefactoryconceptstore.com\/fr\/wp-json\/wp\/v2\/types\/product"}],"version-history":[{"count":7,"href":"https:\/\/thefactoryconceptstore.com\/fr\/wp-json\/wp\/v2\/product\/8707\/revisions"}],"predecessor-version":[{"id":11035,"href":"https:\/\/thefactoryconceptstore.com\/fr\/wp-json\/wp\/v2\/product\/8707\/revisions\/11035"}],"wp:featuredmedia":[{"embeddable":true,"href":"https:\/\/thefactoryconceptstore.com\/fr\/wp-json\/wp\/v2\/media\/8708"}],"wp:attachment":[{"href":"https:\/\/thefactoryconceptstore.com\/fr\/wp-json\/wp\/v2\/media?parent=8707"}],"wp:term":[{"taxonomy":"product_brand","embeddable":true,"href":"https:\/\/thefactoryconceptstore.com\/fr\/wp-json\/wp\/v2\/product_brand?post=8707"},{"taxonomy":"product_cat","embeddable":true,"href":"https:\/\/thefactoryconceptstore.com\/fr\/wp-json\/wp\/v2\/product_cat?post=8707"},{"taxonomy":"product_tag","embeddable":true,"href":"https:\/\/thefactoryconceptstore.com\/fr\/wp-json\/wp\/v2\/product_tag?post=8707"}],"curies":[{"name":"wp","href":"https:\/\/api.w.org\/{rel}","templated":true}]}}