{"id":8701,"date":"2023-04-05T08:06:02","date_gmt":"2023-04-05T08:06:02","guid":{"rendered":"https:\/\/thefactoryconceptstore.com\/?post_type=product&#038;p=8701"},"modified":"2024-12-03T17:19:20","modified_gmt":"2024-12-03T16:19:20","slug":"bearbrick-mintdesigns-400-2022","status":"publish","type":"product","link":"https:\/\/thefactoryconceptstore.com\/fr\/products\/bearbrick-mintdesigns-400-2022\/","title":{"rendered":"BE@RBRICK MINTDESIGNS 400% 2022"},"content":{"rendered":"<p>BE@RBRICK MINTDESIGNS 400% 2022<\/p>\n<p>Medicom toys et la marque japonaise Mintdesigns ont collabor\u00e9 \u00e0 la cr\u00e9ation d'une brique \u00e0 motifs. Les fondateurs de Mintdesigns, Hokuto Katsui et Nao Yagi, aiment faire des erreurs heureuses pour trouver des motifs authentiques et uniques. Le motif original a \u00e9t\u00e9 pr\u00e9sent\u00e9 dans la s\u00e9rie Bearbrick 100% 42 et est maintenant disponible sous la forme 400%.<\/p>\n<p>Medicom toy utilise la technologie de transfert d'eau pour garantir un placement unique de l'impression sur chaque Be@rbrick. Cela signifie que chaque Be@rbrick sera sp\u00e9ciale et unique.<\/p>","protected":false},"excerpt":{"rendered":"<p>BE@RBRICK MINTDESIGNS 400% 2022 Medicom toys et la marque japonaise de style de vie Mintdesigns ont collabor\u00e9 \u00e0 la cr\u00e9ation d'un motif bearbrick. Les fondateurs de Mintdesigns, Hokuto Katsui et Nao Yagi, aiment faire des erreurs heureuses pour trouver des motifs authentiques et uniques. Le motif original a \u00e9t\u00e9 pr\u00e9sent\u00e9 dans la s\u00e9rie Bearbrick 100% 42 et est maintenant disponible sous la forme 400%. Medicom toy ...<\/p>\n<p class=\"read-more\"> <a class=\"\" href=\"https:\/\/thefactoryconceptstore.com\/fr\/products\/bearbrick-mintdesigns-400-2022\/\"> <span class=\"screen-reader-text\">BE@RBRICK MINTDESIGNS 400% 2022<\/span> Lire la suite \"<\/a><\/p>","protected":false},"featured_media":8702,"template":"","meta":{"site-sidebar-layout":"default","site-content-layout":"default","ast-global-header-display":"","ast-banner-title-visibility":"","ast-main-header-display":"","ast-hfb-above-header-display":"","ast-hfb-below-header-display":"","ast-hfb-mobile-header-display":"","site-post-title":"","ast-breadcrumbs-content":"","ast-featured-img":"","footer-sml-layout":"","theme-transparent-header-meta":"default","adv-header-id-meta":"","stick-header-meta":"","header-above-stick-meta":"","header-main-stick-meta":"","header-below-stick-meta":""},"product_brand":[],"product_cat":[33],"product_tag":[],"class_list":{"0":"post-8701","1":"product","2":"type-product","3":"status-publish","4":"has-post-thumbnail","6":"product_cat-bearbrick","7":"desktop-align-left","8":"tablet-align-left","9":"mobile-align-left","11":"first","12":"instock","13":"shipping-taxable","14":"purchasable","15":"product-type-simple"},"_links":{"self":[{"href":"https:\/\/thefactoryconceptstore.com\/fr\/wp-json\/wp\/v2\/product\/8701","targetHints":{"allow":["GET"]}}],"collection":[{"href":"https:\/\/thefactoryconceptstore.com\/fr\/wp-json\/wp\/v2\/product"}],"about":[{"href":"https:\/\/thefactoryconceptstore.com\/fr\/wp-json\/wp\/v2\/types\/product"}],"version-history":[{"count":6,"href":"https:\/\/thefactoryconceptstore.com\/fr\/wp-json\/wp\/v2\/product\/8701\/revisions"}],"predecessor-version":[{"id":11034,"href":"https:\/\/thefactoryconceptstore.com\/fr\/wp-json\/wp\/v2\/product\/8701\/revisions\/11034"}],"wp:featuredmedia":[{"embeddable":true,"href":"https:\/\/thefactoryconceptstore.com\/fr\/wp-json\/wp\/v2\/media\/8702"}],"wp:attachment":[{"href":"https:\/\/thefactoryconceptstore.com\/fr\/wp-json\/wp\/v2\/media?parent=8701"}],"wp:term":[{"taxonomy":"product_brand","embeddable":true,"href":"https:\/\/thefactoryconceptstore.com\/fr\/wp-json\/wp\/v2\/product_brand?post=8701"},{"taxonomy":"product_cat","embeddable":true,"href":"https:\/\/thefactoryconceptstore.com\/fr\/wp-json\/wp\/v2\/product_cat?post=8701"},{"taxonomy":"product_tag","embeddable":true,"href":"https:\/\/thefactoryconceptstore.com\/fr\/wp-json\/wp\/v2\/product_tag?post=8701"}],"curies":[{"name":"wp","href":"https:\/\/api.w.org\/{rel}","templated":true}]}}