{"id":8695,"date":"2023-04-05T08:01:33","date_gmt":"2023-04-05T08:01:33","guid":{"rendered":"https:\/\/thefactoryconceptstore.com\/?post_type=product&#038;p=8695"},"modified":"2024-12-03T17:19:26","modified_gmt":"2024-12-03T16:19:26","slug":"bearbrick-marvel-spider-man-black-suit-400-100-2022","status":"publish","type":"product","link":"https:\/\/thefactoryconceptstore.com\/fr\/products\/bearbrick-marvel-spider-man-black-suit-400-100-2022\/","title":{"rendered":"BE@RBRICK MARVEL SPIDER MAN BLACK SUIT 400% 100% 2022"},"content":{"rendered":"<p>BE@RBRICK MARVEL SPIDER MAN BLACK SUIT 400% 100% 2022<\/p>\n<p>Medicom Toy's avec sa s\u00e9rie de figurines Be@rbrick rend hommage au l\u00e9gendaire Spiderman.<\/p>\n<p>Ces figurines Be@rbrick 400% et 100% mesurent respectivement 28 cm et 7 cm de haut et sont dot\u00e9es d'un motif th\u00e9matique.<br \/>\nCe Be@rbrick x Marvel Spider Man Black fait partie de la collaboration la plus recherch\u00e9e en 2022 !<\/p>\n<p>Il est v\u00eatu du costume bicolore du super-h\u00e9ros. Les oreilles et les yeux blancs cr\u00e9ent un joli contraste avec le masque enti\u00e8rement noir. L'araign\u00e9e embl\u00e9matique figure sur la poitrine et le dos de Spider-Man.<\/p>\n<p>Medicom toy utilise la technologie de transfert d'eau pour garantir un placement unique de l'impression sur chaque Be@rbrick. Cela signifie que chaque Be@rbrick sera sp\u00e9ciale et unique.<\/p>\n<p>&nbsp;<\/p>\n<p>&nbsp;<\/p>","protected":false},"excerpt":{"rendered":"<p>BE@RBRICK MARVEL SPIDER MAN BLACK SUIT 400% 100% 2022 Medicom Toy's avec sa s\u00e9rie de figurines Be@rbrick rend hommage au l\u00e9gendaire Spiderman. Ces figurines Be@rbrick 400% et 100% mesurent respectivement 28 cm et 7 cm de haut et sont dot\u00e9es d'un design th\u00e9matique. Cette figurine Be@rbrick x Marvel Spider Man Black fait partie de la collaboration la plus ...<\/p>\n<p class=\"read-more\"> <a class=\"\" href=\"https:\/\/thefactoryconceptstore.com\/fr\/products\/bearbrick-marvel-spider-man-black-suit-400-100-2022\/\"> <span class=\"screen-reader-text\">BE@RBRICK MARVEL SPIDER MAN BLACK SUIT 400% 100% 2022<\/span> Lire la suite \"<\/a><\/p>","protected":false},"featured_media":8696,"template":"","meta":{"site-sidebar-layout":"default","site-content-layout":"default","ast-global-header-display":"","ast-banner-title-visibility":"","ast-main-header-display":"","ast-hfb-above-header-display":"","ast-hfb-below-header-display":"","ast-hfb-mobile-header-display":"","site-post-title":"","ast-breadcrumbs-content":"","ast-featured-img":"","footer-sml-layout":"","theme-transparent-header-meta":"default","adv-header-id-meta":"","stick-header-meta":"","header-above-stick-meta":"","header-main-stick-meta":"","header-below-stick-meta":""},"product_brand":[],"product_cat":[33],"product_tag":[],"class_list":{"0":"post-8695","1":"product","2":"type-product","3":"status-publish","4":"has-post-thumbnail","6":"product_cat-bearbrick","7":"desktop-align-left","8":"tablet-align-left","9":"mobile-align-left","11":"first","12":"instock","13":"shipping-taxable","14":"purchasable","15":"product-type-simple"},"_links":{"self":[{"href":"https:\/\/thefactoryconceptstore.com\/fr\/wp-json\/wp\/v2\/product\/8695","targetHints":{"allow":["GET"]}}],"collection":[{"href":"https:\/\/thefactoryconceptstore.com\/fr\/wp-json\/wp\/v2\/product"}],"about":[{"href":"https:\/\/thefactoryconceptstore.com\/fr\/wp-json\/wp\/v2\/types\/product"}],"version-history":[{"count":7,"href":"https:\/\/thefactoryconceptstore.com\/fr\/wp-json\/wp\/v2\/product\/8695\/revisions"}],"predecessor-version":[{"id":11031,"href":"https:\/\/thefactoryconceptstore.com\/fr\/wp-json\/wp\/v2\/product\/8695\/revisions\/11031"}],"wp:featuredmedia":[{"embeddable":true,"href":"https:\/\/thefactoryconceptstore.com\/fr\/wp-json\/wp\/v2\/media\/8696"}],"wp:attachment":[{"href":"https:\/\/thefactoryconceptstore.com\/fr\/wp-json\/wp\/v2\/media?parent=8695"}],"wp:term":[{"taxonomy":"product_brand","embeddable":true,"href":"https:\/\/thefactoryconceptstore.com\/fr\/wp-json\/wp\/v2\/product_brand?post=8695"},{"taxonomy":"product_cat","embeddable":true,"href":"https:\/\/thefactoryconceptstore.com\/fr\/wp-json\/wp\/v2\/product_cat?post=8695"},{"taxonomy":"product_tag","embeddable":true,"href":"https:\/\/thefactoryconceptstore.com\/fr\/wp-json\/wp\/v2\/product_tag?post=8695"}],"curies":[{"name":"wp","href":"https:\/\/api.w.org\/{rel}","templated":true}]}}