{"id":8688,"date":"2023-04-05T07:57:02","date_gmt":"2023-04-05T05:57:02","guid":{"rendered":"https:\/\/thefactoryconceptstore.com\/?post_type=product&#038;p=8688"},"modified":"2024-12-03T17:19:38","modified_gmt":"2024-12-03T16:19:38","slug":"bearbrick-jupiter-100-400-2022","status":"publish","type":"product","link":"https:\/\/thefactoryconceptstore.com\/fr\/products\/bearbrick-jupiter-100-400-2022\/","title":{"rendered":"BE@RBRICK JUPITER 100\uff05 &amp; 400\uff05 2022"},"content":{"rendered":"<p>BE@RBRICK JUPITER 100\uff05 &amp; 400\uff05 2022<\/p>\n<p>Dans le cadre de l'exposition Medicom Toy 2022 !<\/p>\n<p>Sonder l'int\u00e9rieur de Jupiter pour d\u00e9couvrir les origines du syst\u00e8me solaire : tel est l'objectif de la sonde spatiale Juno d\u00e9velopp\u00e9e par la NASA et lanc\u00e9e depuis Cap Canaveral (Floride) le 5 ao\u00fbt 2011.<\/p>\n<p>Pr\u00e8s de cinq ans apr\u00e8s avoir quitt\u00e9 la Terre, elle s'est mise en orbite autour de Jupiter le 5 juillet 2016 pour fournir de pr\u00e9cieuses informations aux astronomes afin de percer les myst\u00e8res de cette plan\u00e8te.<\/p>\n<p>Medicom toy utilise la technologie de transfert d'eau pour garantir un placement unique de l'impression sur chaque Be@rbrick. Cela signifie que chaque Be@rbrick sera sp\u00e9ciale et unique.<\/p>","protected":false},"excerpt":{"rendered":"<p>BE@RBRICK JUPITER 100\uff05 &amp; 400\uff05 2022 Dans le cadre de la sortie de l'exposition Medicom Toy 2022 ! Sonder l'int\u00e9rieur de Jupiter pour d\u00e9couvrir les origines du syst\u00e8me solaire : tel est l'objectif de la sonde spatiale Juno d\u00e9velopp\u00e9e par la NASA et lanc\u00e9e depuis Cap Canaveral (Floride) le 5 ao\u00fbt 2011. Pr\u00e8s de cinq ans apr\u00e8s avoir quitt\u00e9 la Terre, elle ...<\/p>\n<p class=\"read-more\"> <a class=\"\" href=\"https:\/\/thefactoryconceptstore.com\/fr\/products\/bearbrick-jupiter-100-400-2022\/\"> <span class=\"screen-reader-text\">BE@RBRICK JUPITER 100\uff05 &amp; 400\uff05 2022<\/span> Lire la suite \"<\/a><\/p>","protected":false},"featured_media":8689,"template":"","meta":{"site-sidebar-layout":"default","site-content-layout":"default","ast-global-header-display":"","ast-banner-title-visibility":"","ast-main-header-display":"","ast-hfb-above-header-display":"","ast-hfb-below-header-display":"","ast-hfb-mobile-header-display":"","site-post-title":"","ast-breadcrumbs-content":"","ast-featured-img":"","footer-sml-layout":"","theme-transparent-header-meta":"default","adv-header-id-meta":"","stick-header-meta":"","header-above-stick-meta":"","header-main-stick-meta":"","header-below-stick-meta":""},"product_brand":[],"product_cat":[33],"product_tag":[],"class_list":{"0":"post-8688","1":"product","2":"type-product","3":"status-publish","4":"has-post-thumbnail","6":"product_cat-bearbrick","7":"desktop-align-left","8":"tablet-align-left","9":"mobile-align-left","11":"first","12":"instock","13":"shipping-taxable","14":"purchasable","15":"product-type-simple"},"_links":{"self":[{"href":"https:\/\/thefactoryconceptstore.com\/fr\/wp-json\/wp\/v2\/product\/8688","targetHints":{"allow":["GET"]}}],"collection":[{"href":"https:\/\/thefactoryconceptstore.com\/fr\/wp-json\/wp\/v2\/product"}],"about":[{"href":"https:\/\/thefactoryconceptstore.com\/fr\/wp-json\/wp\/v2\/types\/product"}],"version-history":[{"count":5,"href":"https:\/\/thefactoryconceptstore.com\/fr\/wp-json\/wp\/v2\/product\/8688\/revisions"}],"predecessor-version":[{"id":11030,"href":"https:\/\/thefactoryconceptstore.com\/fr\/wp-json\/wp\/v2\/product\/8688\/revisions\/11030"}],"wp:featuredmedia":[{"embeddable":true,"href":"https:\/\/thefactoryconceptstore.com\/fr\/wp-json\/wp\/v2\/media\/8689"}],"wp:attachment":[{"href":"https:\/\/thefactoryconceptstore.com\/fr\/wp-json\/wp\/v2\/media?parent=8688"}],"wp:term":[{"taxonomy":"product_brand","embeddable":true,"href":"https:\/\/thefactoryconceptstore.com\/fr\/wp-json\/wp\/v2\/product_brand?post=8688"},{"taxonomy":"product_cat","embeddable":true,"href":"https:\/\/thefactoryconceptstore.com\/fr\/wp-json\/wp\/v2\/product_cat?post=8688"},{"taxonomy":"product_tag","embeddable":true,"href":"https:\/\/thefactoryconceptstore.com\/fr\/wp-json\/wp\/v2\/product_tag?post=8688"}],"curies":[{"name":"wp","href":"https:\/\/api.w.org\/{rel}","templated":true}]}}