{"id":8676,"date":"2023-04-04T16:16:41","date_gmt":"2023-04-04T14:16:41","guid":{"rendered":"https:\/\/thefactoryconceptstore.com\/?post_type=product&#038;p=8676"},"modified":"2023-05-28T21:04:55","modified_gmt":"2023-05-28T19:04:55","slug":"alex-simone-petit-grain-de-soleil-gift-box","status":"publish","type":"product","link":"https:\/\/thefactoryconceptstore.com\/fr\/products\/alex-simone-petit-grain-de-soleil-gift-box\/","title":{"rendered":"Bo\u00eete cadeau \"Petit Grain de Soleil\" d'Alex Simone"},"content":{"rendered":"<div class=\"Rte\">\n<p class=\"p1\"><strong>MANDARINE DANS TOUS SES \u00c9TATS - FEUILLE DE MANDARINE<\/strong><\/p>\n<div class=\"page\" title=\"Page 6\">\n<div class=\"section\">\n<div class=\"layoutArea\">\n<div class=\"column\">\n<div class=\"page\" title=\"Page 6\">\n<div class=\"section\">\n<div class=\"layoutArea\">\n<div class=\"column\">\n<p>Le diffuseur de parfum PETIT GRAIN DE SOLEIL et sa bougie parfum\u00e9e associ\u00e9e, parfumeront votre int\u00e9rieur de la fra\u00eecheur exquise de la feuille de mandarinier.<br \/>\nDonnez \u00e0 votre maison une touche de C\u00f4te d'Azur, avec une atmosph\u00e8re \u00e9nergisante, citronn\u00e9e et vibrante.<\/p>\n<p>Le coffret cadeau contient 1 bougie parfum\u00e9e 250g + 1 diffuseur Reed 250ml \u00e0 50% de r\u00e9duction.<\/p>\n<\/div>\n<\/div>\n<\/div>\n<\/div>\n<\/div>\n<\/div>\n<\/div>\n<\/div>\n<\/div>\n<div class=\"ProductMeta__ShareButtons hidden-pocket\">Par Alex Simone<\/div>","protected":false},"excerpt":{"rendered":"<p>LA TANGERINE DANS TOUS SES \u00c9TATS - LA FEUILLE DE MANDARINE Le diffuseur de parfum PETIT GRAIN DE SOLEIL et sa bougie parfum\u00e9e associ\u00e9e, parfumeront votre int\u00e9rieur de la fra\u00eecheur exquise de la feuille de mandarinier. Donnez \u00e0 votre int\u00e9rieur une touche de C\u00f4te d'Azur, avec une atmosph\u00e8re \u00e9nergisante, citronn\u00e9e et vibrante. Le coffret contient 1 Bougie parfum\u00e9e 250g + 1 Diffuseur roseau 250ml ...<\/p>\n<p class=\"read-more\"> <a class=\"\" href=\"https:\/\/thefactoryconceptstore.com\/fr\/products\/alex-simone-petit-grain-de-soleil-gift-box\/\"> <span class=\"screen-reader-text\">Bo\u00eete cadeau \"Petit Grain de Soleil\" d'Alex Simone<\/span> Lire la suite \"<\/a><\/p>","protected":false},"featured_media":8780,"template":"","meta":{"site-sidebar-layout":"default","site-content-layout":"default","ast-global-header-display":"","ast-banner-title-visibility":"","ast-main-header-display":"","ast-hfb-above-header-display":"","ast-hfb-below-header-display":"","ast-hfb-mobile-header-display":"","site-post-title":"","ast-breadcrumbs-content":"","ast-featured-img":"","footer-sml-layout":"","theme-transparent-header-meta":"default","adv-header-id-meta":"","stick-header-meta":"","header-above-stick-meta":"","header-main-stick-meta":"","header-below-stick-meta":""},"product_brand":[],"product_cat":[55,52],"product_tag":[],"class_list":{"0":"post-8676","1":"product","2":"type-product","3":"status-publish","4":"has-post-thumbnail","6":"product_cat-candles-fragance","7":"product_cat-home-and-design","8":"desktop-align-left","9":"tablet-align-left","10":"mobile-align-left","12":"first","13":"instock","14":"shipping-taxable","15":"purchasable","16":"product-type-simple"},"_links":{"self":[{"href":"https:\/\/thefactoryconceptstore.com\/fr\/wp-json\/wp\/v2\/product\/8676","targetHints":{"allow":["GET"]}}],"collection":[{"href":"https:\/\/thefactoryconceptstore.com\/fr\/wp-json\/wp\/v2\/product"}],"about":[{"href":"https:\/\/thefactoryconceptstore.com\/fr\/wp-json\/wp\/v2\/types\/product"}],"version-history":[{"count":1,"href":"https:\/\/thefactoryconceptstore.com\/fr\/wp-json\/wp\/v2\/product\/8676\/revisions"}],"predecessor-version":[{"id":8677,"href":"https:\/\/thefactoryconceptstore.com\/fr\/wp-json\/wp\/v2\/product\/8676\/revisions\/8677"}],"wp:featuredmedia":[{"embeddable":true,"href":"https:\/\/thefactoryconceptstore.com\/fr\/wp-json\/wp\/v2\/media\/8780"}],"wp:attachment":[{"href":"https:\/\/thefactoryconceptstore.com\/fr\/wp-json\/wp\/v2\/media?parent=8676"}],"wp:term":[{"taxonomy":"product_brand","embeddable":true,"href":"https:\/\/thefactoryconceptstore.com\/fr\/wp-json\/wp\/v2\/product_brand?post=8676"},{"taxonomy":"product_cat","embeddable":true,"href":"https:\/\/thefactoryconceptstore.com\/fr\/wp-json\/wp\/v2\/product_cat?post=8676"},{"taxonomy":"product_tag","embeddable":true,"href":"https:\/\/thefactoryconceptstore.com\/fr\/wp-json\/wp\/v2\/product_tag?post=8676"}],"curies":[{"name":"wp","href":"https:\/\/api.w.org\/{rel}","templated":true}]}}