{"id":8671,"date":"2023-04-04T16:08:24","date_gmt":"2023-04-04T14:08:24","guid":{"rendered":"https:\/\/thefactoryconceptstore.com\/?post_type=product&#038;p=8671"},"modified":"2023-05-28T21:03:21","modified_gmt":"2023-05-28T19:03:21","slug":"alex-simone-neroli-riviera-gift-box","status":"publish","type":"product","link":"https:\/\/thefactoryconceptstore.com\/fr\/products\/alex-simone-neroli-riviera-gift-box\/","title":{"rendered":"Alex Simone \"Neroli Riviera\" Bo\u00eete cadeau"},"content":{"rendered":"<p><strong>LA MANDARINE DANS TOUS SES \u00c9TATS - LA FLEUR DE MANDARINE<\/strong><\/p>\n<p>Le diffuseur de parfum NEROLI RIVIERA et sa bougie parfum\u00e9e associ\u00e9e, parfumeront votre int\u00e9rieur de l'\u00e9l\u00e9gance de la fleur de mandarinier et de ses notes radieuses et addictives.<br \/>\nDonnez \u00e0 votre int\u00e9rieur une touche de C\u00f4te d'Azur, avec une atmosph\u00e8re d\u00e9licatement fleurie et citronn\u00e9e.<\/p>\n<p>Le coffret cadeau contient 1 bougie parfum\u00e9e 250g + 1 diffuseur Reed 250ml \u00e0 50% de r\u00e9duction.<\/p>\n<p>Par Alex Simone<\/p>","protected":false},"excerpt":{"rendered":"<p>LA TANGERINE DANS TOUS SES \u00c9TATS - FLEUR DE MANDARINE Le diffuseur de parfum NEROLI RIVIERA et sa bougie parfum\u00e9e associ\u00e9e, parfumeront votre int\u00e9rieur de l'\u00e9l\u00e9gance de la fleur de mandarine et de ses notes radieuses et addictives. Donnez \u00e0 votre int\u00e9rieur une touche de C\u00f4te d'Azur, avec une atmosph\u00e8re d\u00e9licatement fleurie et hesp\u00e9rid\u00e9e. Le Coffret contient 1 Bougie parfum\u00e9e 250g + 1 Diffuseur roseau 250ml \u00e0 50% ...<\/p>\n<p class=\"read-more\"> <a class=\"\" href=\"https:\/\/thefactoryconceptstore.com\/fr\/products\/alex-simone-neroli-riviera-gift-box\/\"> <span class=\"screen-reader-text\">Alex Simone \"Neroli Riviera\" Bo\u00eete cadeau<\/span> Lire la suite \"<\/a><\/p>","protected":false},"featured_media":8776,"template":"","meta":{"site-sidebar-layout":"default","site-content-layout":"default","ast-global-header-display":"","ast-banner-title-visibility":"","ast-main-header-display":"","ast-hfb-above-header-display":"","ast-hfb-below-header-display":"","ast-hfb-mobile-header-display":"","site-post-title":"","ast-breadcrumbs-content":"","ast-featured-img":"","footer-sml-layout":"","theme-transparent-header-meta":"default","adv-header-id-meta":"","stick-header-meta":"","header-above-stick-meta":"","header-main-stick-meta":"","header-below-stick-meta":""},"product_brand":[],"product_cat":[55,52],"product_tag":[],"class_list":{"0":"post-8671","1":"product","2":"type-product","3":"status-publish","4":"has-post-thumbnail","6":"product_cat-candles-fragance","7":"product_cat-home-and-design","8":"desktop-align-left","9":"tablet-align-left","10":"mobile-align-left","12":"first","13":"instock","14":"shipping-taxable","15":"purchasable","16":"product-type-simple"},"_links":{"self":[{"href":"https:\/\/thefactoryconceptstore.com\/fr\/wp-json\/wp\/v2\/product\/8671","targetHints":{"allow":["GET"]}}],"collection":[{"href":"https:\/\/thefactoryconceptstore.com\/fr\/wp-json\/wp\/v2\/product"}],"about":[{"href":"https:\/\/thefactoryconceptstore.com\/fr\/wp-json\/wp\/v2\/types\/product"}],"version-history":[{"count":2,"href":"https:\/\/thefactoryconceptstore.com\/fr\/wp-json\/wp\/v2\/product\/8671\/revisions"}],"predecessor-version":[{"id":8675,"href":"https:\/\/thefactoryconceptstore.com\/fr\/wp-json\/wp\/v2\/product\/8671\/revisions\/8675"}],"wp:featuredmedia":[{"embeddable":true,"href":"https:\/\/thefactoryconceptstore.com\/fr\/wp-json\/wp\/v2\/media\/8776"}],"wp:attachment":[{"href":"https:\/\/thefactoryconceptstore.com\/fr\/wp-json\/wp\/v2\/media?parent=8671"}],"wp:term":[{"taxonomy":"product_brand","embeddable":true,"href":"https:\/\/thefactoryconceptstore.com\/fr\/wp-json\/wp\/v2\/product_brand?post=8671"},{"taxonomy":"product_cat","embeddable":true,"href":"https:\/\/thefactoryconceptstore.com\/fr\/wp-json\/wp\/v2\/product_cat?post=8671"},{"taxonomy":"product_tag","embeddable":true,"href":"https:\/\/thefactoryconceptstore.com\/fr\/wp-json\/wp\/v2\/product_tag?post=8671"}],"curies":[{"name":"wp","href":"https:\/\/api.w.org\/{rel}","templated":true}]}}