{"id":8665,"date":"2023-04-04T15:59:21","date_gmt":"2023-04-04T13:59:21","guid":{"rendered":"https:\/\/thefactoryconceptstore.com\/?post_type=product&#038;p=8665"},"modified":"2023-05-28T21:03:58","modified_gmt":"2023-05-28T19:03:58","slug":"alex-simone-petit-grand-solel-scented-candle","status":"publish","type":"product","link":"https:\/\/thefactoryconceptstore.com\/fr\/products\/alex-simone-petit-grand-solel-scented-candle\/","title":{"rendered":"Bougies parfum\u00e9es \"Petit Grand Solel\" d'Alex Simone"},"content":{"rendered":"<p>La bougie parfum\u00e9e PETIT GRAIN DE SOLEIL parfumera votre int\u00e9rieur avec la fra\u00eecheur exquise de la feuille de mandarinier.<br \/>\nDonnez \u00e0 votre maison une touche de C\u00f4te d'Azur, avec une atmosph\u00e8re \u00e9nergisante, citronn\u00e9e et vibrante.<\/p>\n<p>Superposez les senteurs de la collection \"La mandarine dans tous ses \u00e9tats\" et laissez-vous transporter \u00e0 l'ombre du mandarinier.<\/p>\n<p>Par Alex Simone<\/p>","protected":false},"excerpt":{"rendered":"<p>La bougie parfum\u00e9e PETIT GRAIN DE SOLEIL parfumera votre int\u00e9rieur avec la fra\u00eecheur exquise de la feuille de mandarinier. Donnez \u00e0 votre int\u00e9rieur une touche de C\u00f4te d'Azur, avec une atmosph\u00e8re \u00e9nergisante, citronn\u00e9e et vibrante. Superposez les senteurs de la collection \"La mandarine dans tous ses \u00e9tats\" et laissez-vous transporter \u00e0 l'ombre du mandarinier. ...<\/p>\n<p class=\"read-more\"> <a class=\"\" href=\"https:\/\/thefactoryconceptstore.com\/fr\/products\/alex-simone-petit-grand-solel-scented-candle\/\"> <span class=\"screen-reader-text\">Bougies parfum\u00e9es \"Petit Grand Solel\" d'Alex Simone<\/span> Lire la suite \"<\/a><\/p>","protected":false},"featured_media":8769,"template":"","meta":{"site-sidebar-layout":"default","site-content-layout":"default","ast-global-header-display":"","ast-banner-title-visibility":"","ast-main-header-display":"","ast-hfb-above-header-display":"","ast-hfb-below-header-display":"","ast-hfb-mobile-header-display":"","site-post-title":"","ast-breadcrumbs-content":"","ast-featured-img":"","footer-sml-layout":"","theme-transparent-header-meta":"default","adv-header-id-meta":"","stick-header-meta":"","header-above-stick-meta":"","header-main-stick-meta":"","header-below-stick-meta":""},"product_brand":[],"product_cat":[55,52],"product_tag":[],"class_list":{"0":"post-8665","1":"product","2":"type-product","3":"status-publish","4":"has-post-thumbnail","6":"product_cat-candles-fragance","7":"product_cat-home-and-design","8":"desktop-align-left","9":"tablet-align-left","10":"mobile-align-left","12":"first","13":"instock","14":"shipping-taxable","15":"purchasable","16":"product-type-simple"},"_links":{"self":[{"href":"https:\/\/thefactoryconceptstore.com\/fr\/wp-json\/wp\/v2\/product\/8665","targetHints":{"allow":["GET"]}}],"collection":[{"href":"https:\/\/thefactoryconceptstore.com\/fr\/wp-json\/wp\/v2\/product"}],"about":[{"href":"https:\/\/thefactoryconceptstore.com\/fr\/wp-json\/wp\/v2\/types\/product"}],"version-history":[{"count":3,"href":"https:\/\/thefactoryconceptstore.com\/fr\/wp-json\/wp\/v2\/product\/8665\/revisions"}],"predecessor-version":[{"id":10748,"href":"https:\/\/thefactoryconceptstore.com\/fr\/wp-json\/wp\/v2\/product\/8665\/revisions\/10748"}],"wp:featuredmedia":[{"embeddable":true,"href":"https:\/\/thefactoryconceptstore.com\/fr\/wp-json\/wp\/v2\/media\/8769"}],"wp:attachment":[{"href":"https:\/\/thefactoryconceptstore.com\/fr\/wp-json\/wp\/v2\/media?parent=8665"}],"wp:term":[{"taxonomy":"product_brand","embeddable":true,"href":"https:\/\/thefactoryconceptstore.com\/fr\/wp-json\/wp\/v2\/product_brand?post=8665"},{"taxonomy":"product_cat","embeddable":true,"href":"https:\/\/thefactoryconceptstore.com\/fr\/wp-json\/wp\/v2\/product_cat?post=8665"},{"taxonomy":"product_tag","embeddable":true,"href":"https:\/\/thefactoryconceptstore.com\/fr\/wp-json\/wp\/v2\/product_tag?post=8665"}],"curies":[{"name":"wp","href":"https:\/\/api.w.org\/{rel}","templated":true}]}}