{"id":8579,"date":"2023-04-04T13:53:48","date_gmt":"2023-04-04T13:53:48","guid":{"rendered":"https:\/\/thefactoryconceptstore.com\/?post_type=product&#038;p=8579"},"modified":"2024-12-03T17:20:00","modified_gmt":"2024-12-03T16:20:00","slug":"bearbrick-japan-national-rugby-team-400-100-2019","status":"publish","type":"product","link":"https:\/\/thefactoryconceptstore.com\/fr\/products\/bearbrick-japan-national-rugby-team-400-100-2019\/","title":{"rendered":"BE@RBRICK \u00c9QUIPE NATIONALE JAPONAISE DE RUGBY 400% 100% 2019"},"content":{"rendered":"<p>Be@rbrick 400% 100% \"The Brave Blossoms\" pr\u00e9pare l'\u00e9quipe nationale japonaise de rugby \u00e0 la coupe du monde 2019 !<\/p>\n<p>Ce tournoi, qui se tiendra au Japon du 20 septembre au 2 novembre 2019, marquera la toute premi\u00e8re fois que la Coupe du monde de rugby sera organis\u00e9e en Asie.<br \/>\nLe match d'ouverture aura lieu au stade Ajinomoto de Ch\u014dfu, \u00e0 Tokyo, tandis que la finale se d\u00e9roulera au stade Nissan de Yokohama. En accueillant les Jeux, le Japon s'est assur\u00e9 une qualification, faisant de son \u00e9quipe nationale The Cherry Blossoms, ou plus r\u00e9cemment The Brave Blossoms, la seule \u00e9quipe asiatique \u00e0 s'\u00eatre qualifi\u00e9e pour cette coupe du monde.<\/p>\n<p>Les figurines sont pr\u00e9sent\u00e9es dans une coque translucide teint\u00e9e de rose, v\u00eatues de l'uniforme de l'\u00e9quipe nationale. Avec un col en V ouvert, les Be@rbrick portent des chemises ray\u00e9es rouges et blanches estampill\u00e9es de l'embl\u00e8me Sakura de l'\u00e9quipe. Les rayures th\u00e9matiques se poursuivent sur le torse et couvrent les jambes, tandis que les bras restent nus. Pour finir, le num\u00e9ro \"24\" est imprim\u00e9 dans le dos, un num\u00e9ro qui n'est actuellement d\u00e9tenu par aucun joueur de l'\u00e9quipe, mais qui pourrait faire r\u00e9f\u00e9rence \u00e0 une c\u00e9l\u00e8bre victoire du Japon en 1989, lorsqu'il a battu l'\u00c9cosse XV 28-24.<\/p>\n<p>Les jouets Medicom utilisent la technologie du transfert d'eau pour garantir un placement unique de l'impression sur chaque be@rbrick. Cela signifie que chaque Be@rbrick sera sp\u00e9ciale et unique.<\/p>\n<p>&nbsp;<\/p>","protected":false},"excerpt":{"rendered":"<p>Be@rbrick 400% 100% \"The Brave Blossoms\" pr\u00e9pare l'\u00e9quipe nationale japonaise de rugby \u00e0 la Coupe du monde 2019 ! Organis\u00e9 au Japon du 20 septembre au 2 novembre 2019, ce tournoi marquera la toute premi\u00e8re fois que la Coupe du monde de rugby sera organis\u00e9e en Asie. Le match d'ouverture aura lieu au stade Ajinomoto de Ch\u014dfu, \u00e0 Tokyo, tandis que ...<\/p>\n<p class=\"read-more\"> <a class=\"\" href=\"https:\/\/thefactoryconceptstore.com\/fr\/products\/bearbrick-japan-national-rugby-team-400-100-2019\/\"> <span class=\"screen-reader-text\">BE@RBRICK \u00c9QUIPE NATIONALE JAPONAISE DE RUGBY 400% 100% 2019<\/span> Lire la suite \"<\/a><\/p>","protected":false},"featured_media":8590,"template":"","meta":{"site-sidebar-layout":"default","site-content-layout":"default","ast-global-header-display":"","ast-banner-title-visibility":"","ast-main-header-display":"","ast-hfb-above-header-display":"","ast-hfb-below-header-display":"","ast-hfb-mobile-header-display":"","site-post-title":"","ast-breadcrumbs-content":"","ast-featured-img":"","footer-sml-layout":"","theme-transparent-header-meta":"default","adv-header-id-meta":"","stick-header-meta":"","header-above-stick-meta":"","header-main-stick-meta":"","header-below-stick-meta":""},"product_brand":[],"product_cat":[33],"product_tag":[],"class_list":{"0":"post-8579","1":"product","2":"type-product","3":"status-publish","4":"has-post-thumbnail","6":"product_cat-bearbrick","7":"desktop-align-left","8":"tablet-align-left","9":"mobile-align-left","11":"first","12":"outofstock","13":"shipping-taxable","14":"purchasable","15":"product-type-simple"},"_links":{"self":[{"href":"https:\/\/thefactoryconceptstore.com\/fr\/wp-json\/wp\/v2\/product\/8579","targetHints":{"allow":["GET"]}}],"collection":[{"href":"https:\/\/thefactoryconceptstore.com\/fr\/wp-json\/wp\/v2\/product"}],"about":[{"href":"https:\/\/thefactoryconceptstore.com\/fr\/wp-json\/wp\/v2\/types\/product"}],"version-history":[{"count":6,"href":"https:\/\/thefactoryconceptstore.com\/fr\/wp-json\/wp\/v2\/product\/8579\/revisions"}],"predecessor-version":[{"id":10732,"href":"https:\/\/thefactoryconceptstore.com\/fr\/wp-json\/wp\/v2\/product\/8579\/revisions\/10732"}],"wp:featuredmedia":[{"embeddable":true,"href":"https:\/\/thefactoryconceptstore.com\/fr\/wp-json\/wp\/v2\/media\/8590"}],"wp:attachment":[{"href":"https:\/\/thefactoryconceptstore.com\/fr\/wp-json\/wp\/v2\/media?parent=8579"}],"wp:term":[{"taxonomy":"product_brand","embeddable":true,"href":"https:\/\/thefactoryconceptstore.com\/fr\/wp-json\/wp\/v2\/product_brand?post=8579"},{"taxonomy":"product_cat","embeddable":true,"href":"https:\/\/thefactoryconceptstore.com\/fr\/wp-json\/wp\/v2\/product_cat?post=8579"},{"taxonomy":"product_tag","embeddable":true,"href":"https:\/\/thefactoryconceptstore.com\/fr\/wp-json\/wp\/v2\/product_tag?post=8579"}],"curies":[{"name":"wp","href":"https:\/\/api.w.org\/{rel}","templated":true}]}}