{"id":8567,"date":"2023-04-04T13:19:00","date_gmt":"2023-04-04T13:19:00","guid":{"rendered":"https:\/\/thefactoryconceptstore.com\/?post_type=product&#038;p=8567"},"modified":"2024-12-03T17:20:19","modified_gmt":"2024-12-03T16:20:19","slug":"bearbrick-eiffel-tower-400-2022","status":"publish","type":"product","link":"https:\/\/thefactoryconceptstore.com\/fr\/products\/bearbrick-eiffel-tower-400-2022\/","title":{"rendered":"BE@RBRICK TOUR EIFFEL 400% 2022"},"content":{"rendered":"<p>BE@RBRICK TOUR EIFFEL 400% 2022<\/p>\n<p>Suite \u00e0 la collaboration entre Medicom Toy et la Soci\u00e9t\u00e9 d'Exploitation de la Tour Eiffel (SETE), Medicom a lanc\u00e9 la Be@rbrick tricolore de la Tour Eiffel dans une finition translucide rouge, blanche et bleue, symbolisant les couleurs du drapeau fran\u00e7ais.<\/p>\n<p>La Tour Eiffel Tricolor Be@rbrick a \u00e9t\u00e9 commercialis\u00e9e dans les formats 400% et 1000%, exclusivement dans les magasins 2G au Japon.<\/p>\n<p>Les jouets Medicom utilisent la technologie du transfert d'eau pour garantir un placement unique de l'impression sur chaque be@rbrick. Cela signifie que chaque Be@rbrick sera sp\u00e9ciale et unique.<\/p>\n<p>&nbsp;<\/p>","protected":false},"excerpt":{"rendered":"<p>BE@RBRICK EIFFEL TOWER 400% 2022 Suite \u00e0 la collaboration entre Medicom Toy et la Soci\u00e9t\u00e9 d'Exploitation de la Tour Eiffel (SETE), Medicom a sorti la Be@rbrick Tour Eiffel Tricolore dans une finition translucide rouge, blanc et bleu, symbolisant les couleurs du drapeau fran\u00e7ais. La Tour Eiffel Tricolore Be@rbrick est sortie en 400% &amp; 1000%, exclusivement en ...<\/p>\n<p class=\"read-more\"> <a class=\"\" href=\"https:\/\/thefactoryconceptstore.com\/fr\/products\/bearbrick-eiffel-tower-400-2022\/\"> <span class=\"screen-reader-text\">BE@RBRICK TOUR EIFFEL 400% 2022<\/span> Lire la suite \"<\/a><\/p>","protected":false},"featured_media":8568,"template":"","meta":{"site-sidebar-layout":"default","site-content-layout":"default","ast-global-header-display":"","ast-banner-title-visibility":"","ast-main-header-display":"","ast-hfb-above-header-display":"","ast-hfb-below-header-display":"","ast-hfb-mobile-header-display":"","site-post-title":"","ast-breadcrumbs-content":"","ast-featured-img":"","footer-sml-layout":"","theme-transparent-header-meta":"default","adv-header-id-meta":"","stick-header-meta":"","header-above-stick-meta":"","header-main-stick-meta":"","header-below-stick-meta":""},"product_brand":[],"product_cat":[33],"product_tag":[],"class_list":{"0":"post-8567","1":"product","2":"type-product","3":"status-publish","4":"has-post-thumbnail","6":"product_cat-bearbrick","7":"desktop-align-left","8":"tablet-align-left","9":"mobile-align-left","11":"first","12":"outofstock","13":"shipping-taxable","14":"purchasable","15":"product-type-simple"},"_links":{"self":[{"href":"https:\/\/thefactoryconceptstore.com\/fr\/wp-json\/wp\/v2\/product\/8567","targetHints":{"allow":["GET"]}}],"collection":[{"href":"https:\/\/thefactoryconceptstore.com\/fr\/wp-json\/wp\/v2\/product"}],"about":[{"href":"https:\/\/thefactoryconceptstore.com\/fr\/wp-json\/wp\/v2\/types\/product"}],"version-history":[{"count":8,"href":"https:\/\/thefactoryconceptstore.com\/fr\/wp-json\/wp\/v2\/product\/8567\/revisions"}],"predecessor-version":[{"id":11025,"href":"https:\/\/thefactoryconceptstore.com\/fr\/wp-json\/wp\/v2\/product\/8567\/revisions\/11025"}],"wp:featuredmedia":[{"embeddable":true,"href":"https:\/\/thefactoryconceptstore.com\/fr\/wp-json\/wp\/v2\/media\/8568"}],"wp:attachment":[{"href":"https:\/\/thefactoryconceptstore.com\/fr\/wp-json\/wp\/v2\/media?parent=8567"}],"wp:term":[{"taxonomy":"product_brand","embeddable":true,"href":"https:\/\/thefactoryconceptstore.com\/fr\/wp-json\/wp\/v2\/product_brand?post=8567"},{"taxonomy":"product_cat","embeddable":true,"href":"https:\/\/thefactoryconceptstore.com\/fr\/wp-json\/wp\/v2\/product_cat?post=8567"},{"taxonomy":"product_tag","embeddable":true,"href":"https:\/\/thefactoryconceptstore.com\/fr\/wp-json\/wp\/v2\/product_tag?post=8567"}],"curies":[{"name":"wp","href":"https:\/\/api.w.org\/{rel}","templated":true}]}}