{"id":8561,"date":"2023-04-04T13:14:10","date_gmt":"2023-04-04T13:14:10","guid":{"rendered":"https:\/\/thefactoryconceptstore.com\/?post_type=product&#038;p=8561"},"modified":"2024-12-03T17:20:35","modified_gmt":"2024-12-03T16:20:35","slug":"bearbrick-benjamin-grantoverview-lisse-100-400-2022","status":"publish","type":"product","link":"https:\/\/thefactoryconceptstore.com\/fr\/products\/bearbrick-benjamin-grantoverview-lisse-100-400-2022\/","title":{"rendered":"BE@RBRICK BENJAMIN GRANT OVERVIEW LISSE 100\uff05 &amp; 400\uff05 2022"},"content":{"rendered":"<p>BE@RBRICK BENJAMIN GRANT OVERVIEW LISSE 100\uff05 &amp; 400\uff05 2022<\/p>\n<p>Benjamin Grant est l'auteur de Overview, un livre qui offre une nouvelle fa\u00e7on de voir le paysage que nous avons fa\u00e7onn\u00e9.<\/p>\n<p>S'inspirant de son livre et de ses images satellites, une nouvelle s\u00e9rie de Be@rbrick \u00e0 collectionner reprend les images \u00e9poustouflantes d'Overview.<\/p>\n<p>Les jouets Medicom utilisent la technologie du transfert d'eau pour garantir un placement unique de l'impression sur chaque be@rbrick. Cela signifie que chaque Be@rbrick sera sp\u00e9ciale et unique.<\/p>\n<p>&nbsp;<\/p>","protected":false},"excerpt":{"rendered":"<p>BE@RBRICK BENJAMIN GRANT OVERVIEW LISSE 100\uff05 &amp; 400\uff05 2022 Benjamin Grant est l'auteur de Overview, un livre qui offre une nouvelle fa\u00e7on de regarder le paysage que nous avons fa\u00e7onn\u00e9. En s'inspirant des images satellites de son livre, une nouvelle s\u00e9rie de Be@rbrick \u00e0 collectionner a \u00e9t\u00e9 cr\u00e9\u00e9e, reprenant les images \u00e9poustouflantes de Overview. Les jouets Medicom ...<\/p>\n<p class=\"read-more\"> <a class=\"\" href=\"https:\/\/thefactoryconceptstore.com\/fr\/products\/bearbrick-benjamin-grantoverview-lisse-100-400-2022\/\"> <span class=\"screen-reader-text\">BE@RBRICK BENJAMIN GRANT OVERVIEW LISSE 100\uff05 &amp; 400\uff05 2022<\/span> Lire la suite \"<\/a><\/p>","protected":false},"featured_media":8562,"template":"","meta":{"site-sidebar-layout":"default","site-content-layout":"default","ast-global-header-display":"","ast-banner-title-visibility":"","ast-main-header-display":"","ast-hfb-above-header-display":"","ast-hfb-below-header-display":"","ast-hfb-mobile-header-display":"","site-post-title":"","ast-breadcrumbs-content":"","ast-featured-img":"","footer-sml-layout":"","theme-transparent-header-meta":"default","adv-header-id-meta":"","stick-header-meta":"","header-above-stick-meta":"","header-main-stick-meta":"","header-below-stick-meta":""},"product_brand":[],"product_cat":[33],"product_tag":[],"class_list":{"0":"post-8561","1":"product","2":"type-product","3":"status-publish","4":"has-post-thumbnail","6":"product_cat-bearbrick","7":"desktop-align-left","8":"tablet-align-left","9":"mobile-align-left","11":"first","12":"instock","13":"shipping-taxable","14":"purchasable","15":"product-type-simple"},"_links":{"self":[{"href":"https:\/\/thefactoryconceptstore.com\/fr\/wp-json\/wp\/v2\/product\/8561","targetHints":{"allow":["GET"]}}],"collection":[{"href":"https:\/\/thefactoryconceptstore.com\/fr\/wp-json\/wp\/v2\/product"}],"about":[{"href":"https:\/\/thefactoryconceptstore.com\/fr\/wp-json\/wp\/v2\/types\/product"}],"version-history":[{"count":7,"href":"https:\/\/thefactoryconceptstore.com\/fr\/wp-json\/wp\/v2\/product\/8561\/revisions"}],"predecessor-version":[{"id":11024,"href":"https:\/\/thefactoryconceptstore.com\/fr\/wp-json\/wp\/v2\/product\/8561\/revisions\/11024"}],"wp:featuredmedia":[{"embeddable":true,"href":"https:\/\/thefactoryconceptstore.com\/fr\/wp-json\/wp\/v2\/media\/8562"}],"wp:attachment":[{"href":"https:\/\/thefactoryconceptstore.com\/fr\/wp-json\/wp\/v2\/media?parent=8561"}],"wp:term":[{"taxonomy":"product_brand","embeddable":true,"href":"https:\/\/thefactoryconceptstore.com\/fr\/wp-json\/wp\/v2\/product_brand?post=8561"},{"taxonomy":"product_cat","embeddable":true,"href":"https:\/\/thefactoryconceptstore.com\/fr\/wp-json\/wp\/v2\/product_cat?post=8561"},{"taxonomy":"product_tag","embeddable":true,"href":"https:\/\/thefactoryconceptstore.com\/fr\/wp-json\/wp\/v2\/product_tag?post=8561"}],"curies":[{"name":"wp","href":"https:\/\/api.w.org\/{rel}","templated":true}]}}