{"id":8537,"date":"2023-04-04T12:42:57","date_gmt":"2023-04-04T12:42:57","guid":{"rendered":"https:\/\/thefactoryconceptstore.com\/?post_type=product&#038;p=8537"},"modified":"2024-12-03T17:21:04","modified_gmt":"2024-12-03T16:21:04","slug":"bearbrick-the-rolling-stones-sticky-fingers-400-100-2022","status":"publish","type":"product","link":"https:\/\/thefactoryconceptstore.com\/fr\/products\/bearbrick-the-rolling-stones-sticky-fingers-400-100-2022\/","title":{"rendered":"BE@RBRICK THE ROLLING STONES STICKY FINGERS 400% 100% 2022"},"content":{"rendered":"<p>BE@RBRICK THE ROLLING STONES STICKY FINGERS 400% 100% 2022<\/p>\n<p>Medicom Toy's avec sa s\u00e9rie de figurines Be@rbrick rend hommage au l\u00e9gendaire groupe de rock anglais The Rolling Stones avec cette deuxi\u00e8me sortie sur le th\u00e8me du groupe embl\u00e9matique !<br \/>\nCes figurines be@rbrick 400% et 100% mesurent respectivement 28 cm et 7 cm de haut et pr\u00e9sentent un design inspir\u00e9 de la pochette d'Andy Warhol de leur album Sticky Fingers sorti en avril 1971.<\/p>\n<p>Medicom toy utilise la technologie de transfert d'eau pour garantir un placement unique de l'impression sur chaque be@rbrick. Cela signifie que chaque Be@rbrick sera sp\u00e9ciale et unique.<\/p>","protected":false},"excerpt":{"rendered":"<p>BE@RBRICK THE ROLLING STONES STICKY FINGERS 400% 100% 2022 Medicom Toy's avec sa s\u00e9rie de figurines Be@rbrick rend hommage au l\u00e9gendaire groupe de rock anglais The Rolling Stones avec cette deuxi\u00e8me sortie sur le th\u00e8me du groupe embl\u00e9matique ! Ces figurines be@rbrick 400% et 100% mesurent respectivement 28 cm et 7 cm de haut et pr\u00e9sentent un ...<\/p>\n<p class=\"read-more\"> <a class=\"\" href=\"https:\/\/thefactoryconceptstore.com\/fr\/products\/bearbrick-the-rolling-stones-sticky-fingers-400-100-2022\/\"> <span class=\"screen-reader-text\">BE@RBRICK THE ROLLING STONES STICKY FINGERS 400% 100% 2022<\/span> Lire la suite \"<\/a><\/p>","protected":false},"featured_media":8538,"template":"","meta":{"site-sidebar-layout":"default","site-content-layout":"default","ast-global-header-display":"","ast-banner-title-visibility":"","ast-main-header-display":"","ast-hfb-above-header-display":"","ast-hfb-below-header-display":"","ast-hfb-mobile-header-display":"","site-post-title":"","ast-breadcrumbs-content":"","ast-featured-img":"","footer-sml-layout":"","theme-transparent-header-meta":"default","adv-header-id-meta":"","stick-header-meta":"","header-above-stick-meta":"","header-main-stick-meta":"","header-below-stick-meta":""},"product_brand":[],"product_cat":[33],"product_tag":[],"class_list":{"0":"post-8537","1":"product","2":"type-product","3":"status-publish","4":"has-post-thumbnail","6":"product_cat-bearbrick","7":"desktop-align-left","8":"tablet-align-left","9":"mobile-align-left","11":"first","12":"outofstock","13":"shipping-taxable","14":"purchasable","15":"product-type-simple"},"_links":{"self":[{"href":"https:\/\/thefactoryconceptstore.com\/fr\/wp-json\/wp\/v2\/product\/8537","targetHints":{"allow":["GET"]}}],"collection":[{"href":"https:\/\/thefactoryconceptstore.com\/fr\/wp-json\/wp\/v2\/product"}],"about":[{"href":"https:\/\/thefactoryconceptstore.com\/fr\/wp-json\/wp\/v2\/types\/product"}],"version-history":[{"count":5,"href":"https:\/\/thefactoryconceptstore.com\/fr\/wp-json\/wp\/v2\/product\/8537\/revisions"}],"predecessor-version":[{"id":11020,"href":"https:\/\/thefactoryconceptstore.com\/fr\/wp-json\/wp\/v2\/product\/8537\/revisions\/11020"}],"wp:featuredmedia":[{"embeddable":true,"href":"https:\/\/thefactoryconceptstore.com\/fr\/wp-json\/wp\/v2\/media\/8538"}],"wp:attachment":[{"href":"https:\/\/thefactoryconceptstore.com\/fr\/wp-json\/wp\/v2\/media?parent=8537"}],"wp:term":[{"taxonomy":"product_brand","embeddable":true,"href":"https:\/\/thefactoryconceptstore.com\/fr\/wp-json\/wp\/v2\/product_brand?post=8537"},{"taxonomy":"product_cat","embeddable":true,"href":"https:\/\/thefactoryconceptstore.com\/fr\/wp-json\/wp\/v2\/product_cat?post=8537"},{"taxonomy":"product_tag","embeddable":true,"href":"https:\/\/thefactoryconceptstore.com\/fr\/wp-json\/wp\/v2\/product_tag?post=8537"}],"curies":[{"name":"wp","href":"https:\/\/api.w.org\/{rel}","templated":true}]}}