{"id":8529,"date":"2023-04-04T12:34:37","date_gmt":"2023-04-04T10:34:37","guid":{"rendered":"https:\/\/thefactoryconceptstore.com\/?post_type=product&#038;p=8529"},"modified":"2024-12-03T17:21:10","modified_gmt":"2024-12-03T16:21:10","slug":"bearbrick-jurassick-park-400-100-2022","status":"publish","type":"product","link":"https:\/\/thefactoryconceptstore.com\/fr\/products\/bearbrick-jurassick-park-400-100-2022\/","title":{"rendered":"BE@RBRICK JURASSICK PARK 400% 100% 2022"},"content":{"rendered":"<p>BE@RBRICK JURASSICK PARK 400% 100% 2022<\/p>\n<p>Bienvenue... \u00e0 JURASSIC PARK ! Alors que les ours n'\u00e9taient probablement pas pr\u00e9sents sur Isla Nublar, Medicom s'assure qu'ils soient disponibles dans la boutique de souvenirs d\u00e8s aujourd'hui. Les fans japonais de tout ce qui a trait aux ours ont adapt\u00e9 le logo d\u00e9sormais classique du parc d'attractions en faillite dans un pack de 100% (7CM) X 400% (28CM).<\/p>\n<p>Jurassic Park est un film d'action de science-fiction am\u00e9ricain de 1993[4] r\u00e9alis\u00e9 par Steven Spielberg, produit par Kathleen Kennedy et Gerald R. Molen, avec Sam Neill, Laura Dern, Jeff Goldblum et Richard Attenborough dans les r\u00f4les principaux. Il s'agit du premier volet de la franchise Jurassic Park et du premier film de la trilogie originale Jurassic Park. Il est bas\u00e9 sur le roman \u00e9ponyme de Michael Crichton paru en 1990 et sur un sc\u00e9nario de Crichton et David Koepp.<\/p>\n<p>Le film se d\u00e9roule sur l'\u00eele fictive d'Isla Nublar, situ\u00e9e au large de la c\u00f4te pacifique de l'Am\u00e9rique centrale, pr\u00e8s du Costa Rica, o\u00f9 un riche homme d'affaires nomm\u00e9 John Hammond (Attenborough) et une \u00e9quipe de scientifiques g\u00e9n\u00e9ticiens ont cr\u00e9\u00e9 un parc animalier de dinosaures disparus. Lorsqu'un sabotage industriel entra\u00eene une fermeture catastrophique des installations \u00e9lectriques et des mesures de s\u00e9curit\u00e9 du parc, un petit groupe de visiteurs, dont les petits-enfants de Hammond, se bat pour survivre et s'\u00e9chapper de l'\u00eele devenue p\u00e9rilleuse.<\/p>\n<p>Medicom toy utilise la technologie de transfert d'eau pour garantir un placement unique de l'impression sur chaque be@rbrick. Cela signifie que chaque Be@rbrick sera sp\u00e9ciale et unique.<\/p>","protected":false},"excerpt":{"rendered":"<p>BE@RBRICK JURASSICK PARK 400% 100% 2022 Bienvenue... \u00e0 JURASSIC PARK ! Alors que les ours n'\u00e9taient probablement pas pr\u00e9sents sur Isla Nublar, Medicom s'assurera qu'ils sont disponibles dans la boutique de souvenirs aujourd'hui. Les fans japonais de tout ce qui touche aux ours ont adapt\u00e9 le logo d\u00e9sormais classique du parc d'attractions en faillite dans un pack de deux pi\u00e8ces de 100% (7CM) X 400% (28CM). Jurassic ...<\/p>\n<p class=\"read-more\"> <a class=\"\" href=\"https:\/\/thefactoryconceptstore.com\/fr\/products\/bearbrick-jurassick-park-400-100-2022\/\"> <span class=\"screen-reader-text\">BE@RBRICK JURASSICK PARK 400% 100% 2022<\/span> Lire la suite \"<\/a><\/p>","protected":false},"featured_media":10830,"template":"","meta":{"site-sidebar-layout":"default","site-content-layout":"default","ast-global-header-display":"","ast-banner-title-visibility":"","ast-main-header-display":"","ast-hfb-above-header-display":"","ast-hfb-below-header-display":"","ast-hfb-mobile-header-display":"","site-post-title":"","ast-breadcrumbs-content":"","ast-featured-img":"","footer-sml-layout":"","theme-transparent-header-meta":"default","adv-header-id-meta":"","stick-header-meta":"","header-above-stick-meta":"","header-main-stick-meta":"","header-below-stick-meta":""},"product_brand":[],"product_cat":[33],"product_tag":[],"class_list":{"0":"post-8529","1":"product","2":"type-product","3":"status-publish","4":"has-post-thumbnail","6":"product_cat-bearbrick","7":"desktop-align-left","8":"tablet-align-left","9":"mobile-align-left","11":"first","12":"outofstock","13":"shipping-taxable","14":"purchasable","15":"product-type-simple"},"_links":{"self":[{"href":"https:\/\/thefactoryconceptstore.com\/fr\/wp-json\/wp\/v2\/product\/8529","targetHints":{"allow":["GET"]}}],"collection":[{"href":"https:\/\/thefactoryconceptstore.com\/fr\/wp-json\/wp\/v2\/product"}],"about":[{"href":"https:\/\/thefactoryconceptstore.com\/fr\/wp-json\/wp\/v2\/types\/product"}],"version-history":[{"count":8,"href":"https:\/\/thefactoryconceptstore.com\/fr\/wp-json\/wp\/v2\/product\/8529\/revisions"}],"predecessor-version":[{"id":11019,"href":"https:\/\/thefactoryconceptstore.com\/fr\/wp-json\/wp\/v2\/product\/8529\/revisions\/11019"}],"wp:featuredmedia":[{"embeddable":true,"href":"https:\/\/thefactoryconceptstore.com\/fr\/wp-json\/wp\/v2\/media\/10830"}],"wp:attachment":[{"href":"https:\/\/thefactoryconceptstore.com\/fr\/wp-json\/wp\/v2\/media?parent=8529"}],"wp:term":[{"taxonomy":"product_brand","embeddable":true,"href":"https:\/\/thefactoryconceptstore.com\/fr\/wp-json\/wp\/v2\/product_brand?post=8529"},{"taxonomy":"product_cat","embeddable":true,"href":"https:\/\/thefactoryconceptstore.com\/fr\/wp-json\/wp\/v2\/product_cat?post=8529"},{"taxonomy":"product_tag","embeddable":true,"href":"https:\/\/thefactoryconceptstore.com\/fr\/wp-json\/wp\/v2\/product_tag?post=8529"}],"curies":[{"name":"wp","href":"https:\/\/api.w.org\/{rel}","templated":true}]}}