{"id":8522,"date":"2023-04-04T12:29:06","date_gmt":"2023-04-04T12:29:06","guid":{"rendered":"https:\/\/thefactoryconceptstore.com\/?post_type=product&#038;p=8522"},"modified":"2024-12-03T17:21:18","modified_gmt":"2024-12-03T16:21:18","slug":"bearbrick-mickey-mouse-1930-400-100-2022","status":"publish","type":"product","link":"https:\/\/thefactoryconceptstore.com\/fr\/products\/bearbrick-mickey-mouse-1930-400-100-2022\/","title":{"rendered":"BE@RBRICK MICKEY MOUSE 1930 400% 100% 2022"},"content":{"rendered":"<p>BE@RBRICK MICKEY MOUSE 1930 400% 100% 2022<\/p>\n<p>Mickey Mouse, le personnage embl\u00e9matique et ador\u00e9 de Walt Disney, revient dans la s\u00e9rie de figurines Be@rbrick de Medicom Toy, cette fois dans son design classique des ann\u00e9es 1930 !<\/p>\n<p>Ces figurines Be@rbrick 100% et 400% mesurent respectivement 7 cm et 28 cm et recr\u00e9ent son look vintage dans le style caract\u00e9ristique de Be@rbrick, ce qui en fait un accessoire indispensable pour tous les fans inconditionnels de Disney !<\/p>\n<p>Medicom toy utilise la technologie de transfert d'eau pour garantir un placement unique de l'impression sur chaque bearbrick. Cela signifie que chaque Be@rbrick sera sp\u00e9ciale et unique.<\/p>\n<p>&nbsp;<\/p>","protected":false},"excerpt":{"rendered":"<p>BE@RBRICK MICKEY MOUSE 1930 400% 100% 2022 Mickey Mouse, le personnage embl\u00e9matique et ador\u00e9 de Walt Disney, revient dans la s\u00e9rie de figurines Be@rbrick de Medicom Toy, cette fois dans son design classique des ann\u00e9es 1930 ! Ces figurines Be@rbrick 100% et 400% mesurent respectivement 7 cm et 28 cm et recr\u00e9ent son look vintage dans le style Be@rbrick ...<\/p>\n<p class=\"read-more\"> <a class=\"\" href=\"https:\/\/thefactoryconceptstore.com\/fr\/products\/bearbrick-mickey-mouse-1930-400-100-2022\/\"> <span class=\"screen-reader-text\">BE@RBRICK MICKEY MOUSE 1930 400% 100% 2022<\/span> Lire la suite \"<\/a><\/p>","protected":false},"featured_media":8523,"template":"","meta":{"site-sidebar-layout":"default","site-content-layout":"default","ast-global-header-display":"","ast-banner-title-visibility":"","ast-main-header-display":"","ast-hfb-above-header-display":"","ast-hfb-below-header-display":"","ast-hfb-mobile-header-display":"","site-post-title":"","ast-breadcrumbs-content":"","ast-featured-img":"","footer-sml-layout":"","theme-transparent-header-meta":"default","adv-header-id-meta":"","stick-header-meta":"","header-above-stick-meta":"","header-main-stick-meta":"","header-below-stick-meta":""},"product_brand":[],"product_cat":[33],"product_tag":[],"class_list":{"0":"post-8522","1":"product","2":"type-product","3":"status-publish","4":"has-post-thumbnail","6":"product_cat-bearbrick","7":"desktop-align-left","8":"tablet-align-left","9":"mobile-align-left","11":"first","12":"instock","13":"shipping-taxable","14":"purchasable","15":"product-type-simple"},"_links":{"self":[{"href":"https:\/\/thefactoryconceptstore.com\/fr\/wp-json\/wp\/v2\/product\/8522","targetHints":{"allow":["GET"]}}],"collection":[{"href":"https:\/\/thefactoryconceptstore.com\/fr\/wp-json\/wp\/v2\/product"}],"about":[{"href":"https:\/\/thefactoryconceptstore.com\/fr\/wp-json\/wp\/v2\/types\/product"}],"version-history":[{"count":8,"href":"https:\/\/thefactoryconceptstore.com\/fr\/wp-json\/wp\/v2\/product\/8522\/revisions"}],"predecessor-version":[{"id":11073,"href":"https:\/\/thefactoryconceptstore.com\/fr\/wp-json\/wp\/v2\/product\/8522\/revisions\/11073"}],"wp:featuredmedia":[{"embeddable":true,"href":"https:\/\/thefactoryconceptstore.com\/fr\/wp-json\/wp\/v2\/media\/8523"}],"wp:attachment":[{"href":"https:\/\/thefactoryconceptstore.com\/fr\/wp-json\/wp\/v2\/media?parent=8522"}],"wp:term":[{"taxonomy":"product_brand","embeddable":true,"href":"https:\/\/thefactoryconceptstore.com\/fr\/wp-json\/wp\/v2\/product_brand?post=8522"},{"taxonomy":"product_cat","embeddable":true,"href":"https:\/\/thefactoryconceptstore.com\/fr\/wp-json\/wp\/v2\/product_cat?post=8522"},{"taxonomy":"product_tag","embeddable":true,"href":"https:\/\/thefactoryconceptstore.com\/fr\/wp-json\/wp\/v2\/product_tag?post=8522"}],"curies":[{"name":"wp","href":"https:\/\/api.w.org\/{rel}","templated":true}]}}