{"id":8516,"date":"2023-04-04T12:23:45","date_gmt":"2023-04-04T10:23:45","guid":{"rendered":"https:\/\/thefactoryconceptstore.com\/?post_type=product&#038;p=8516"},"modified":"2023-11-12T10:40:56","modified_gmt":"2023-11-12T09:40:56","slug":"lego-bugatti","status":"publish","type":"product","link":"https:\/\/thefactoryconceptstore.com\/fr\/products\/lego-bugatti\/","title":{"rendered":"LEGO 42151 LE BOLIDE BUGATTI"},"content":{"rendered":"<p>Un projet stimulant pour les enfants, qui devront r\u00e9aliser tous les d\u00e9tails authentiques, y compris un moteur W16 fonctionnel, une direction et des portes \u00e0 ciseaux.<br \/>\nL'allure \u00e9tonnante de la voiture vole la vedette, avec un sch\u00e9ma de couleurs jaune et noir et des d\u00e9tails d'autocollants authentiques.<\/p>\n<p>Pour les fans de sport automobile, le jeu de construction Lego Technic Bugatti Bolide (42151).<br \/>\nCe mod\u00e8le de Bugatti Bolide pr\u00e9sente des couleurs jaune et noir et est livr\u00e9 avec des autocollants pour ajouter la touche finale.<\/p>","protected":false},"excerpt":{"rendered":"<p>Profitez d'un projet stimulant en fabriquant tous les d\u00e9tails authentiques, y compris un moteur W16 fonctionnel, une direction et des portes \u00e0 ciseaux. L'allure \u00e9poustouflante de la voiture vole la vedette, avec un sch\u00e9ma de couleurs jaune et noir et des d\u00e9tails d'autocollants authentiques. Pour les fans de sport automobile, le mod\u00e8le Lego Technic Bugatti Bolide (42151) est \u00e0 construire. Cette Bugatti Bolide ...<\/p>\n<p class=\"read-more\"> <a class=\"\" href=\"https:\/\/thefactoryconceptstore.com\/fr\/products\/lego-bugatti\/\"> <span class=\"screen-reader-text\">LEGO 42151 LE BOLIDE BUGATTI<\/span> Lire la suite \"<\/a><\/p>","protected":false},"featured_media":8517,"template":"","meta":{"site-sidebar-layout":"default","site-content-layout":"default","ast-global-header-display":"","ast-banner-title-visibility":"","ast-main-header-display":"","ast-hfb-above-header-display":"","ast-hfb-below-header-display":"","ast-hfb-mobile-header-display":"","site-post-title":"","ast-breadcrumbs-content":"","ast-featured-img":"","footer-sml-layout":"","theme-transparent-header-meta":"default","adv-header-id-meta":"","stick-header-meta":"","header-above-stick-meta":"","header-main-stick-meta":"","header-below-stick-meta":""},"product_brand":[],"product_cat":[21],"product_tag":[],"class_list":{"0":"post-8516","1":"product","2":"type-product","3":"status-publish","4":"has-post-thumbnail","6":"product_cat-lego","7":"desktop-align-left","8":"tablet-align-left","9":"mobile-align-left","11":"first","12":"instock","13":"shipping-taxable","14":"purchasable","15":"product-type-simple"},"_links":{"self":[{"href":"https:\/\/thefactoryconceptstore.com\/fr\/wp-json\/wp\/v2\/product\/8516","targetHints":{"allow":["GET"]}}],"collection":[{"href":"https:\/\/thefactoryconceptstore.com\/fr\/wp-json\/wp\/v2\/product"}],"about":[{"href":"https:\/\/thefactoryconceptstore.com\/fr\/wp-json\/wp\/v2\/types\/product"}],"version-history":[{"count":5,"href":"https:\/\/thefactoryconceptstore.com\/fr\/wp-json\/wp\/v2\/product\/8516\/revisions"}],"predecessor-version":[{"id":10740,"href":"https:\/\/thefactoryconceptstore.com\/fr\/wp-json\/wp\/v2\/product\/8516\/revisions\/10740"}],"wp:featuredmedia":[{"embeddable":true,"href":"https:\/\/thefactoryconceptstore.com\/fr\/wp-json\/wp\/v2\/media\/8517"}],"wp:attachment":[{"href":"https:\/\/thefactoryconceptstore.com\/fr\/wp-json\/wp\/v2\/media?parent=8516"}],"wp:term":[{"taxonomy":"product_brand","embeddable":true,"href":"https:\/\/thefactoryconceptstore.com\/fr\/wp-json\/wp\/v2\/product_brand?post=8516"},{"taxonomy":"product_cat","embeddable":true,"href":"https:\/\/thefactoryconceptstore.com\/fr\/wp-json\/wp\/v2\/product_cat?post=8516"},{"taxonomy":"product_tag","embeddable":true,"href":"https:\/\/thefactoryconceptstore.com\/fr\/wp-json\/wp\/v2\/product_tag?post=8516"}],"curies":[{"name":"wp","href":"https:\/\/api.w.org\/{rel}","templated":true}]}}