{"id":8498,"date":"2023-04-04T08:31:49","date_gmt":"2023-04-04T08:31:49","guid":{"rendered":"https:\/\/thefactoryconceptstore.com\/?post_type=product&#038;p=8498"},"modified":"2024-12-03T17:22:34","modified_gmt":"2024-12-03T16:22:34","slug":"bearbrick-x-philipp-plein-100-400-2022","status":"publish","type":"product","link":"https:\/\/thefactoryconceptstore.com\/fr\/products\/bearbrick-x-philipp-plein-100-400-2022\/","title":{"rendered":"Be@rbrick x PHILIPP PLEIN 400 &amp; 100% 2022"},"content":{"rendered":"<p>Be@rbrick x PHILIPP PLEIN 400 &amp; 100% 2022<\/p>\n<p>Le voyage d'aventure est toujours plein d'inconnues. Philipp Plein et Be@rbrick se sont \u00e0 nouveau associ\u00e9s pour lancer le style de conception de la marque, avec un fond blanc pur et des motifs de cr\u00e2ne et de dragon peints \u00e0 la main, tout comme Be@rbrick qui doit faire preuve d'esprit de d\u00e9fi et de courage, franchir les limites, chevaucher le vent et les vagues et aller de l'avant sans crainte face au danger.<\/p>\n<p>Les jouets Medicom utilisent la technologie du transfert d'eau pour garantir un placement unique de l'impression sur chaque be@rbrick. Cela signifie que chaque Be@rbrick sera sp\u00e9ciale et unique.<\/p>\n<p>&nbsp;<\/p>","protected":false},"excerpt":{"rendered":"<p>Be@rbrick x PHILIPP PLEIN 400 &amp; 100% 2022 Le voyage d'aventure est toujours plein d'inconnues. Philipp Plein et Be@rbrick s'associent \u00e0 nouveau pour lancer le style de la marque, avec un fond blanc pur et des motifs de cr\u00e2ne et de dragon peints \u00e0 la main, \u00e0 l'image de Be@rbrick qui incarne l'esprit de d\u00e9fi et le courage.<\/p>\n<p class=\"read-more\"> <a class=\"\" href=\"https:\/\/thefactoryconceptstore.com\/fr\/products\/bearbrick-x-philipp-plein-100-400-2022\/\"> <span class=\"screen-reader-text\">Be@rbrick x PHILIPP PLEIN 400 &amp; 100% 2022<\/span> Lire la suite \"<\/a><\/p>","protected":false},"featured_media":8499,"template":"","meta":{"site-sidebar-layout":"default","site-content-layout":"default","ast-global-header-display":"","ast-banner-title-visibility":"","ast-main-header-display":"","ast-hfb-above-header-display":"","ast-hfb-below-header-display":"","ast-hfb-mobile-header-display":"","site-post-title":"","ast-breadcrumbs-content":"","ast-featured-img":"","footer-sml-layout":"","theme-transparent-header-meta":"default","adv-header-id-meta":"","stick-header-meta":"","header-above-stick-meta":"","header-main-stick-meta":"","header-below-stick-meta":""},"product_brand":[],"product_cat":[33],"product_tag":[],"class_list":{"0":"post-8498","1":"product","2":"type-product","3":"status-publish","4":"has-post-thumbnail","6":"product_cat-bearbrick","7":"desktop-align-left","8":"tablet-align-left","9":"mobile-align-left","11":"first","12":"outofstock","13":"shipping-taxable","14":"purchasable","15":"product-type-simple"},"_links":{"self":[{"href":"https:\/\/thefactoryconceptstore.com\/fr\/wp-json\/wp\/v2\/product\/8498","targetHints":{"allow":["GET"]}}],"collection":[{"href":"https:\/\/thefactoryconceptstore.com\/fr\/wp-json\/wp\/v2\/product"}],"about":[{"href":"https:\/\/thefactoryconceptstore.com\/fr\/wp-json\/wp\/v2\/types\/product"}],"version-history":[{"count":7,"href":"https:\/\/thefactoryconceptstore.com\/fr\/wp-json\/wp\/v2\/product\/8498\/revisions"}],"predecessor-version":[{"id":11071,"href":"https:\/\/thefactoryconceptstore.com\/fr\/wp-json\/wp\/v2\/product\/8498\/revisions\/11071"}],"wp:featuredmedia":[{"embeddable":true,"href":"https:\/\/thefactoryconceptstore.com\/fr\/wp-json\/wp\/v2\/media\/8499"}],"wp:attachment":[{"href":"https:\/\/thefactoryconceptstore.com\/fr\/wp-json\/wp\/v2\/media?parent=8498"}],"wp:term":[{"taxonomy":"product_brand","embeddable":true,"href":"https:\/\/thefactoryconceptstore.com\/fr\/wp-json\/wp\/v2\/product_brand?post=8498"},{"taxonomy":"product_cat","embeddable":true,"href":"https:\/\/thefactoryconceptstore.com\/fr\/wp-json\/wp\/v2\/product_cat?post=8498"},{"taxonomy":"product_tag","embeddable":true,"href":"https:\/\/thefactoryconceptstore.com\/fr\/wp-json\/wp\/v2\/product_tag?post=8498"}],"curies":[{"name":"wp","href":"https:\/\/api.w.org\/{rel}","templated":true}]}}