{"id":8492,"date":"2023-04-04T08:24:30","date_gmt":"2023-04-04T08:24:30","guid":{"rendered":"https:\/\/thefactoryconceptstore.com\/?post_type=product&#038;p=8492"},"modified":"2024-12-03T17:22:40","modified_gmt":"2024-12-03T16:22:40","slug":"bearbrick-tweety-100-400-2022","status":"publish","type":"product","link":"https:\/\/thefactoryconceptstore.com\/fr\/products\/bearbrick-tweety-100-400-2022\/","title":{"rendered":"BE@RBRICK TWEETY 100\uff05 &amp; 400\uff05 2022"},"content":{"rendered":"<p>BE@RBRICK TWEETY 100\uff05 &amp; 400\uff05 2022<\/p>\n<p>Pour c\u00e9l\u00e9brer la toute derni\u00e8re premi\u00e8re de Space Jam en 2021, Medicom Toy a mis en chantier la sortie de Be@rbricks comm\u00e9moratives inspir\u00e9es des personnages l\u00e9gendaires de la saga.<\/p>\n<p>Parmi d'autres, celui-ci appartient \u00e0 Tweety, un classique de Tune Squad.<\/p>\n<p>Medicom toy utilise la technologie de transfert d'eau pour garantir un placement unique de l'impression sur chaque be@rbrick. Cela signifie que chaque Be@rbrick sera sp\u00e9ciale et unique.<\/p>\n<p>&nbsp;<\/p>","protected":false},"excerpt":{"rendered":"<p>Pour f\u00eater la sortie du dernier Space Jam en 2021, Medicom Toy a mis en chantier des Bearbricks comm\u00e9moratifs inspir\u00e9s des personnages l\u00e9gendaires de la saga. Entre autres, celui-ci appartient \u00e0 Tweety, un classique de Tune Squad.<\/p>","protected":false},"featured_media":8493,"template":"","meta":{"site-sidebar-layout":"default","site-content-layout":"default","ast-global-header-display":"","ast-banner-title-visibility":"","ast-main-header-display":"","ast-hfb-above-header-display":"","ast-hfb-below-header-display":"","ast-hfb-mobile-header-display":"","site-post-title":"","ast-breadcrumbs-content":"","ast-featured-img":"","footer-sml-layout":"","theme-transparent-header-meta":"default","adv-header-id-meta":"","stick-header-meta":"","header-above-stick-meta":"","header-main-stick-meta":"","header-below-stick-meta":""},"product_brand":[],"product_cat":[33],"product_tag":[],"class_list":{"0":"post-8492","1":"product","2":"type-product","3":"status-publish","4":"has-post-thumbnail","6":"product_cat-bearbrick","7":"desktop-align-left","8":"tablet-align-left","9":"mobile-align-left","11":"first","12":"outofstock","13":"shipping-taxable","14":"purchasable","15":"product-type-simple"},"_links":{"self":[{"href":"https:\/\/thefactoryconceptstore.com\/fr\/wp-json\/wp\/v2\/product\/8492","targetHints":{"allow":["GET"]}}],"collection":[{"href":"https:\/\/thefactoryconceptstore.com\/fr\/wp-json\/wp\/v2\/product"}],"about":[{"href":"https:\/\/thefactoryconceptstore.com\/fr\/wp-json\/wp\/v2\/types\/product"}],"version-history":[{"count":5,"href":"https:\/\/thefactoryconceptstore.com\/fr\/wp-json\/wp\/v2\/product\/8492\/revisions"}],"predecessor-version":[{"id":11070,"href":"https:\/\/thefactoryconceptstore.com\/fr\/wp-json\/wp\/v2\/product\/8492\/revisions\/11070"}],"wp:featuredmedia":[{"embeddable":true,"href":"https:\/\/thefactoryconceptstore.com\/fr\/wp-json\/wp\/v2\/media\/8493"}],"wp:attachment":[{"href":"https:\/\/thefactoryconceptstore.com\/fr\/wp-json\/wp\/v2\/media?parent=8492"}],"wp:term":[{"taxonomy":"product_brand","embeddable":true,"href":"https:\/\/thefactoryconceptstore.com\/fr\/wp-json\/wp\/v2\/product_brand?post=8492"},{"taxonomy":"product_cat","embeddable":true,"href":"https:\/\/thefactoryconceptstore.com\/fr\/wp-json\/wp\/v2\/product_cat?post=8492"},{"taxonomy":"product_tag","embeddable":true,"href":"https:\/\/thefactoryconceptstore.com\/fr\/wp-json\/wp\/v2\/product_tag?post=8492"}],"curies":[{"name":"wp","href":"https:\/\/api.w.org\/{rel}","templated":true}]}}