{"id":8485,"date":"2023-04-04T08:16:14","date_gmt":"2023-04-04T08:16:14","guid":{"rendered":"https:\/\/thefactoryconceptstore.com\/?post_type=product&#038;p=8485"},"modified":"2023-06-11T22:26:04","modified_gmt":"2023-06-11T20:26:04","slug":"bearbrick-tony-the-tiger-vintage-100-400-2021","status":"publish","type":"product","link":"https:\/\/thefactoryconceptstore.com\/fr\/products\/bearbrick-tony-the-tiger-vintage-100-400-2021\/","title":{"rendered":"BE@RBRICK TONY THE TIGER VINTAGE 100\uff05 &amp; 400\uff05 2021"},"content":{"rendered":"<p>BE@RBRICK TONY THE TIGER VINTAGE 100\uff05 &amp; 400\uff05 2021<\/p>\n<p>Medicom Toy a annonc\u00e9 une nouvelle s\u00e9rie bas\u00e9e sur les plus c\u00e9l\u00e8bres personnages de Kellogg's dans un look vintage.<\/p>\n<p>Tony le tigre montre son corps de tigre sous la forme d'une brique Be@rbrick en affichant son dessin original de 1952.<\/p>\n<p>Medicom toy utilise la technologie de transfert d'eau pour garantir un placement unique de l'impression sur chaque Be@rbrick. Cela signifie que chaque Be@rbrick sera sp\u00e9ciale et unique.<\/p>\n<p>&nbsp;<\/p>","protected":false},"excerpt":{"rendered":"<p>BE@RBRICK TONY THE TIGER VINTAGE 100\uff05 &amp; 400\uff05 2021 Medicom Toy a annonc\u00e9 une nouvelle s\u00e9rie bas\u00e9e sur les plus c\u00e9l\u00e8bres personnages de Kellogg's dans un look vintage. Tony le Tigre montre son corps de tigre sous la forme d'une Be@rbrick affichant son dessin original de 1952. Medicom Toy utilise la technologie du transfert d'eau pour garantir une ...<\/p>\n<p class=\"read-more\"> <a class=\"\" href=\"https:\/\/thefactoryconceptstore.com\/fr\/products\/bearbrick-tony-the-tiger-vintage-100-400-2021\/\"> <span class=\"screen-reader-text\">BE@RBRICK TONY THE TIGER VINTAGE 100\uff05 &amp; 400\uff05 2021<\/span> Lire la suite \"<\/a><\/p>","protected":false},"featured_media":8487,"template":"","meta":{"site-sidebar-layout":"default","site-content-layout":"default","ast-global-header-display":"","ast-banner-title-visibility":"","ast-main-header-display":"","ast-hfb-above-header-display":"","ast-hfb-below-header-display":"","ast-hfb-mobile-header-display":"","site-post-title":"","ast-breadcrumbs-content":"","ast-featured-img":"","footer-sml-layout":"","theme-transparent-header-meta":"default","adv-header-id-meta":"","stick-header-meta":"","header-above-stick-meta":"","header-main-stick-meta":"","header-below-stick-meta":""},"product_brand":[],"product_cat":[33],"product_tag":[],"class_list":{"0":"post-8485","1":"product","2":"type-product","3":"status-publish","4":"has-post-thumbnail","6":"product_cat-bearbrick","7":"desktop-align-left","8":"tablet-align-left","9":"mobile-align-left","11":"first","12":"instock","13":"shipping-taxable","14":"purchasable","15":"product-type-simple"},"_links":{"self":[{"href":"https:\/\/thefactoryconceptstore.com\/fr\/wp-json\/wp\/v2\/product\/8485","targetHints":{"allow":["GET"]}}],"collection":[{"href":"https:\/\/thefactoryconceptstore.com\/fr\/wp-json\/wp\/v2\/product"}],"about":[{"href":"https:\/\/thefactoryconceptstore.com\/fr\/wp-json\/wp\/v2\/types\/product"}],"version-history":[{"count":7,"href":"https:\/\/thefactoryconceptstore.com\/fr\/wp-json\/wp\/v2\/product\/8485\/revisions"}],"predecessor-version":[{"id":11068,"href":"https:\/\/thefactoryconceptstore.com\/fr\/wp-json\/wp\/v2\/product\/8485\/revisions\/11068"}],"wp:featuredmedia":[{"embeddable":true,"href":"https:\/\/thefactoryconceptstore.com\/fr\/wp-json\/wp\/v2\/media\/8487"}],"wp:attachment":[{"href":"https:\/\/thefactoryconceptstore.com\/fr\/wp-json\/wp\/v2\/media?parent=8485"}],"wp:term":[{"taxonomy":"product_brand","embeddable":true,"href":"https:\/\/thefactoryconceptstore.com\/fr\/wp-json\/wp\/v2\/product_brand?post=8485"},{"taxonomy":"product_cat","embeddable":true,"href":"https:\/\/thefactoryconceptstore.com\/fr\/wp-json\/wp\/v2\/product_cat?post=8485"},{"taxonomy":"product_tag","embeddable":true,"href":"https:\/\/thefactoryconceptstore.com\/fr\/wp-json\/wp\/v2\/product_tag?post=8485"}],"curies":[{"name":"wp","href":"https:\/\/api.w.org\/{rel}","templated":true}]}}