{"id":8479,"date":"2023-04-04T08:10:14","date_gmt":"2023-04-04T08:10:14","guid":{"rendered":"https:\/\/thefactoryconceptstore.com\/?post_type=product&#038;p=8479"},"modified":"2024-12-03T17:22:53","modified_gmt":"2024-12-03T16:22:53","slug":"bearbrick-stay-puft-marshmallow-man-white-chrome-100-400-2022","status":"publish","type":"product","link":"https:\/\/thefactoryconceptstore.com\/fr\/products\/bearbrick-stay-puft-marshmallow-man-white-chrome-100-400-2022\/","title":{"rendered":"BE@RBRICK STAY PUFT MARSHMALLOW MAN WHITE CHROME 100\uff05 &amp; 400\uff05 2022"},"content":{"rendered":"<p>BE@RBRICK STAY PUFT MARSHMALLOW MAN WHITE CHROME 100\uff05 &amp; 400\uff05 2022<\/p>\n<p>Le monstre g\u00e9ant en guimauve de S.O.S. Fant\u00f4mes monte en fl\u00e8che avec l'ensemble de briques Stay Puft Marshmallow Man White Chrome 100% + 400% Bearbrick de Medicom Toy !<\/p>\n<p>En ajoutant du chrome blanc au Stay Puft Marshmallow Man, ta collection de Bearbrick aura l'air tr\u00e8s haut de gamme gr\u00e2ce \u00e0 sa brillance !<\/p>\n<p>Medicom toy utilise la technologie de transfert d'eau pour garantir un placement unique de l'impression sur chaque be@rbrick. Cela signifie que chaque Be@rbrick sera sp\u00e9ciale et unique.<\/p>\n<p>&nbsp;<\/p>","protected":false},"excerpt":{"rendered":"<p>BE@RBRICK STAY PUFT MARSHMALLOW MAN WHITE CHROME 100\uff05 &amp; 400\uff05 2022 Le monstre g\u00e9ant en guimauve de Ghostbusters s'\u00e9l\u00e8ve \u00e0 l'\u00e9chelon sup\u00e9rieur avec l'ensemble Bearbrick Stay Puft Marshmallow Man White Chrome 100% + 400% de Medicom Toy ! En ajoutant le White Chrome au Stay Puft Marshmallow Man, votre collection de Bearbrick ...<\/p>\n<p class=\"read-more\"> <a class=\"\" href=\"https:\/\/thefactoryconceptstore.com\/fr\/products\/bearbrick-stay-puft-marshmallow-man-white-chrome-100-400-2022\/\"> <span class=\"screen-reader-text\">BE@RBRICK STAY PUFT MARSHMALLOW MAN WHITE CHROME 100\uff05 &amp; 400\uff05 2022<\/span> Lire la suite \"<\/a><\/p>","protected":false},"featured_media":8480,"template":"","meta":{"site-sidebar-layout":"default","site-content-layout":"default","ast-global-header-display":"","ast-banner-title-visibility":"","ast-main-header-display":"","ast-hfb-above-header-display":"","ast-hfb-below-header-display":"","ast-hfb-mobile-header-display":"","site-post-title":"","ast-breadcrumbs-content":"","ast-featured-img":"","footer-sml-layout":"","theme-transparent-header-meta":"default","adv-header-id-meta":"","stick-header-meta":"","header-above-stick-meta":"","header-main-stick-meta":"","header-below-stick-meta":""},"product_brand":[],"product_cat":[33],"product_tag":[],"class_list":{"0":"post-8479","1":"product","2":"type-product","3":"status-publish","4":"has-post-thumbnail","6":"product_cat-bearbrick","7":"desktop-align-left","8":"tablet-align-left","9":"mobile-align-left","11":"first","12":"outofstock","13":"shipping-taxable","14":"purchasable","15":"product-type-simple"},"_links":{"self":[{"href":"https:\/\/thefactoryconceptstore.com\/fr\/wp-json\/wp\/v2\/product\/8479","targetHints":{"allow":["GET"]}}],"collection":[{"href":"https:\/\/thefactoryconceptstore.com\/fr\/wp-json\/wp\/v2\/product"}],"about":[{"href":"https:\/\/thefactoryconceptstore.com\/fr\/wp-json\/wp\/v2\/types\/product"}],"version-history":[{"count":6,"href":"https:\/\/thefactoryconceptstore.com\/fr\/wp-json\/wp\/v2\/product\/8479\/revisions"}],"predecessor-version":[{"id":11067,"href":"https:\/\/thefactoryconceptstore.com\/fr\/wp-json\/wp\/v2\/product\/8479\/revisions\/11067"}],"wp:featuredmedia":[{"embeddable":true,"href":"https:\/\/thefactoryconceptstore.com\/fr\/wp-json\/wp\/v2\/media\/8480"}],"wp:attachment":[{"href":"https:\/\/thefactoryconceptstore.com\/fr\/wp-json\/wp\/v2\/media?parent=8479"}],"wp:term":[{"taxonomy":"product_brand","embeddable":true,"href":"https:\/\/thefactoryconceptstore.com\/fr\/wp-json\/wp\/v2\/product_brand?post=8479"},{"taxonomy":"product_cat","embeddable":true,"href":"https:\/\/thefactoryconceptstore.com\/fr\/wp-json\/wp\/v2\/product_cat?post=8479"},{"taxonomy":"product_tag","embeddable":true,"href":"https:\/\/thefactoryconceptstore.com\/fr\/wp-json\/wp\/v2\/product_tag?post=8479"}],"curies":[{"name":"wp","href":"https:\/\/api.w.org\/{rel}","templated":true}]}}