{"id":8446,"date":"2023-04-04T07:29:36","date_gmt":"2023-04-04T05:29:36","guid":{"rendered":"https:\/\/thefactoryconceptstore.com\/?post_type=product&#038;p=8446"},"modified":"2024-12-03T17:23:24","modified_gmt":"2024-12-03T16:23:24","slug":"bearbrick-the-doors-strange-days-2021","status":"publish","type":"product","link":"https:\/\/thefactoryconceptstore.com\/fr\/products\/bearbrick-the-doors-strange-days-2021\/","title":{"rendered":"BE@RBRICK The Doors \"STRANGE DAYS\" 100\uff05 &amp; 400\uff05 2021"},"content":{"rendered":"<p>BE@RBRICK 400 % 100% Strange Days (The Doors) 2021<\/p>\n<p>Medicom Toy continue de proposer des groupes de musique l\u00e9gendaires sur la plateforme Be@rbrick et cette fois-ci, il s'agit des Doors. Strange Days est le deuxi\u00e8me album studio du groupe de rock am\u00e9ricain The Doors, sorti le 25 septembre 1967 chez Elektra Records. La brique Be@rbrick pr\u00e9sente un motif de la pochette de l'album Strange Days.<\/p>\n<p>Le PDG de Medicom Toy, Tatsuhiko Akashi, a personnellement mis au point une gamme sp\u00e9ciale de Be@rbrick qui a \u00e9t\u00e9 pr\u00e9sent\u00e9e lors de l'\u00e9v\u00e9nement Akashic Records Pop-up.<\/p>\n<p>Medicom Toy utilise la technologie du transfert d'eau pour garantir un placement unique de l'impression sur chaque be@rbrick. Cela signifie que chaque Be@rbrick sera sp\u00e9ciale et unique.<\/p>\n<p>&nbsp;<\/p>","protected":false},"excerpt":{"rendered":"<p>BE@RBRICK 400 % 100% Strange Days (The Doors) 2021 Medicom Toy continue de proposer des groupes de musique l\u00e9gendaires sur la plateforme Be@rbrick et cette fois-ci, il s'agit des Doors. Strange Days est le deuxi\u00e8me album studio du groupe de rock am\u00e9ricain The Doors, sorti le 25 septembre 1967 chez Elektra Records. Le be@rbrick pr\u00e9sente un motif ...<\/p>\n<p class=\"read-more\"> <a class=\"\" href=\"https:\/\/thefactoryconceptstore.com\/fr\/products\/bearbrick-the-doors-strange-days-2021\/\"> <span class=\"screen-reader-text\">BE@RBRICK The Doors \"STRANGE DAYS\" 100\uff05 &amp; 400\uff05 2021<\/span> Lire la suite \"<\/a><\/p>","protected":false},"featured_media":8447,"template":"","meta":{"site-sidebar-layout":"default","site-content-layout":"default","ast-global-header-display":"","ast-banner-title-visibility":"","ast-main-header-display":"","ast-hfb-above-header-display":"","ast-hfb-below-header-display":"","ast-hfb-mobile-header-display":"","site-post-title":"","ast-breadcrumbs-content":"","ast-featured-img":"","footer-sml-layout":"","theme-transparent-header-meta":"default","adv-header-id-meta":"","stick-header-meta":"","header-above-stick-meta":"","header-main-stick-meta":"","header-below-stick-meta":""},"product_brand":[],"product_cat":[33],"product_tag":[],"class_list":{"0":"post-8446","1":"product","2":"type-product","3":"status-publish","4":"has-post-thumbnail","6":"product_cat-bearbrick","7":"desktop-align-left","8":"tablet-align-left","9":"mobile-align-left","11":"first","12":"outofstock","13":"shipping-taxable","14":"purchasable","15":"product-type-simple"},"_links":{"self":[{"href":"https:\/\/thefactoryconceptstore.com\/fr\/wp-json\/wp\/v2\/product\/8446","targetHints":{"allow":["GET"]}}],"collection":[{"href":"https:\/\/thefactoryconceptstore.com\/fr\/wp-json\/wp\/v2\/product"}],"about":[{"href":"https:\/\/thefactoryconceptstore.com\/fr\/wp-json\/wp\/v2\/types\/product"}],"version-history":[{"count":5,"href":"https:\/\/thefactoryconceptstore.com\/fr\/wp-json\/wp\/v2\/product\/8446\/revisions"}],"predecessor-version":[{"id":11060,"href":"https:\/\/thefactoryconceptstore.com\/fr\/wp-json\/wp\/v2\/product\/8446\/revisions\/11060"}],"wp:featuredmedia":[{"embeddable":true,"href":"https:\/\/thefactoryconceptstore.com\/fr\/wp-json\/wp\/v2\/media\/8447"}],"wp:attachment":[{"href":"https:\/\/thefactoryconceptstore.com\/fr\/wp-json\/wp\/v2\/media?parent=8446"}],"wp:term":[{"taxonomy":"product_brand","embeddable":true,"href":"https:\/\/thefactoryconceptstore.com\/fr\/wp-json\/wp\/v2\/product_brand?post=8446"},{"taxonomy":"product_cat","embeddable":true,"href":"https:\/\/thefactoryconceptstore.com\/fr\/wp-json\/wp\/v2\/product_cat?post=8446"},{"taxonomy":"product_tag","embeddable":true,"href":"https:\/\/thefactoryconceptstore.com\/fr\/wp-json\/wp\/v2\/product_tag?post=8446"}],"curies":[{"name":"wp","href":"https:\/\/api.w.org\/{rel}","templated":true}]}}