{"id":12270,"date":"2025-12-01T18:46:05","date_gmt":"2025-12-01T17:46:05","guid":{"rendered":"https:\/\/thefactoryconceptstore.com\/?post_type=product&#038;p=12270"},"modified":"2025-12-01T20:26:13","modified_gmt":"2025-12-01T19:26:13","slug":"fools-paradise-xxi-fools-paradise-x-tmall-super-professional-leon-mario-the-doctor-2025","status":"publish","type":"product","link":"https:\/\/thefactoryconceptstore.com\/fr\/products\/fools-paradise-xxi-fools-paradise-x-tmall-super-professional-leon-mario-the-doctor-2025\/","title":{"rendered":"Fools Paradise (XXI) - Fools Paradise x Tmall Super Professional Leon Mario The Doctor 2025"},"content":{"rendered":"<p>Fools Paradise x Tmall Super Professional Leon MarioThe Doctor edition<\/p>\n<p>Fan de Mario et L\u00e9on le film fran\u00e7ais ! Le paradis des fous a fait le meilleur combo ici !<\/p>\n<p>Ses figurines Super Professional. Le plombier 8-bit rencontre le mentor assassin fran\u00e7ais a d\u00e9pass\u00e9 la marque . Aujourd'hui, Fools Paradise revient (presque) au d\u00e9but avec le nouveau jouet en vinyle Sup Pro Essential, qui est une version de 26 cm de la figurine Sup Pro XL. La figurine pr\u00e9sente l'\u00e9quipement familier avec le pistolet silencieux Bullet Bill dans une main et une plante Piranha dans l'autre.<\/p>\n<p>La Sup Pro Essential se d\u00e9cline en quatre coloris en \u00e9dition ouverte, de quoi satisfaire presque tout le monde. Pour les traditionalistes, il y a l'\u00e9dition Classic en noir.<\/p>","protected":false},"excerpt":{"rendered":"<p>Fools Paradise x Tmall Super Professional Leon MarioThe Doctor edition Fan of Mario and Leon the french movie! Well fool paradise made the best combo here! Its Super Professional figures. The 8-bit plumber meets French assassin mentor has outpaced the brand\u2019s . Now, Fools Paradise is going back to the beginning (nearly) with the new &hellip;<\/p>\n<p class=\"read-more\"> <a class=\"\" href=\"https:\/\/thefactoryconceptstore.com\/fr\/products\/fools-paradise-xxi-fools-paradise-x-tmall-super-professional-leon-mario-the-doctor-2025\/\"> <span class=\"screen-reader-text\">Fools Paradise (XXI) - Fools Paradise x Tmall Super Professional Leon Mario The Doctor 2025<\/span> Lire la suite \"<\/a><\/p>","protected":false},"featured_media":12271,"template":"","meta":{"site-sidebar-layout":"default","site-content-layout":"default","ast-global-header-display":"","ast-banner-title-visibility":"","ast-main-header-display":"","ast-hfb-above-header-display":"","ast-hfb-below-header-display":"","ast-hfb-mobile-header-display":"","site-post-title":"","ast-breadcrumbs-content":"","ast-featured-img":"","footer-sml-layout":"","theme-transparent-header-meta":"default","adv-header-id-meta":"","stick-header-meta":"","header-above-stick-meta":"","header-main-stick-meta":"","header-below-stick-meta":""},"product_brand":[],"product_cat":[22],"product_tag":[],"class_list":{"0":"post-12270","1":"product","2":"type-product","3":"status-publish","4":"has-post-thumbnail","6":"product_cat-art-toys","7":"desktop-align-left","8":"tablet-align-left","9":"mobile-align-left","11":"first","12":"instock","13":"shipping-taxable","14":"purchasable","15":"product-type-simple"},"_links":{"self":[{"href":"https:\/\/thefactoryconceptstore.com\/fr\/wp-json\/wp\/v2\/product\/12270","targetHints":{"allow":["GET"]}}],"collection":[{"href":"https:\/\/thefactoryconceptstore.com\/fr\/wp-json\/wp\/v2\/product"}],"about":[{"href":"https:\/\/thefactoryconceptstore.com\/fr\/wp-json\/wp\/v2\/types\/product"}],"version-history":[{"count":1,"href":"https:\/\/thefactoryconceptstore.com\/fr\/wp-json\/wp\/v2\/product\/12270\/revisions"}],"predecessor-version":[{"id":12284,"href":"https:\/\/thefactoryconceptstore.com\/fr\/wp-json\/wp\/v2\/product\/12270\/revisions\/12284"}],"wp:featuredmedia":[{"embeddable":true,"href":"https:\/\/thefactoryconceptstore.com\/fr\/wp-json\/wp\/v2\/media\/12271"}],"wp:attachment":[{"href":"https:\/\/thefactoryconceptstore.com\/fr\/wp-json\/wp\/v2\/media?parent=12270"}],"wp:term":[{"taxonomy":"product_brand","embeddable":true,"href":"https:\/\/thefactoryconceptstore.com\/fr\/wp-json\/wp\/v2\/product_brand?post=12270"},{"taxonomy":"product_cat","embeddable":true,"href":"https:\/\/thefactoryconceptstore.com\/fr\/wp-json\/wp\/v2\/product_cat?post=12270"},{"taxonomy":"product_tag","embeddable":true,"href":"https:\/\/thefactoryconceptstore.com\/fr\/wp-json\/wp\/v2\/product_tag?post=12270"}],"curies":[{"name":"wp","href":"https:\/\/api.w.org\/{rel}","templated":true}]}}