{"id":12253,"date":"2025-12-01T18:00:50","date_gmt":"2025-12-01T17:00:50","guid":{"rendered":"https:\/\/thefactoryconceptstore.com\/?post_type=product&#038;p=12253"},"modified":"2025-12-01T18:17:39","modified_gmt":"2025-12-01T17:17:39","slug":"fools-paradise-xxi-fools-paradise-x-tmall-super-professional-leon-mario-yellow-edition-2025","status":"publish","type":"product","link":"https:\/\/thefactoryconceptstore.com\/fr\/products\/fools-paradise-xxi-fools-paradise-x-tmall-super-professional-leon-mario-yellow-edition-2025\/","title":{"rendered":"Fools Paradise (XXI) - Fools Paradise x Tmall Super Professional Leon Mario Yellow edition (2025)"},"content":{"rendered":"<p class=\"DetailsWide_truncated__QQHuP DetailsWide_title___O6Dz DetailsWide_winner-and-hbo-title__8EJnS\" title=\"Fools Paradise (XXI) - Fools Paradise x Tmall Super Professional Leon Mario Yellow edition (2025)\" data-testid=\"closed-odp-lot-title\">Fools Paradise x Tmall Super Professional Leon Mario Yellow edition<\/p>\n<p>Fan de Mario et L\u00e9on le film fran\u00e7ais ! Le paradis des fous a fait le meilleur combo ici !<\/p>\n<p>Ses figurines Super Professional. Le plombier 8-bit rencontre le mentor assassin fran\u00e7ais a d\u00e9pass\u00e9 la marque . Aujourd'hui, Fools Paradise revient (presque) au d\u00e9but avec le nouveau jouet en vinyle Sup Pro Essential, qui est une version de 26 cm de la figurine Sup Pro XL. La figurine pr\u00e9sente l'\u00e9quipement familier avec le pistolet silencieux Bullet Bill dans une main et une plante Piranha dans l'autre.<\/p>\n<p>La Sup Pro Essential se d\u00e9cline en quatre coloris en \u00e9dition ouverte, pour que chacun y trouve son compte. Pour les traditionalistes, il y a l'\u00e9dition jaune.<\/p>\n<p>Bien que le design de l'\u00e9dition Essential soit assez similaire \u00e0 la figurine originale qui faisait partie du tout premier set de deux figurines Super Professional (2018) avec Peach dans le r\u00f4le de Matilda, elle est l\u00e9g\u00e8rement plus petite que cette premi\u00e8re figurine (10,24\u2033 contre 11,81\u2033) et a \u00e9galement la pose des pieds joints au lieu de la pose de marche de l'original.<\/p>","protected":false},"excerpt":{"rendered":"<p>Fools Paradise x Tmall Super Professional Leon Mario Yellow edition Fan of Mario and Leon the french movie! Well fool paradise made the best combo here! Its Super Professional figures. The 8-bit plumber meets French assassin mentor has outpaced the brand\u2019s . Now, Fools Paradise is going back to the beginning (nearly) with the new &hellip;<\/p>\n<p class=\"read-more\"> <a class=\"\" href=\"https:\/\/thefactoryconceptstore.com\/fr\/products\/fools-paradise-xxi-fools-paradise-x-tmall-super-professional-leon-mario-yellow-edition-2025\/\"> <span class=\"screen-reader-text\">Fools Paradise (XXI) - Fools Paradise x Tmall Super Professional Leon Mario Yellow edition (2025)<\/span> Lire la suite \"<\/a><\/p>","protected":false},"featured_media":12255,"template":"","meta":{"site-sidebar-layout":"default","site-content-layout":"default","ast-global-header-display":"","ast-banner-title-visibility":"","ast-main-header-display":"","ast-hfb-above-header-display":"","ast-hfb-below-header-display":"","ast-hfb-mobile-header-display":"","site-post-title":"","ast-breadcrumbs-content":"","ast-featured-img":"","footer-sml-layout":"","theme-transparent-header-meta":"default","adv-header-id-meta":"","stick-header-meta":"","header-above-stick-meta":"","header-main-stick-meta":"","header-below-stick-meta":""},"product_brand":[],"product_cat":[22],"product_tag":[],"class_list":{"0":"post-12253","1":"product","2":"type-product","3":"status-publish","4":"has-post-thumbnail","6":"product_cat-art-toys","7":"desktop-align-left","8":"tablet-align-left","9":"mobile-align-left","11":"first","12":"instock","13":"shipping-taxable","14":"purchasable","15":"product-type-simple"},"_links":{"self":[{"href":"https:\/\/thefactoryconceptstore.com\/fr\/wp-json\/wp\/v2\/product\/12253","targetHints":{"allow":["GET"]}}],"collection":[{"href":"https:\/\/thefactoryconceptstore.com\/fr\/wp-json\/wp\/v2\/product"}],"about":[{"href":"https:\/\/thefactoryconceptstore.com\/fr\/wp-json\/wp\/v2\/types\/product"}],"version-history":[{"count":3,"href":"https:\/\/thefactoryconceptstore.com\/fr\/wp-json\/wp\/v2\/product\/12253\/revisions"}],"predecessor-version":[{"id":12268,"href":"https:\/\/thefactoryconceptstore.com\/fr\/wp-json\/wp\/v2\/product\/12253\/revisions\/12268"}],"wp:featuredmedia":[{"embeddable":true,"href":"https:\/\/thefactoryconceptstore.com\/fr\/wp-json\/wp\/v2\/media\/12255"}],"wp:attachment":[{"href":"https:\/\/thefactoryconceptstore.com\/fr\/wp-json\/wp\/v2\/media?parent=12253"}],"wp:term":[{"taxonomy":"product_brand","embeddable":true,"href":"https:\/\/thefactoryconceptstore.com\/fr\/wp-json\/wp\/v2\/product_brand?post=12253"},{"taxonomy":"product_cat","embeddable":true,"href":"https:\/\/thefactoryconceptstore.com\/fr\/wp-json\/wp\/v2\/product_cat?post=12253"},{"taxonomy":"product_tag","embeddable":true,"href":"https:\/\/thefactoryconceptstore.com\/fr\/wp-json\/wp\/v2\/product_tag?post=12253"}],"curies":[{"name":"wp","href":"https:\/\/api.w.org\/{rel}","templated":true}]}}