{"id":12176,"date":"2025-02-13T17:20:08","date_gmt":"2025-02-13T16:20:08","guid":{"rendered":"https:\/\/thefactoryconceptstore.com\/?post_type=product&#038;p=12176"},"modified":"2025-12-01T20:26:41","modified_gmt":"2025-12-01T19:26:41","slug":"berbrick-fantasista-utamaro-r4g-400-100-tokyo-otaku-mode-bearbrick-2019","status":"publish","type":"product","link":"https:\/\/thefactoryconceptstore.com\/fr\/products\/berbrick-fantasista-utamaro-r4g-400-100-tokyo-otaku-mode-bearbrick-2019\/","title":{"rendered":"Be@rbrick Fantasista Utamaro R4G 400% 100% Tokyo Otaku Mode Bearbrick 2019"},"content":{"rendered":"<p>Be@rbrick Fantasista Utamaro R4G 400% 100% Tokyo Otaku Mode Bearbrick 2019<\/p>\n<p>Fantasista Utamaro est un artiste bas\u00e9 \u00e0 Brooklyn, New York, cette collaboration de 2019 avec Medicom Toy show est d'un talent incroyable. Cette \u00e9dition limit\u00e9e est difficile \u00e0 trouver sur le march\u00e9 ! Ne manquez pas cette opportunit\u00e9 !<\/p>\n<p>\u00c0 propos de Fantasista Utamaro :<\/p>\n<p>Il fait partie de la nouvelle g\u00e9n\u00e9ration de jeunes artistes entrepreneurs japonais dont la vision d\u00e9fie les fronti\u00e8res. Il apporte des sensibilit\u00e9s ultra pop et technicolor \u00e0 chaque projet avec une \u00e9nergie explosive qui est incontestablement la sienne.<\/p>\n<p>Le fantaisiste Utamaro refl\u00e8te ces trois concepts de son th\u00e8me, la c\u00e9l\u00e9bration, la libert\u00e9 et l'illimit\u00e9, dans son travail artistique.<br \/>\nIl estime qu'il est important de reconna\u00eetre la valeur de la vie quotidienne.<\/p>\n<p>Le style de ses \u0153uvres est un motif en constante expansion et a influenc\u00e9 la culture pop japonaise comme l'animation et les mangas. Il pense que tout est ordonn\u00e9, comme la photographie et le ventre. Chaque vie a aussi une r\u00e9citation.<\/p>\n<p>Le fantaisiste Utamaro saisit son motif ascendant sans fin comme l'imagination sans fin et l'ego de l'\u00eatre humain. Pour lui,<br \/>\nrien ne peut exister sans \u00eatre coup\u00e9.<\/p>\n<p>Cependant, l'\u00eatre humain peut inconsciemment imaginer des coupes en dehors du mod\u00e8le.Imaginer quelque chose que l'on ne peut pas voir est le c\u0153ur de la cr\u00e9ativit\u00e9, de l'imagination.C'est pourquoi il continue \u00e0 cr\u00e9er le mod\u00e8le.<\/p>\n<p>Pour Fantasista Utamaro, l'universalit\u00e9 japonaise est une culture pop au m\u00eame titre que l'animation et les mangas.<br \/>\nSi ces cultures apparaissent \u00e0 des moments diff\u00e9rents, les observateurs peuvent red\u00e9couvrir quelque chose et se voir subjectivement.<\/p>\n<p>Medicom Toy utilise la technologie du transfert d'eau pour garantir un placement unique de l'impression sur chaque Be@rbrick. Cela signifie que chaque Be@rbrick sera sp\u00e9ciale et unique.<\/p>\n<p>&nbsp;<\/p>\n<p>&nbsp;<\/p>","protected":false},"excerpt":{"rendered":"<p>Be@rbrick Fantasista Utamaro R4G 400% 100% Tokyo Otaku Mode Bearbrick 2019 Fantasista Utamaro is an artist based in Brooklyn, New York, this collaboration from 2019 with Medicom Toy show is increbible Talent.This limited edition is hard to find on the market! Don&#8217;t miss this oportunity! About Fantasista Utamaro: Part of the new generation of young &hellip;<\/p>\n<p class=\"read-more\"> <a class=\"\" href=\"https:\/\/thefactoryconceptstore.com\/fr\/products\/berbrick-fantasista-utamaro-r4g-400-100-tokyo-otaku-mode-bearbrick-2019\/\"> <span class=\"screen-reader-text\">Be@rbrick Fantasista Utamaro R4G 400% 100% Tokyo Otaku Mode Bearbrick 2019<\/span> Lire la suite \"<\/a><\/p>","protected":false},"featured_media":12178,"template":"","meta":{"site-sidebar-layout":"default","site-content-layout":"default","ast-global-header-display":"","ast-banner-title-visibility":"","ast-main-header-display":"","ast-hfb-above-header-display":"","ast-hfb-below-header-display":"","ast-hfb-mobile-header-display":"","site-post-title":"","ast-breadcrumbs-content":"","ast-featured-img":"","footer-sml-layout":"","theme-transparent-header-meta":"default","adv-header-id-meta":"","stick-header-meta":"","header-above-stick-meta":"","header-main-stick-meta":"","header-below-stick-meta":""},"product_brand":[],"product_cat":[33],"product_tag":[],"class_list":{"0":"post-12176","1":"product","2":"type-product","3":"status-publish","4":"has-post-thumbnail","6":"product_cat-bearbrick","7":"desktop-align-left","8":"tablet-align-left","9":"mobile-align-left","11":"first","12":"instock","13":"shipping-taxable","14":"purchasable","15":"product-type-simple"},"_links":{"self":[{"href":"https:\/\/thefactoryconceptstore.com\/fr\/wp-json\/wp\/v2\/product\/12176","targetHints":{"allow":["GET"]}}],"collection":[{"href":"https:\/\/thefactoryconceptstore.com\/fr\/wp-json\/wp\/v2\/product"}],"about":[{"href":"https:\/\/thefactoryconceptstore.com\/fr\/wp-json\/wp\/v2\/types\/product"}],"version-history":[{"count":1,"href":"https:\/\/thefactoryconceptstore.com\/fr\/wp-json\/wp\/v2\/product\/12176\/revisions"}],"predecessor-version":[{"id":12184,"href":"https:\/\/thefactoryconceptstore.com\/fr\/wp-json\/wp\/v2\/product\/12176\/revisions\/12184"}],"wp:featuredmedia":[{"embeddable":true,"href":"https:\/\/thefactoryconceptstore.com\/fr\/wp-json\/wp\/v2\/media\/12178"}],"wp:attachment":[{"href":"https:\/\/thefactoryconceptstore.com\/fr\/wp-json\/wp\/v2\/media?parent=12176"}],"wp:term":[{"taxonomy":"product_brand","embeddable":true,"href":"https:\/\/thefactoryconceptstore.com\/fr\/wp-json\/wp\/v2\/product_brand?post=12176"},{"taxonomy":"product_cat","embeddable":true,"href":"https:\/\/thefactoryconceptstore.com\/fr\/wp-json\/wp\/v2\/product_cat?post=12176"},{"taxonomy":"product_tag","embeddable":true,"href":"https:\/\/thefactoryconceptstore.com\/fr\/wp-json\/wp\/v2\/product_tag?post=12176"}],"curies":[{"name":"wp","href":"https:\/\/api.w.org\/{rel}","templated":true}]}}